{"id":253,"date":"2021-02-25T12:04:49","date_gmt":"2021-02-25T12:04:49","guid":{"rendered":"https:\/\/riberasalud.com\/area-de-mama\/?page_id=253"},"modified":"2021-04-26T14:24:16","modified_gmt":"2021-04-26T14:24:16","slug":"que-ofrecemos","status":"publish","type":"page","link":"https:\/\/riberasalud.com\/area-de-mama\/que-ofrecemos\/","title":{"rendered":"Qu\u00e9 ofrecemos"},"content":{"rendered":"\n<div class=\"backgroundbanner backgroundbanner backgroundbanner backgroundbanner backgroundbanner backgroundbanner backgroundbanner backgroundbanner backgroundbanner backgroundbanner backgroundbanner backgroundbanner backgroundbanner backgroundbanner backgroundbanner wp-block-group backgroundbanner\"><div class=\"wp-block-group__inner-container is-layout-flow wp-block-group-is-layout-flow\">\n<p class=\"has-text-align-center\" style=\"font-size:40px\"><span class=\"ugb-highlight\" style=\"color: #4b4a4a;\">Qu\u00e9 ofrecemos<\/span><\/p>\n<\/div><\/div>\n\n\n\n<div class=\"wp-block-group\"><div class=\"wp-block-group__inner-container is-layout-flow wp-block-group-is-layout-flow\">\n<p style=\"font-size:14px\">Nuestras pacientes tienen acceso a los mejores especialistas de Europa en Radiodiagn\u00f3stico, Cirug\u00eda de Mama y Anatom\u00eda Patol\u00f3gica, entre otras especialidades.&nbsp;<\/p>\n\n\n\n<p style=\"font-size:14px\">Su caso cl\u00ednico es valorado por un equipo de 50 profesionales, los mejores en sus \u00e1reas, que trabajan en red en los diferentes centros del grupo Ribera, con criterios uniformes, una calidad excelente y la experiencia de 20 a\u00f1os en diagn\u00f3stico y abordaje de patolog\u00edas de la mama.&nbsp;<\/p>\n\n\n<div class=\"gb-grid-wrapper gb-grid-wrapper-875dc3d4\">\n<div class=\"gb-grid-column gb-grid-column-d9819c69\"><div class=\"gb-container gb-container-d9819c69\"><div class=\"gb-inside-container\">\n\n<div class=\"wp-block-image\"><figure class=\"aligncenter size-large\"><img loading=\"lazy\" decoding=\"async\" width=\"200\" height=\"200\" src=\"https:\/\/riberasalud.com\/area-de-mama\/wp-content\/uploads\/2021\/04\/mama2-01.png\" alt=\"\" class=\"wp-image-611\" srcset=\"https:\/\/riberasalud.com\/area-de-mama\/wp-content\/uploads\/2021\/04\/mama2-01.png 200w, https:\/\/riberasalud.com\/area-de-mama\/wp-content\/uploads\/2021\/04\/mama2-01-150x150.png 150w\" sizes=\"auto, (max-width: 200px) 100vw, 200px\" \/><\/figure><\/div>\n\n\n\n<p class=\"has-text-align-center has-text-color has-small-font-size\" style=\"color:#f39fa7\">Diagn\u00f3stico r\u00e1pido<\/p>\n\n<\/div><\/div><\/div>\n\n<div class=\"gb-grid-column gb-grid-column-4a8d1a4a\"><div class=\"gb-container gb-container-4a8d1a4a\"><div class=\"gb-inside-container\">\n\n<div class=\"wp-block-image\"><figure class=\"aligncenter size-large\"><img loading=\"lazy\" decoding=\"async\" width=\"200\" height=\"200\" src=\"https:\/\/riberasalud.com\/area-de-mama\/wp-content\/uploads\/2021\/04\/image.png\" alt=\"\" class=\"wp-image-750\" srcset=\"https:\/\/riberasalud.com\/area-de-mama\/wp-content\/uploads\/2021\/04\/image.png 200w, https:\/\/riberasalud.com\/area-de-mama\/wp-content\/uploads\/2021\/04\/image-150x150.png 150w\" sizes=\"auto, (max-width: 200px) 100vw, 200px\" \/><\/figure><\/div>\n\n\n\n<p class=\"has-text-align-center has-text-color has-small-font-size\" style=\"color:#f39fa7\">Mam\u00f3grafo 3D con contraste<\/p>\n\n<\/div><\/div><\/div>\n\n<div class=\"gb-grid-column gb-grid-column-32f09f4e\"><div class=\"gb-container gb-container-32f09f4e\"><div class=\"gb-inside-container\">\n\n<div class=\"wp-block-image\"><figure class=\"aligncenter size-large\"><img loading=\"lazy\" decoding=\"async\" width=\"200\" height=\"200\" src=\"https:\/\/riberasalud.com\/area-de-mama\/wp-content\/uploads\/2021\/03\/mama-03.png\" alt=\"\" class=\"wp-image-407\" srcset=\"https:\/\/riberasalud.com\/area-de-mama\/wp-content\/uploads\/2021\/03\/mama-03.png 200w, https:\/\/riberasalud.com\/area-de-mama\/wp-content\/uploads\/2021\/03\/mama-03-150x150.png 150w\" sizes=\"auto, (max-width: 200px) 100vw, 200px\" \/><\/figure><\/div>\n\n\n\n<p class=\"has-text-align-center has-text-color has-small-font-size\" style=\"color:#f39fa7\">Seguimiento y control<\/p>\n\n<\/div><\/div><\/div>\n\n<div class=\"gb-grid-column gb-grid-column-41a9d746\"><div class=\"gb-container gb-container-41a9d746\"><div class=\"gb-inside-container\">\n\n<div class=\"wp-block-image\"><figure class=\"aligncenter size-large\"><img loading=\"lazy\" decoding=\"async\" width=\"200\" height=\"200\" src=\"https:\/\/riberasalud.com\/area-de-mama\/wp-content\/uploads\/2021\/03\/mama-04.png\" alt=\"\" class=\"wp-image-406\" srcset=\"https:\/\/riberasalud.com\/area-de-mama\/wp-content\/uploads\/2021\/03\/mama-04.png 200w, https:\/\/riberasalud.com\/area-de-mama\/wp-content\/uploads\/2021\/03\/mama-04-150x150.png 150w\" sizes=\"auto, (max-width: 200px) 100vw, 200px\" \/><\/figure><\/div>\n\n\n\n<p class=\"has-text-align-center has-text-color has-small-font-size\" style=\"color:#f39fa7\">Reconstrucci\u00f3n mamaria<\/p>\n\n<\/div><\/div><\/div>\n\n<div class=\"gb-grid-column gb-grid-column-5f15bb51\"><div class=\"gb-container gb-container-5f15bb51\"><div class=\"gb-inside-container\">\n\n<div class=\"wp-block-image\"><figure class=\"aligncenter size-large\"><img loading=\"lazy\" decoding=\"async\" width=\"200\" height=\"200\" src=\"https:\/\/riberasalud.com\/area-de-mama\/wp-content\/uploads\/2021\/04\/mama2-02.png\" alt=\"\" class=\"wp-image-613\" srcset=\"https:\/\/riberasalud.com\/area-de-mama\/wp-content\/uploads\/2021\/04\/mama2-02.png 200w, https:\/\/riberasalud.com\/area-de-mama\/wp-content\/uploads\/2021\/04\/mama2-02-150x150.png 150w\" sizes=\"auto, (max-width: 200px) 100vw, 200px\" \/><\/figure><\/div>\n\n\n\n<p class=\"has-text-align-center has-text-color has-small-font-size\" style=\"color:#f39fa7\">Abordaje integral<\/p>\n\n<\/div><\/div><\/div>\n\n<div class=\"gb-grid-column gb-grid-column-37513245\"><div class=\"gb-container gb-container-37513245\"><div class=\"gb-inside-container\">\n\n<div class=\"wp-block-image\"><figure class=\"aligncenter size-large\"><img loading=\"lazy\" decoding=\"async\" width=\"200\" height=\"200\" src=\"https:\/\/riberasalud.com\/area-de-mama\/wp-content\/uploads\/2021\/03\/mama-06.png\" alt=\"\" class=\"wp-image-408\" srcset=\"https:\/\/riberasalud.com\/area-de-mama\/wp-content\/uploads\/2021\/03\/mama-06.png 200w, https:\/\/riberasalud.com\/area-de-mama\/wp-content\/uploads\/2021\/03\/mama-06-150x150.png 150w\" sizes=\"auto, (max-width: 200px) 100vw, 200px\" \/><\/figure><\/div>\n\n\n\n<p class=\"has-text-align-center has-text-color has-small-font-size\" style=\"color:#f39fa7\">Apoyo emocional<\/p>\n\n<\/div><\/div><\/div>\n\n<div class=\"gb-grid-column gb-grid-column-754beb0c\"><div class=\"gb-container gb-container-754beb0c\"><div class=\"gb-inside-container\">\n\n<div class=\"wp-block-image\"><figure class=\"aligncenter size-large\"><img loading=\"lazy\" decoding=\"async\" width=\"200\" height=\"200\" src=\"https:\/\/riberasalud.com\/area-de-mama\/wp-content\/uploads\/2021\/04\/mama2-03.png\" alt=\"\" class=\"wp-image-614\" srcset=\"https:\/\/riberasalud.com\/area-de-mama\/wp-content\/uploads\/2021\/04\/mama2-03.png 200w, https:\/\/riberasalud.com\/area-de-mama\/wp-content\/uploads\/2021\/04\/mama2-03-150x150.png 150w\" sizes=\"auto, (max-width: 200px) 100vw, 200px\" \/><\/figure><\/div>\n\n\n\n<p class=\"has-text-align-center has-text-color has-small-font-size\" style=\"color:#f39fa7\">Coach oncol\u00f3gico<\/p>\n\n<\/div><\/div><\/div>\n<\/div>\n\n\n<p style=\"font-size:14px\">Cada paciente cuenta con un equipo de profesionales que realiza un acompa\u00f1amiento permanente y personalizado a lo largo de todo el proceso cl\u00ednico. La cercan\u00eda, la comunicaci\u00f3n directa, el apoyo emocional del coach oncol\u00f3gico y el psicoonc\u00f3logo son clave para que nuestras pacientes se sientan empoderadas. Les ayudamos con la mejor tecnolog\u00eda y los profesionales m\u00e1s cualificados a afrontar su enfermedad, con unos tiempos de espera m\u00ednimos en el diagn\u00f3stico y en las intervenciones, haciendo posible lo que parece imposible. &nbsp;<\/p>\n<\/div><\/div>\n","protected":false},"excerpt":{"rendered":"<p>Qu\u00e9 ofrecemos Nuestras pacientes tienen acceso a los mejores especialistas de Europa en Radiodiagn\u00f3stico, Cirug\u00eda de Mama y Anatom\u00eda Patol\u00f3gica, entre otras especialidades.&nbsp; Su caso cl\u00ednico es valorado por un equipo de 50 profesionales, los mejores en sus \u00e1reas, que trabajan en red en los diferentes centros del grupo Ribera, con criterios uniformes, una calidad &#8230; <a title=\"Qu\u00e9 ofrecemos\" class=\"read-more\" href=\"https:\/\/riberasalud.com\/area-de-mama\/que-ofrecemos\/\" aria-label=\"Leer m\u00e1s sobre Qu\u00e9 ofrecemos\">Leer m\u00e1s<\/a><\/p>\n","protected":false},"author":2,"featured_media":0,"parent":0,"menu_order":0,"comment_status":"closed","ping_status":"closed","template":"","meta":{"_coblocks_attr":"","_coblocks_dimensions":"","_coblocks_responsive_height":"","_coblocks_accordion_ie_support":"","_uag_custom_page_level_css":"","advgb_blocks_editor_width":"","advgb_blocks_columns_visual_guide":"","_themeisle_gutenberg_block_has_review":false,"footnotes":""},"class_list":["post-253","page","type-page","status-publish"],"yoast_head":"<!-- This site is optimized with the Yoast SEO plugin v26.6 - https:\/\/yoast.com\/wordpress\/plugins\/seo\/ -->\n<title>\u25b7 Qu\u00e9 ofrecemos - Ribera Salud \u00c1rea de Mama<\/title>\n<meta name=\"description\" content=\"lll\u1405 Qu\u00e9 ofrecemos Nuestras pacientes tienen acceso a los mejores especialistas de Europa en Radiodiagn\u00f3stico, Cirug\u00eda de Mama y Anatom\u00eda Patol\u00f3gica, entre \u2705\" \/>\n<meta name=\"robots\" content=\"index, follow, max-snippet:-1, max-image-preview:large, max-video-preview:-1\" \/>\n<link rel=\"canonical\" href=\"https:\/\/riberasalud.com\/area-de-mama\/que-ofrecemos\/\" \/>\n<meta property=\"og:locale\" content=\"es_ES\" \/>\n<meta property=\"og:type\" content=\"article\" \/>\n<meta property=\"og:title\" content=\"\u25b7 Qu\u00e9 ofrecemos - Ribera Salud \u00c1rea de Mama\" \/>\n<meta property=\"og:description\" content=\"lll\u1405 Qu\u00e9 ofrecemos Nuestras pacientes tienen acceso a los mejores especialistas de Europa en Radiodiagn\u00f3stico, Cirug\u00eda de Mama y Anatom\u00eda Patol\u00f3gica, entre \u2705\" \/>\n<meta property=\"og:url\" content=\"https:\/\/riberasalud.com\/area-de-mama\/que-ofrecemos\/\" \/>\n<meta property=\"og:site_name\" content=\"Ribera Salud \u00c1rea de Mama\" \/>\n<meta property=\"article:modified_time\" content=\"2021-04-26T14:24:16+00:00\" \/>\n<meta property=\"og:image\" content=\"https:\/\/riberasalud.com\/area-de-mama\/wp-content\/uploads\/2021\/04\/mama2-01.png\" \/>\n<meta name=\"twitter:card\" content=\"summary_large_image\" \/>\n<meta name=\"twitter:label1\" content=\"Tiempo de lectura\" \/>\n\t<meta name=\"twitter:data1\" content=\"1 minuto\" \/>\n<script type=\"application\/ld+json\" class=\"yoast-schema-graph\">{\"@context\":\"https:\/\/schema.org\",\"@graph\":[{\"@type\":\"WebPage\",\"@id\":\"https:\/\/riberasalud.com\/area-de-mama\/que-ofrecemos\/\",\"url\":\"https:\/\/riberasalud.com\/area-de-mama\/que-ofrecemos\/\",\"name\":\"\u25b7 Qu\u00e9 ofrecemos - Ribera Salud \u00c1rea de Mama\",\"isPartOf\":{\"@id\":\"https:\/\/riberasalud.com\/area-de-mama\/#website\"},\"primaryImageOfPage\":{\"@id\":\"https:\/\/riberasalud.com\/area-de-mama\/que-ofrecemos\/#primaryimage\"},\"image\":{\"@id\":\"https:\/\/riberasalud.com\/area-de-mama\/que-ofrecemos\/#primaryimage\"},\"thumbnailUrl\":\"https:\/\/riberasalud.com\/area-de-mama\/wp-content\/uploads\/2021\/04\/mama2-01.png\",\"datePublished\":\"2021-02-25T12:04:49+00:00\",\"dateModified\":\"2021-04-26T14:24:16+00:00\",\"description\":\"lll\u1405 Qu\u00e9 ofrecemos Nuestras pacientes tienen acceso a los mejores especialistas de Europa en Radiodiagn\u00f3stico, Cirug\u00eda de Mama y Anatom\u00eda Patol\u00f3gica, entre \u2705\",\"breadcrumb\":{\"@id\":\"https:\/\/riberasalud.com\/area-de-mama\/que-ofrecemos\/#breadcrumb\"},\"inLanguage\":\"es\",\"potentialAction\":[{\"@type\":\"ReadAction\",\"target\":[\"https:\/\/riberasalud.com\/area-de-mama\/que-ofrecemos\/\"]}]},{\"@type\":\"ImageObject\",\"inLanguage\":\"es\",\"@id\":\"https:\/\/riberasalud.com\/area-de-mama\/que-ofrecemos\/#primaryimage\",\"url\":\"https:\/\/riberasalud.com\/area-de-mama\/wp-content\/uploads\/2021\/04\/mama2-01.png\",\"contentUrl\":\"https:\/\/riberasalud.com\/area-de-mama\/wp-content\/uploads\/2021\/04\/mama2-01.png\"},{\"@type\":\"BreadcrumbList\",\"@id\":\"https:\/\/riberasalud.com\/area-de-mama\/que-ofrecemos\/#breadcrumb\",\"itemListElement\":[{\"@type\":\"ListItem\",\"position\":1,\"name\":\"Portada\",\"item\":\"https:\/\/riberasalud.com\/area-de-mama\/\"},{\"@type\":\"ListItem\",\"position\":2,\"name\":\"Qu\u00e9 ofrecemos\"}]},{\"@type\":\"WebSite\",\"@id\":\"https:\/\/riberasalud.com\/area-de-mama\/#website\",\"url\":\"https:\/\/riberasalud.com\/area-de-mama\/\",\"name\":\"Ribera Salud \u00c1rea de Mama\",\"description\":\"\",\"publisher\":{\"@id\":\"https:\/\/riberasalud.com\/area-de-mama\/#organization\"},\"potentialAction\":[{\"@type\":\"SearchAction\",\"target\":{\"@type\":\"EntryPoint\",\"urlTemplate\":\"https:\/\/riberasalud.com\/area-de-mama\/?s={search_term_string}\"},\"query-input\":{\"@type\":\"PropertyValueSpecification\",\"valueRequired\":true,\"valueName\":\"search_term_string\"}}],\"inLanguage\":\"es\"},{\"@type\":\"Organization\",\"@id\":\"https:\/\/riberasalud.com\/area-de-mama\/#organization\",\"name\":\"Ribera Salud \u00c1rea de Mama\",\"url\":\"https:\/\/riberasalud.com\/area-de-mama\/\",\"logo\":{\"@type\":\"ImageObject\",\"inLanguage\":\"es\",\"@id\":\"https:\/\/riberasalud.com\/area-de-mama\/#\/schema\/logo\/image\/\",\"url\":\"https:\/\/riberasalud.com\/area-de-mama\/wp-content\/uploads\/2021\/02\/cropped-Logotipo-White-1.png\",\"contentUrl\":\"https:\/\/riberasalud.com\/area-de-mama\/wp-content\/uploads\/2021\/02\/cropped-Logotipo-White-1.png\",\"width\":1200,\"height\":474,\"caption\":\"Ribera Salud \u00c1rea de Mama\"},\"image\":{\"@id\":\"https:\/\/riberasalud.com\/area-de-mama\/#\/schema\/logo\/image\/\"}}]}<\/script>\n<!-- \/ Yoast SEO plugin. -->","yoast_head_json":{"title":"\u25b7 Qu\u00e9 ofrecemos - Ribera Salud \u00c1rea de Mama","description":"lll\u1405 Qu\u00e9 ofrecemos Nuestras pacientes tienen acceso a los mejores especialistas de Europa en Radiodiagn\u00f3stico, Cirug\u00eda de Mama y Anatom\u00eda Patol\u00f3gica, entre \u2705","robots":{"index":"index","follow":"follow","max-snippet":"max-snippet:-1","max-image-preview":"max-image-preview:large","max-video-preview":"max-video-preview:-1"},"canonical":"https:\/\/riberasalud.com\/area-de-mama\/que-ofrecemos\/","og_locale":"es_ES","og_type":"article","og_title":"\u25b7 Qu\u00e9 ofrecemos - Ribera Salud \u00c1rea de Mama","og_description":"lll\u1405 Qu\u00e9 ofrecemos Nuestras pacientes tienen acceso a los mejores especialistas de Europa en Radiodiagn\u00f3stico, Cirug\u00eda de Mama y Anatom\u00eda Patol\u00f3gica, entre \u2705","og_url":"https:\/\/riberasalud.com\/area-de-mama\/que-ofrecemos\/","og_site_name":"Ribera Salud \u00c1rea de Mama","article_modified_time":"2021-04-26T14:24:16+00:00","og_image":[{"url":"https:\/\/riberasalud.com\/area-de-mama\/wp-content\/uploads\/2021\/04\/mama2-01.png","type":"","width":"","height":""}],"twitter_card":"summary_large_image","twitter_misc":{"Tiempo de lectura":"1 minuto"},"schema":{"@context":"https:\/\/schema.org","@graph":[{"@type":"WebPage","@id":"https:\/\/riberasalud.com\/area-de-mama\/que-ofrecemos\/","url":"https:\/\/riberasalud.com\/area-de-mama\/que-ofrecemos\/","name":"\u25b7 Qu\u00e9 ofrecemos - Ribera Salud \u00c1rea de Mama","isPartOf":{"@id":"https:\/\/riberasalud.com\/area-de-mama\/#website"},"primaryImageOfPage":{"@id":"https:\/\/riberasalud.com\/area-de-mama\/que-ofrecemos\/#primaryimage"},"image":{"@id":"https:\/\/riberasalud.com\/area-de-mama\/que-ofrecemos\/#primaryimage"},"thumbnailUrl":"https:\/\/riberasalud.com\/area-de-mama\/wp-content\/uploads\/2021\/04\/mama2-01.png","datePublished":"2021-02-25T12:04:49+00:00","dateModified":"2021-04-26T14:24:16+00:00","description":"lll\u1405 Qu\u00e9 ofrecemos Nuestras pacientes tienen acceso a los mejores especialistas de Europa en Radiodiagn\u00f3stico, Cirug\u00eda de Mama y Anatom\u00eda Patol\u00f3gica, entre \u2705","breadcrumb":{"@id":"https:\/\/riberasalud.com\/area-de-mama\/que-ofrecemos\/#breadcrumb"},"inLanguage":"es","potentialAction":[{"@type":"ReadAction","target":["https:\/\/riberasalud.com\/area-de-mama\/que-ofrecemos\/"]}]},{"@type":"ImageObject","inLanguage":"es","@id":"https:\/\/riberasalud.com\/area-de-mama\/que-ofrecemos\/#primaryimage","url":"https:\/\/riberasalud.com\/area-de-mama\/wp-content\/uploads\/2021\/04\/mama2-01.png","contentUrl":"https:\/\/riberasalud.com\/area-de-mama\/wp-content\/uploads\/2021\/04\/mama2-01.png"},{"@type":"BreadcrumbList","@id":"https:\/\/riberasalud.com\/area-de-mama\/que-ofrecemos\/#breadcrumb","itemListElement":[{"@type":"ListItem","position":1,"name":"Portada","item":"https:\/\/riberasalud.com\/area-de-mama\/"},{"@type":"ListItem","position":2,"name":"Qu\u00e9 ofrecemos"}]},{"@type":"WebSite","@id":"https:\/\/riberasalud.com\/area-de-mama\/#website","url":"https:\/\/riberasalud.com\/area-de-mama\/","name":"Ribera Salud \u00c1rea de Mama","description":"","publisher":{"@id":"https:\/\/riberasalud.com\/area-de-mama\/#organization"},"potentialAction":[{"@type":"SearchAction","target":{"@type":"EntryPoint","urlTemplate":"https:\/\/riberasalud.com\/area-de-mama\/?s={search_term_string}"},"query-input":{"@type":"PropertyValueSpecification","valueRequired":true,"valueName":"search_term_string"}}],"inLanguage":"es"},{"@type":"Organization","@id":"https:\/\/riberasalud.com\/area-de-mama\/#organization","name":"Ribera Salud \u00c1rea de Mama","url":"https:\/\/riberasalud.com\/area-de-mama\/","logo":{"@type":"ImageObject","inLanguage":"es","@id":"https:\/\/riberasalud.com\/area-de-mama\/#\/schema\/logo\/image\/","url":"https:\/\/riberasalud.com\/area-de-mama\/wp-content\/uploads\/2021\/02\/cropped-Logotipo-White-1.png","contentUrl":"https:\/\/riberasalud.com\/area-de-mama\/wp-content\/uploads\/2021\/02\/cropped-Logotipo-White-1.png","width":1200,"height":474,"caption":"Ribera Salud \u00c1rea de Mama"},"image":{"@id":"https:\/\/riberasalud.com\/area-de-mama\/#\/schema\/logo\/image\/"}}]}},"pbg_featured_image_src":{"full":false,"thumbnail":false,"medium":false,"medium_large":false,"large":false,"xl":false,"xxl":false,"xxxl":false,"xxxxl":false,"xxxxxl":false,"1536x1536":false,"2048x2048":false},"pbg_author_info":{"display_name":"marsanchez","author_link":"https:\/\/riberasalud.com\/area-de-mama\/author\/marsanchez\/","author_img":"<img alt='marsanchez' src='https:\/\/secure.gravatar.com\/avatar\/0e2ddfa6ca50f038a905865f19439697542e5743a0628f67c9fac9c893b311be?s=128&#038;d=mm&#038;r=g' srcset='https:\/\/secure.gravatar.com\/avatar\/0e2ddfa6ca50f038a905865f19439697542e5743a0628f67c9fac9c893b311be?s=256&#038;d=mm&#038;r=g 2x' class='avatar avatar-128 photo' height='128' width='128' loading='lazy' decoding='async'\/>"},"pbg_comment_info":" No Comments","pbg_excerpt":"Qu\u00e9 ofrecemos Nuestras pacientes tienen acceso a los mejores especialistas de Europa en Radiodiagn\u00f3stico, Cirug\u00eda de Mama y Anatom\u00eda Patol\u00f3gica, entre otras especialidades.&nbsp; Su caso cl\u00ednico es valorado por un equipo de 50 profesionales, los mejores en sus \u00e1reas, que trabajan en red en los diferentes centros del grupo Ribera, con criterios uniformes, una calidad&hellip;","uagb_featured_image_src":{"full":false,"thumbnail":false,"medium":false,"medium_large":false,"large":false,"xl":false,"xxl":false,"xxxl":false,"xxxxl":false,"xxxxxl":false,"1536x1536":false,"2048x2048":false},"uagb_author_info":{"display_name":"marsanchez","author_link":"https:\/\/riberasalud.com\/area-de-mama\/author\/marsanchez\/"},"uagb_comment_info":0,"uagb_excerpt":"Qu\u00e9 ofrecemos Nuestras pacientes tienen acceso a los mejores especialistas de Europa en Radiodiagn\u00f3stico, Cirug\u00eda de Mama y Anatom\u00eda Patol\u00f3gica, entre otras especialidades.&nbsp; Su caso cl\u00ednico es valorado por un equipo de 50 profesionales, los mejores en sus \u00e1reas, que trabajan en red en los diferentes centros del grupo Ribera, con criterios uniformes, una calidad&hellip;","coauthors":[],"author_meta":{"author_link":"https:\/\/riberasalud.com\/area-de-mama\/author\/marsanchez\/","display_name":"marsanchez"},"relative_dates":{"created":"Publicado 5 a\u00f1os hace","modified":"Actualizado 5 a\u00f1os hace"},"absolute_dates":{"created":"Publicado el 25 de febrero de 2021","modified":"Actualizado el 26 de abril de 2021"},"absolute_dates_time":{"created":"Publicado el 25 de febrero de 2021 12:04","modified":"Actualizado el 26 de abril de 2021 14:24"},"featured_img_caption":"","featured_img":false,"series_order":"","_links":{"self":[{"href":"https:\/\/riberasalud.com\/area-de-mama\/wp-json\/wp\/v2\/pages\/253","targetHints":{"allow":["GET"]}}],"collection":[{"href":"https:\/\/riberasalud.com\/area-de-mama\/wp-json\/wp\/v2\/pages"}],"about":[{"href":"https:\/\/riberasalud.com\/area-de-mama\/wp-json\/wp\/v2\/types\/page"}],"author":[{"embeddable":true,"href":"https:\/\/riberasalud.com\/area-de-mama\/wp-json\/wp\/v2\/users\/2"}],"replies":[{"embeddable":true,"href":"https:\/\/riberasalud.com\/area-de-mama\/wp-json\/wp\/v2\/comments?post=253"}],"version-history":[{"count":25,"href":"https:\/\/riberasalud.com\/area-de-mama\/wp-json\/wp\/v2\/pages\/253\/revisions"}],"predecessor-version":[{"id":751,"href":"https:\/\/riberasalud.com\/area-de-mama\/wp-json\/wp\/v2\/pages\/253\/revisions\/751"}],"wp:attachment":[{"href":"https:\/\/riberasalud.com\/area-de-mama\/wp-json\/wp\/v2\/media?parent=253"}],"curies":[{"name":"wp","href":"https:\/\/api.w.org\/{rel}","templated":true}]}}