{"id":251,"date":"2021-02-25T12:04:13","date_gmt":"2021-02-25T12:04:13","guid":{"rendered":"https:\/\/riberasalud.com\/area-de-mama\/?page_id=251"},"modified":"2024-01-10T10:02:06","modified_gmt":"2024-01-10T10:02:06","slug":"colaboracion-interhospitalaria","status":"publish","type":"page","link":"https:\/\/riberasalud.com\/area-de-mama\/colaboracion-interhospitalaria\/","title":{"rendered":"Colaboraci\u00f3n interhospitalaria"},"content":{"rendered":"\n<div class=\"backgroundbanner backgroundbanner backgroundbanner backgroundbanner backgroundbanner backgroundbanner backgroundbanner backgroundbanner backgroundbanner wp-block-group backgroundbanner\"><div class=\"wp-block-group__inner-container is-layout-flow wp-block-group-is-layout-flow\">\n<p class=\"has-text-align-center\" style=\"font-size:40px\"><span class=\"ugb-highlight\" style=\"color: #4b4a4a;\">Colaboraci\u00f3n interhospitalaria<\/span><\/p>\n<\/div><\/div>\n\n\n\n<div class=\"wp-block-group\"><div class=\"wp-block-group__inner-container is-layout-flow wp-block-group-is-layout-flow\">\n<div class=\"wp-block-columns is-layout-flex wp-container-core-columns-is-layout-9d6595d7 wp-block-columns-is-layout-flex\">\n<div class=\"wp-block-column is-layout-flow wp-block-column-is-layout-flow\" style=\"flex-basis:50%\">\n<p style=\"font-size:14px\">El \u00c1rea de la Mama de Ribera aporta un valor diferencial sin precedentes en el panorama del abordaje integral del c\u00e1ncer de mama en Espa\u00f1a: la conexi\u00f3n interhospitalaria, tanto por especialidades como multidisciplinar. El objetivo de esta filosof\u00eda de trabajo es la confrontaci\u00f3n de ideas, compartir conocimiento y experiencia cl\u00ednica y unificar criterios de abordaje de acuerdo a la \u00faltima vanguardia en el tratamiento del c\u00e1ncer de mama.<\/p>\n\n\n\n<p style=\"font-size:14px\">Esta nueva forma de trabajo se basa en la comunicaci\u00f3n permanente entre profesionales, presencial o telem\u00e1tica, ya sea dentro de una misma especialidad o del grupo multidisciplinar, compartiendo los \u00faltimos avances y confrontando la experiencia con las ideas m\u00e1s avanzadas a nivel internacional.&nbsp;<\/p>\n\n\n\n<p style=\"font-size:14px\"><strong>Distintos puntos de vista, una \u00fanica discusi\u00f3n: el tratamiento m\u00e1s personalizado y vanguardista<\/strong><\/p>\n\n\n\n<p style=\"font-size:14px\">Esta interconexi\u00f3n tiene como objetivo cl\u00ednico la unificaci\u00f3n de criterios tanto diagn\u00f3sticos como terap\u00e9uticos para proponer un tratamiento individualizado y adaptado a cada paciente, revisado por los m\u00e1s de 50 profesionales que componen el grupo multidisciplinar.<br>Las opiniones contrastadas, las reflexiones y soluciones compartidas, alineadas y valoradas entre los diferentes profesionales, mejoran calidad asistencial y garantizan la seguridad cl\u00ednica de manera uniforme a todas las pacientes, independientemente del hospital en el que se encuentren.<\/p>\n<\/div>\n\n\n\n<div class=\"wp-block-column is-layout-flow wp-block-column-is-layout-flow\" style=\"flex-basis:50%\">\n<figure class=\"wp-block-image size-large fotoredonda\"><img loading=\"lazy\" decoding=\"async\" width=\"1000\" height=\"663\" src=\"https:\/\/riberasalud.com\/area-de-mama\/wp-content\/uploads\/2021\/04\/Comite-de-tumores-02.jpg\" alt=\"\" class=\"wp-image-546\" srcset=\"https:\/\/riberasalud.com\/area-de-mama\/wp-content\/uploads\/2021\/04\/Comite-de-tumores-02.jpg 1000w, https:\/\/riberasalud.com\/area-de-mama\/wp-content\/uploads\/2021\/04\/Comite-de-tumores-02-300x199.jpg 300w, https:\/\/riberasalud.com\/area-de-mama\/wp-content\/uploads\/2021\/04\/Comite-de-tumores-02-768x509.jpg 768w\" sizes=\"auto, (max-width: 1000px) 100vw, 1000px\" \/><\/figure>\n<\/div>\n<\/div>\n\n\n\n<div class=\"wp-block-image\"><figure class=\"aligncenter size-large\"><img loading=\"lazy\" decoding=\"async\" width=\"1000\" height=\"1000\" src=\"https:\/\/www.riberasalud.com\/area-de-mama\/wp-content\/uploads\/2024\/01\/mapa2_Mesa-de-trabajo-1.png\" alt=\"\" class=\"wp-image-16118\" srcset=\"https:\/\/riberasalud.com\/area-de-mama\/wp-content\/uploads\/2024\/01\/mapa2_Mesa-de-trabajo-1.png 1000w, https:\/\/riberasalud.com\/area-de-mama\/wp-content\/uploads\/2024\/01\/mapa2_Mesa-de-trabajo-1-300x300.png 300w, https:\/\/riberasalud.com\/area-de-mama\/wp-content\/uploads\/2024\/01\/mapa2_Mesa-de-trabajo-1-150x150.png 150w, https:\/\/riberasalud.com\/area-de-mama\/wp-content\/uploads\/2024\/01\/mapa2_Mesa-de-trabajo-1-768x768.png 768w\" sizes=\"auto, (max-width: 1000px) 100vw, 1000px\" \/><\/figure><\/div>\n<\/div><\/div>\n","protected":false},"excerpt":{"rendered":"<p>Colaboraci\u00f3n interhospitalaria El \u00c1rea de la Mama de Ribera aporta un valor diferencial sin precedentes en el panorama del abordaje integral del c\u00e1ncer de mama en Espa\u00f1a: la conexi\u00f3n interhospitalaria, tanto por especialidades como multidisciplinar. El objetivo de esta filosof\u00eda de trabajo es la confrontaci\u00f3n de ideas, compartir conocimiento y experiencia cl\u00ednica y unificar criterios &#8230; <a title=\"Colaboraci\u00f3n interhospitalaria\" class=\"read-more\" href=\"https:\/\/riberasalud.com\/area-de-mama\/colaboracion-interhospitalaria\/\" aria-label=\"Leer m\u00e1s sobre Colaboraci\u00f3n interhospitalaria\">Leer m\u00e1s<\/a><\/p>\n","protected":false},"author":2,"featured_media":0,"parent":0,"menu_order":0,"comment_status":"closed","ping_status":"closed","template":"","meta":{"_coblocks_attr":"","_coblocks_dimensions":"","_coblocks_responsive_height":"","_coblocks_accordion_ie_support":"","_uag_custom_page_level_css":"","advgb_blocks_editor_width":"","advgb_blocks_columns_visual_guide":"","_themeisle_gutenberg_block_has_review":false,"footnotes":""},"class_list":["post-251","page","type-page","status-publish"],"yoast_head":"<!-- This site is optimized with the Yoast SEO plugin v26.6 - https:\/\/yoast.com\/wordpress\/plugins\/seo\/ -->\n<title>\u25b7 Colaboraci\u00f3n interhospitalaria - Ribera Salud \u00c1rea de Mama<\/title>\n<meta name=\"description\" content=\"lll\u1405 Colaboraci\u00f3n interhospitalaria El \u00c1rea de la Mama de Ribera aporta un valor diferencial sin precedentes en el panorama del abordaje integral del c\u00e1ncer de \u2705\" \/>\n<meta name=\"robots\" content=\"index, follow, max-snippet:-1, max-image-preview:large, max-video-preview:-1\" \/>\n<link rel=\"canonical\" href=\"https:\/\/riberasalud.com\/area-de-mama\/colaboracion-interhospitalaria\/\" \/>\n<meta property=\"og:locale\" content=\"es_ES\" \/>\n<meta property=\"og:type\" content=\"article\" \/>\n<meta property=\"og:title\" content=\"\u25b7 Colaboraci\u00f3n interhospitalaria - Ribera Salud \u00c1rea de Mama\" \/>\n<meta property=\"og:description\" content=\"lll\u1405 Colaboraci\u00f3n interhospitalaria El \u00c1rea de la Mama de Ribera aporta un valor diferencial sin precedentes en el panorama del abordaje integral del c\u00e1ncer de \u2705\" \/>\n<meta property=\"og:url\" content=\"https:\/\/riberasalud.com\/area-de-mama\/colaboracion-interhospitalaria\/\" \/>\n<meta property=\"og:site_name\" content=\"Ribera Salud \u00c1rea de Mama\" \/>\n<meta property=\"article:modified_time\" content=\"2024-01-10T10:02:06+00:00\" \/>\n<meta property=\"og:image\" content=\"https:\/\/riberasalud.com\/area-de-mama\/wp-content\/uploads\/2021\/04\/Comite-de-tumores-02.jpg\" \/>\n<meta name=\"twitter:card\" content=\"summary_large_image\" \/>\n<meta name=\"twitter:label1\" content=\"Tiempo de lectura\" \/>\n\t<meta name=\"twitter:data1\" content=\"2 minutos\" \/>\n<script type=\"application\/ld+json\" class=\"yoast-schema-graph\">{\"@context\":\"https:\/\/schema.org\",\"@graph\":[{\"@type\":\"WebPage\",\"@id\":\"https:\/\/riberasalud.com\/area-de-mama\/colaboracion-interhospitalaria\/\",\"url\":\"https:\/\/riberasalud.com\/area-de-mama\/colaboracion-interhospitalaria\/\",\"name\":\"\u25b7 Colaboraci\u00f3n interhospitalaria - Ribera Salud \u00c1rea de Mama\",\"isPartOf\":{\"@id\":\"https:\/\/riberasalud.com\/area-de-mama\/#website\"},\"primaryImageOfPage\":{\"@id\":\"https:\/\/riberasalud.com\/area-de-mama\/colaboracion-interhospitalaria\/#primaryimage\"},\"image\":{\"@id\":\"https:\/\/riberasalud.com\/area-de-mama\/colaboracion-interhospitalaria\/#primaryimage\"},\"thumbnailUrl\":\"https:\/\/riberasalud.com\/area-de-mama\/wp-content\/uploads\/2021\/04\/Comite-de-tumores-02.jpg\",\"datePublished\":\"2021-02-25T12:04:13+00:00\",\"dateModified\":\"2024-01-10T10:02:06+00:00\",\"description\":\"lll\u1405 Colaboraci\u00f3n interhospitalaria El \u00c1rea de la Mama de Ribera aporta un valor diferencial sin precedentes en el panorama del abordaje integral del c\u00e1ncer de \u2705\",\"breadcrumb\":{\"@id\":\"https:\/\/riberasalud.com\/area-de-mama\/colaboracion-interhospitalaria\/#breadcrumb\"},\"inLanguage\":\"es\",\"potentialAction\":[{\"@type\":\"ReadAction\",\"target\":[\"https:\/\/riberasalud.com\/area-de-mama\/colaboracion-interhospitalaria\/\"]}]},{\"@type\":\"ImageObject\",\"inLanguage\":\"es\",\"@id\":\"https:\/\/riberasalud.com\/area-de-mama\/colaboracion-interhospitalaria\/#primaryimage\",\"url\":\"https:\/\/riberasalud.com\/area-de-mama\/wp-content\/uploads\/2021\/04\/Comite-de-tumores-02.jpg\",\"contentUrl\":\"https:\/\/riberasalud.com\/area-de-mama\/wp-content\/uploads\/2021\/04\/Comite-de-tumores-02.jpg\"},{\"@type\":\"BreadcrumbList\",\"@id\":\"https:\/\/riberasalud.com\/area-de-mama\/colaboracion-interhospitalaria\/#breadcrumb\",\"itemListElement\":[{\"@type\":\"ListItem\",\"position\":1,\"name\":\"Portada\",\"item\":\"https:\/\/riberasalud.com\/area-de-mama\/\"},{\"@type\":\"ListItem\",\"position\":2,\"name\":\"Colaboraci\u00f3n interhospitalaria\"}]},{\"@type\":\"WebSite\",\"@id\":\"https:\/\/riberasalud.com\/area-de-mama\/#website\",\"url\":\"https:\/\/riberasalud.com\/area-de-mama\/\",\"name\":\"Ribera Salud \u00c1rea de Mama\",\"description\":\"\",\"publisher\":{\"@id\":\"https:\/\/riberasalud.com\/area-de-mama\/#organization\"},\"potentialAction\":[{\"@type\":\"SearchAction\",\"target\":{\"@type\":\"EntryPoint\",\"urlTemplate\":\"https:\/\/riberasalud.com\/area-de-mama\/?s={search_term_string}\"},\"query-input\":{\"@type\":\"PropertyValueSpecification\",\"valueRequired\":true,\"valueName\":\"search_term_string\"}}],\"inLanguage\":\"es\"},{\"@type\":\"Organization\",\"@id\":\"https:\/\/riberasalud.com\/area-de-mama\/#organization\",\"name\":\"Ribera Salud \u00c1rea de Mama\",\"url\":\"https:\/\/riberasalud.com\/area-de-mama\/\",\"logo\":{\"@type\":\"ImageObject\",\"inLanguage\":\"es\",\"@id\":\"https:\/\/riberasalud.com\/area-de-mama\/#\/schema\/logo\/image\/\",\"url\":\"https:\/\/riberasalud.com\/area-de-mama\/wp-content\/uploads\/2021\/02\/cropped-Logotipo-White-1.png\",\"contentUrl\":\"https:\/\/riberasalud.com\/area-de-mama\/wp-content\/uploads\/2021\/02\/cropped-Logotipo-White-1.png\",\"width\":1200,\"height\":474,\"caption\":\"Ribera Salud \u00c1rea de Mama\"},\"image\":{\"@id\":\"https:\/\/riberasalud.com\/area-de-mama\/#\/schema\/logo\/image\/\"}}]}<\/script>\n<!-- \/ Yoast SEO plugin. -->","yoast_head_json":{"title":"\u25b7 Colaboraci\u00f3n interhospitalaria - Ribera Salud \u00c1rea de Mama","description":"lll\u1405 Colaboraci\u00f3n interhospitalaria El \u00c1rea de la Mama de Ribera aporta un valor diferencial sin precedentes en el panorama del abordaje integral del c\u00e1ncer de \u2705","robots":{"index":"index","follow":"follow","max-snippet":"max-snippet:-1","max-image-preview":"max-image-preview:large","max-video-preview":"max-video-preview:-1"},"canonical":"https:\/\/riberasalud.com\/area-de-mama\/colaboracion-interhospitalaria\/","og_locale":"es_ES","og_type":"article","og_title":"\u25b7 Colaboraci\u00f3n interhospitalaria - Ribera Salud \u00c1rea de Mama","og_description":"lll\u1405 Colaboraci\u00f3n interhospitalaria El \u00c1rea de la Mama de Ribera aporta un valor diferencial sin precedentes en el panorama del abordaje integral del c\u00e1ncer de \u2705","og_url":"https:\/\/riberasalud.com\/area-de-mama\/colaboracion-interhospitalaria\/","og_site_name":"Ribera Salud \u00c1rea de Mama","article_modified_time":"2024-01-10T10:02:06+00:00","og_image":[{"url":"https:\/\/riberasalud.com\/area-de-mama\/wp-content\/uploads\/2021\/04\/Comite-de-tumores-02.jpg","type":"","width":"","height":""}],"twitter_card":"summary_large_image","twitter_misc":{"Tiempo de lectura":"2 minutos"},"schema":{"@context":"https:\/\/schema.org","@graph":[{"@type":"WebPage","@id":"https:\/\/riberasalud.com\/area-de-mama\/colaboracion-interhospitalaria\/","url":"https:\/\/riberasalud.com\/area-de-mama\/colaboracion-interhospitalaria\/","name":"\u25b7 Colaboraci\u00f3n interhospitalaria - Ribera Salud \u00c1rea de Mama","isPartOf":{"@id":"https:\/\/riberasalud.com\/area-de-mama\/#website"},"primaryImageOfPage":{"@id":"https:\/\/riberasalud.com\/area-de-mama\/colaboracion-interhospitalaria\/#primaryimage"},"image":{"@id":"https:\/\/riberasalud.com\/area-de-mama\/colaboracion-interhospitalaria\/#primaryimage"},"thumbnailUrl":"https:\/\/riberasalud.com\/area-de-mama\/wp-content\/uploads\/2021\/04\/Comite-de-tumores-02.jpg","datePublished":"2021-02-25T12:04:13+00:00","dateModified":"2024-01-10T10:02:06+00:00","description":"lll\u1405 Colaboraci\u00f3n interhospitalaria El \u00c1rea de la Mama de Ribera aporta un valor diferencial sin precedentes en el panorama del abordaje integral del c\u00e1ncer de \u2705","breadcrumb":{"@id":"https:\/\/riberasalud.com\/area-de-mama\/colaboracion-interhospitalaria\/#breadcrumb"},"inLanguage":"es","potentialAction":[{"@type":"ReadAction","target":["https:\/\/riberasalud.com\/area-de-mama\/colaboracion-interhospitalaria\/"]}]},{"@type":"ImageObject","inLanguage":"es","@id":"https:\/\/riberasalud.com\/area-de-mama\/colaboracion-interhospitalaria\/#primaryimage","url":"https:\/\/riberasalud.com\/area-de-mama\/wp-content\/uploads\/2021\/04\/Comite-de-tumores-02.jpg","contentUrl":"https:\/\/riberasalud.com\/area-de-mama\/wp-content\/uploads\/2021\/04\/Comite-de-tumores-02.jpg"},{"@type":"BreadcrumbList","@id":"https:\/\/riberasalud.com\/area-de-mama\/colaboracion-interhospitalaria\/#breadcrumb","itemListElement":[{"@type":"ListItem","position":1,"name":"Portada","item":"https:\/\/riberasalud.com\/area-de-mama\/"},{"@type":"ListItem","position":2,"name":"Colaboraci\u00f3n interhospitalaria"}]},{"@type":"WebSite","@id":"https:\/\/riberasalud.com\/area-de-mama\/#website","url":"https:\/\/riberasalud.com\/area-de-mama\/","name":"Ribera Salud \u00c1rea de Mama","description":"","publisher":{"@id":"https:\/\/riberasalud.com\/area-de-mama\/#organization"},"potentialAction":[{"@type":"SearchAction","target":{"@type":"EntryPoint","urlTemplate":"https:\/\/riberasalud.com\/area-de-mama\/?s={search_term_string}"},"query-input":{"@type":"PropertyValueSpecification","valueRequired":true,"valueName":"search_term_string"}}],"inLanguage":"es"},{"@type":"Organization","@id":"https:\/\/riberasalud.com\/area-de-mama\/#organization","name":"Ribera Salud \u00c1rea de Mama","url":"https:\/\/riberasalud.com\/area-de-mama\/","logo":{"@type":"ImageObject","inLanguage":"es","@id":"https:\/\/riberasalud.com\/area-de-mama\/#\/schema\/logo\/image\/","url":"https:\/\/riberasalud.com\/area-de-mama\/wp-content\/uploads\/2021\/02\/cropped-Logotipo-White-1.png","contentUrl":"https:\/\/riberasalud.com\/area-de-mama\/wp-content\/uploads\/2021\/02\/cropped-Logotipo-White-1.png","width":1200,"height":474,"caption":"Ribera Salud \u00c1rea de Mama"},"image":{"@id":"https:\/\/riberasalud.com\/area-de-mama\/#\/schema\/logo\/image\/"}}]}},"pbg_featured_image_src":{"full":false,"thumbnail":false,"medium":false,"medium_large":false,"large":false,"xl":false,"xxl":false,"xxxl":false,"xxxxl":false,"xxxxxl":false,"1536x1536":false,"2048x2048":false},"pbg_author_info":{"display_name":"marsanchez","author_link":"https:\/\/riberasalud.com\/area-de-mama\/author\/marsanchez\/","author_img":"<img alt='marsanchez' src='https:\/\/secure.gravatar.com\/avatar\/0e2ddfa6ca50f038a905865f19439697542e5743a0628f67c9fac9c893b311be?s=128&#038;d=mm&#038;r=g' srcset='https:\/\/secure.gravatar.com\/avatar\/0e2ddfa6ca50f038a905865f19439697542e5743a0628f67c9fac9c893b311be?s=256&#038;d=mm&#038;r=g 2x' class='avatar avatar-128 photo' height='128' width='128' loading='lazy' decoding='async'\/>"},"pbg_comment_info":" No Comments","pbg_excerpt":"Colaboraci\u00f3n interhospitalaria El \u00c1rea de la Mama de Ribera aporta un valor diferencial sin precedentes en el panorama del abordaje integral del c\u00e1ncer de mama en Espa\u00f1a: la conexi\u00f3n interhospitalaria, tanto por especialidades como multidisciplinar. El objetivo de esta filosof\u00eda de trabajo es la confrontaci\u00f3n de ideas, compartir conocimiento y experiencia cl\u00ednica y unificar criterios&hellip;","uagb_featured_image_src":{"full":false,"thumbnail":false,"medium":false,"medium_large":false,"large":false,"xl":false,"xxl":false,"xxxl":false,"xxxxl":false,"xxxxxl":false,"1536x1536":false,"2048x2048":false},"uagb_author_info":{"display_name":"marsanchez","author_link":"https:\/\/riberasalud.com\/area-de-mama\/author\/marsanchez\/"},"uagb_comment_info":0,"uagb_excerpt":"Colaboraci\u00f3n interhospitalaria El \u00c1rea de la Mama de Ribera aporta un valor diferencial sin precedentes en el panorama del abordaje integral del c\u00e1ncer de mama en Espa\u00f1a: la conexi\u00f3n interhospitalaria, tanto por especialidades como multidisciplinar. El objetivo de esta filosof\u00eda de trabajo es la confrontaci\u00f3n de ideas, compartir conocimiento y experiencia cl\u00ednica y unificar criterios&hellip;","coauthors":[],"author_meta":{"author_link":"https:\/\/riberasalud.com\/area-de-mama\/author\/marsanchez\/","display_name":"marsanchez"},"relative_dates":{"created":"Publicado 5 a\u00f1os hace","modified":"Actualizado 2 a\u00f1os hace"},"absolute_dates":{"created":"Publicado el 25 de febrero de 2021","modified":"Actualizado el 10 de enero de 2024"},"absolute_dates_time":{"created":"Publicado el 25 de febrero de 2021 12:04","modified":"Actualizado el 10 de enero de 2024 10:02"},"featured_img_caption":"","featured_img":false,"series_order":"","_links":{"self":[{"href":"https:\/\/riberasalud.com\/area-de-mama\/wp-json\/wp\/v2\/pages\/251","targetHints":{"allow":["GET"]}}],"collection":[{"href":"https:\/\/riberasalud.com\/area-de-mama\/wp-json\/wp\/v2\/pages"}],"about":[{"href":"https:\/\/riberasalud.com\/area-de-mama\/wp-json\/wp\/v2\/types\/page"}],"author":[{"embeddable":true,"href":"https:\/\/riberasalud.com\/area-de-mama\/wp-json\/wp\/v2\/users\/2"}],"replies":[{"embeddable":true,"href":"https:\/\/riberasalud.com\/area-de-mama\/wp-json\/wp\/v2\/comments?post=251"}],"version-history":[{"count":12,"href":"https:\/\/riberasalud.com\/area-de-mama\/wp-json\/wp\/v2\/pages\/251\/revisions"}],"predecessor-version":[{"id":16119,"href":"https:\/\/riberasalud.com\/area-de-mama\/wp-json\/wp\/v2\/pages\/251\/revisions\/16119"}],"wp:attachment":[{"href":"https:\/\/riberasalud.com\/area-de-mama\/wp-json\/wp\/v2\/media?parent=251"}],"curies":[{"name":"wp","href":"https:\/\/api.w.org\/{rel}","templated":true}]}}