{"id":249,"date":"2021-02-25T12:03:26","date_gmt":"2021-02-25T12:03:26","guid":{"rendered":"https:\/\/riberasalud.com\/area-de-mama\/?page_id=249"},"modified":"2021-09-08T09:25:04","modified_gmt":"2021-09-08T09:25:04","slug":"abordaje-integral-de-la-patologia","status":"publish","type":"page","link":"https:\/\/riberasalud.com\/area-de-mama\/abordaje-integral-de-la-patologia\/","title":{"rendered":"Abordaje integral de la patolog\u00eda"},"content":{"rendered":"\n<div class=\"backgroundbanner backgroundbanner backgroundbanner backgroundbanner backgroundbanner backgroundbanner backgroundbanner backgroundbanner backgroundbanner wp-block-group backgroundbanner\"><div class=\"wp-block-group__inner-container is-layout-flow wp-block-group-is-layout-flow\">\n<p class=\"has-text-align-center\" style=\"font-size:40px\"><span class=\"ugb-highlight\" style=\"color: #4b4a4a;\">Abordaje integral de la patolog\u00eda<\/span><\/p>\n<\/div><\/div>\n\n\n\n<div class=\"wp-block-group\"><div class=\"wp-block-group__inner-container is-layout-flow wp-block-group-is-layout-flow\">\n<div class=\"wp-block-columns is-layout-flex wp-container-core-columns-is-layout-9d6595d7 wp-block-columns-is-layout-flex\">\n<div class=\"wp-block-column is-layout-flow wp-block-column-is-layout-flow\" style=\"flex-basis:50%\">\n<p style=\"font-size:14px\">El \u00c1rea de Salud de la Mama de Ribera est\u00e1 formado por un <span style=\"color:#f39fa7\" class=\"has-inline-color\">equipo multidisciplinar <\/span>que re\u00fane a <span style=\"color:#f39fa7\" class=\"has-inline-color\">los mejores profesionales de Espa\u00f1a<\/span> en cada \u00e1rea y <span style=\"color:#f39fa7\" class=\"has-inline-color\">trabaja en l\u00ednea<\/span>, las 24 horas del d\u00eda, los 365 d\u00edas del a\u00f1o, al servicio de todas las pacientes de cualquiera de nuestros hospitales.&nbsp;<\/p>\n\n\n\n<p style=\"font-size:14px\">Disponemos de t\u00e9cnicas diagn\u00f3sticas e intervencionistas innovadoras en <span style=\"color:#f39fa7\" class=\"has-inline-color\">Radiolog\u00eda<\/span>, <span style=\"color:#f39fa7\" class=\"has-inline-color\">Patolog\u00eda<\/span>, Oncolog\u00eda diagn\u00f3stica de precisi\u00f3n y Cirug\u00eda personalizada. Somos especialistas en <span style=\"color:#f39fa7\" class=\"has-inline-color\">prevenci\u00f3n<\/span> y detecci\u00f3n precoz sobre todo en pacientes que ya han sufrido un c\u00e1ncer de mama o tienen antecedentes familiares, con t\u00e9cnicas como la mamograf\u00eda con contraste y la biopsia r\u00e1pida al vac\u00edo. El grupo cuenta con un anillo radiol\u00f3gico, que permite garantizar a nuestras pacientes la mejor tecnolog\u00eda y los mejores radi\u00f3logos para informar cada caso. Y adem\u00e1s de cuidar de la salud f\u00edsica de nuestras pacientes, nos ocupamos de su salud emocional, facilitando en cada caso una atenci\u00f3n personalizada, el apoyo de un psicoonc\u00f3logo y el soporte log\u00edstico y asistencial de una <span style=\"color:#f39fa7\" class=\"has-inline-color\">coach oncol\u00f3gica<\/span>, personal de Enfermer\u00eda que ayuda a las pacientes a resolver sus dudas durante el tratamiento, tanto en la gesti\u00f3n de citas como en los efectos secundarios o consejos sobre alimentaci\u00f3n, ejercicio y vida sexual.<\/p>\n<\/div>\n\n\n\n<div class=\"wp-block-column is-layout-flow wp-block-column-is-layout-flow\" style=\"flex-basis:50%\">\n<figure class=\"wp-block-embed is-type-video is-provider-youtube wp-block-embed-youtube wp-embed-aspect-16-9 wp-has-aspect-ratio\"><div class=\"wp-block-embed__wrapper\">\n<iframe loading=\"lazy\" title=\"C\u00c1NCER DE MAMA Diagno\u0301stico, Cirugi\u0301a y Correlacio\u0301n Radiopatolo\u0301gica\" width=\"1200\" height=\"675\" src=\"https:\/\/www.youtube.com\/embed\/11EZadANDnQ?feature=oembed\" frameborder=\"0\" allow=\"accelerometer; autoplay; clipboard-write; encrypted-media; gyroscope; picture-in-picture\" allowfullscreen><\/iframe>\n<\/div><\/figure>\n<\/div>\n<\/div>\n<\/div><\/div>\n","protected":false},"excerpt":{"rendered":"<p>Abordaje integral de la patolog\u00eda El \u00c1rea de Salud de la Mama de Ribera est\u00e1 formado por un equipo multidisciplinar que re\u00fane a los mejores profesionales de Espa\u00f1a en cada \u00e1rea y trabaja en l\u00ednea, las 24 horas del d\u00eda, los 365 d\u00edas del a\u00f1o, al servicio de todas las pacientes de cualquiera de nuestros &#8230; <a title=\"Abordaje integral de la patolog\u00eda\" class=\"read-more\" href=\"https:\/\/riberasalud.com\/area-de-mama\/abordaje-integral-de-la-patologia\/\" aria-label=\"Leer m\u00e1s sobre Abordaje integral de la patolog\u00eda\">Leer m\u00e1s<\/a><\/p>\n","protected":false},"author":2,"featured_media":0,"parent":0,"menu_order":0,"comment_status":"closed","ping_status":"closed","template":"","meta":{"_coblocks_attr":"","_coblocks_dimensions":"","_coblocks_responsive_height":"","_coblocks_accordion_ie_support":"","_uag_custom_page_level_css":"","advgb_blocks_editor_width":"","advgb_blocks_columns_visual_guide":"","_themeisle_gutenberg_block_has_review":false,"footnotes":""},"class_list":["post-249","page","type-page","status-publish"],"yoast_head":"<!-- This site is optimized with the Yoast SEO plugin v26.6 - https:\/\/yoast.com\/wordpress\/plugins\/seo\/ -->\n<title>\u25b7 Abordaje integral de la patolog\u00eda - Ribera Salud \u00c1rea de Mama<\/title>\n<meta name=\"description\" content=\"lll\u1405 Abordaje integral de la patolog\u00eda El \u00c1rea de Salud de la Mama de Ribera est\u00e1 formado por un equipo multidisciplinar que re\u00fane a los mejores profesionales \u2705\" \/>\n<meta name=\"robots\" content=\"index, follow, max-snippet:-1, max-image-preview:large, max-video-preview:-1\" \/>\n<link rel=\"canonical\" href=\"https:\/\/riberasalud.com\/area-de-mama\/abordaje-integral-de-la-patologia\/\" \/>\n<meta property=\"og:locale\" content=\"es_ES\" \/>\n<meta property=\"og:type\" content=\"article\" \/>\n<meta property=\"og:title\" content=\"\u25b7 Abordaje integral de la patolog\u00eda - Ribera Salud \u00c1rea de Mama\" \/>\n<meta property=\"og:description\" content=\"lll\u1405 Abordaje integral de la patolog\u00eda El \u00c1rea de Salud de la Mama de Ribera est\u00e1 formado por un equipo multidisciplinar que re\u00fane a los mejores profesionales \u2705\" \/>\n<meta property=\"og:url\" content=\"https:\/\/riberasalud.com\/area-de-mama\/abordaje-integral-de-la-patologia\/\" \/>\n<meta property=\"og:site_name\" content=\"Ribera Salud \u00c1rea de Mama\" \/>\n<meta property=\"article:modified_time\" content=\"2021-09-08T09:25:04+00:00\" \/>\n<meta name=\"twitter:card\" content=\"summary_large_image\" \/>\n<meta name=\"twitter:label1\" content=\"Tiempo de lectura\" \/>\n\t<meta name=\"twitter:data1\" content=\"2 minutos\" \/>\n<script type=\"application\/ld+json\" class=\"yoast-schema-graph\">{\"@context\":\"https:\/\/schema.org\",\"@graph\":[{\"@type\":\"WebPage\",\"@id\":\"https:\/\/riberasalud.com\/area-de-mama\/abordaje-integral-de-la-patologia\/\",\"url\":\"https:\/\/riberasalud.com\/area-de-mama\/abordaje-integral-de-la-patologia\/\",\"name\":\"\u25b7 Abordaje integral de la patolog\u00eda - Ribera Salud \u00c1rea de Mama\",\"isPartOf\":{\"@id\":\"https:\/\/riberasalud.com\/area-de-mama\/#website\"},\"datePublished\":\"2021-02-25T12:03:26+00:00\",\"dateModified\":\"2021-09-08T09:25:04+00:00\",\"description\":\"lll\u1405 Abordaje integral de la patolog\u00eda El \u00c1rea de Salud de la Mama de Ribera est\u00e1 formado por un equipo multidisciplinar que re\u00fane a los mejores profesionales \u2705\",\"breadcrumb\":{\"@id\":\"https:\/\/riberasalud.com\/area-de-mama\/abordaje-integral-de-la-patologia\/#breadcrumb\"},\"inLanguage\":\"es\",\"potentialAction\":[{\"@type\":\"ReadAction\",\"target\":[\"https:\/\/riberasalud.com\/area-de-mama\/abordaje-integral-de-la-patologia\/\"]}]},{\"@type\":\"BreadcrumbList\",\"@id\":\"https:\/\/riberasalud.com\/area-de-mama\/abordaje-integral-de-la-patologia\/#breadcrumb\",\"itemListElement\":[{\"@type\":\"ListItem\",\"position\":1,\"name\":\"Portada\",\"item\":\"https:\/\/riberasalud.com\/area-de-mama\/\"},{\"@type\":\"ListItem\",\"position\":2,\"name\":\"Abordaje integral de la patolog\u00eda\"}]},{\"@type\":\"WebSite\",\"@id\":\"https:\/\/riberasalud.com\/area-de-mama\/#website\",\"url\":\"https:\/\/riberasalud.com\/area-de-mama\/\",\"name\":\"Ribera Salud \u00c1rea de Mama\",\"description\":\"\",\"publisher\":{\"@id\":\"https:\/\/riberasalud.com\/area-de-mama\/#organization\"},\"potentialAction\":[{\"@type\":\"SearchAction\",\"target\":{\"@type\":\"EntryPoint\",\"urlTemplate\":\"https:\/\/riberasalud.com\/area-de-mama\/?s={search_term_string}\"},\"query-input\":{\"@type\":\"PropertyValueSpecification\",\"valueRequired\":true,\"valueName\":\"search_term_string\"}}],\"inLanguage\":\"es\"},{\"@type\":\"Organization\",\"@id\":\"https:\/\/riberasalud.com\/area-de-mama\/#organization\",\"name\":\"Ribera Salud \u00c1rea de Mama\",\"url\":\"https:\/\/riberasalud.com\/area-de-mama\/\",\"logo\":{\"@type\":\"ImageObject\",\"inLanguage\":\"es\",\"@id\":\"https:\/\/riberasalud.com\/area-de-mama\/#\/schema\/logo\/image\/\",\"url\":\"https:\/\/riberasalud.com\/area-de-mama\/wp-content\/uploads\/2021\/02\/cropped-Logotipo-White-1.png\",\"contentUrl\":\"https:\/\/riberasalud.com\/area-de-mama\/wp-content\/uploads\/2021\/02\/cropped-Logotipo-White-1.png\",\"width\":1200,\"height\":474,\"caption\":\"Ribera Salud \u00c1rea de Mama\"},\"image\":{\"@id\":\"https:\/\/riberasalud.com\/area-de-mama\/#\/schema\/logo\/image\/\"}}]}<\/script>\n<!-- \/ Yoast SEO plugin. -->","yoast_head_json":{"title":"\u25b7 Abordaje integral de la patolog\u00eda - Ribera Salud \u00c1rea de Mama","description":"lll\u1405 Abordaje integral de la patolog\u00eda El \u00c1rea de Salud de la Mama de Ribera est\u00e1 formado por un equipo multidisciplinar que re\u00fane a los mejores profesionales \u2705","robots":{"index":"index","follow":"follow","max-snippet":"max-snippet:-1","max-image-preview":"max-image-preview:large","max-video-preview":"max-video-preview:-1"},"canonical":"https:\/\/riberasalud.com\/area-de-mama\/abordaje-integral-de-la-patologia\/","og_locale":"es_ES","og_type":"article","og_title":"\u25b7 Abordaje integral de la patolog\u00eda - Ribera Salud \u00c1rea de Mama","og_description":"lll\u1405 Abordaje integral de la patolog\u00eda El \u00c1rea de Salud de la Mama de Ribera est\u00e1 formado por un equipo multidisciplinar que re\u00fane a los mejores profesionales \u2705","og_url":"https:\/\/riberasalud.com\/area-de-mama\/abordaje-integral-de-la-patologia\/","og_site_name":"Ribera Salud \u00c1rea de Mama","article_modified_time":"2021-09-08T09:25:04+00:00","twitter_card":"summary_large_image","twitter_misc":{"Tiempo de lectura":"2 minutos"},"schema":{"@context":"https:\/\/schema.org","@graph":[{"@type":"WebPage","@id":"https:\/\/riberasalud.com\/area-de-mama\/abordaje-integral-de-la-patologia\/","url":"https:\/\/riberasalud.com\/area-de-mama\/abordaje-integral-de-la-patologia\/","name":"\u25b7 Abordaje integral de la patolog\u00eda - Ribera Salud \u00c1rea de Mama","isPartOf":{"@id":"https:\/\/riberasalud.com\/area-de-mama\/#website"},"datePublished":"2021-02-25T12:03:26+00:00","dateModified":"2021-09-08T09:25:04+00:00","description":"lll\u1405 Abordaje integral de la patolog\u00eda El \u00c1rea de Salud de la Mama de Ribera est\u00e1 formado por un equipo multidisciplinar que re\u00fane a los mejores profesionales \u2705","breadcrumb":{"@id":"https:\/\/riberasalud.com\/area-de-mama\/abordaje-integral-de-la-patologia\/#breadcrumb"},"inLanguage":"es","potentialAction":[{"@type":"ReadAction","target":["https:\/\/riberasalud.com\/area-de-mama\/abordaje-integral-de-la-patologia\/"]}]},{"@type":"BreadcrumbList","@id":"https:\/\/riberasalud.com\/area-de-mama\/abordaje-integral-de-la-patologia\/#breadcrumb","itemListElement":[{"@type":"ListItem","position":1,"name":"Portada","item":"https:\/\/riberasalud.com\/area-de-mama\/"},{"@type":"ListItem","position":2,"name":"Abordaje integral de la patolog\u00eda"}]},{"@type":"WebSite","@id":"https:\/\/riberasalud.com\/area-de-mama\/#website","url":"https:\/\/riberasalud.com\/area-de-mama\/","name":"Ribera Salud \u00c1rea de Mama","description":"","publisher":{"@id":"https:\/\/riberasalud.com\/area-de-mama\/#organization"},"potentialAction":[{"@type":"SearchAction","target":{"@type":"EntryPoint","urlTemplate":"https:\/\/riberasalud.com\/area-de-mama\/?s={search_term_string}"},"query-input":{"@type":"PropertyValueSpecification","valueRequired":true,"valueName":"search_term_string"}}],"inLanguage":"es"},{"@type":"Organization","@id":"https:\/\/riberasalud.com\/area-de-mama\/#organization","name":"Ribera Salud \u00c1rea de Mama","url":"https:\/\/riberasalud.com\/area-de-mama\/","logo":{"@type":"ImageObject","inLanguage":"es","@id":"https:\/\/riberasalud.com\/area-de-mama\/#\/schema\/logo\/image\/","url":"https:\/\/riberasalud.com\/area-de-mama\/wp-content\/uploads\/2021\/02\/cropped-Logotipo-White-1.png","contentUrl":"https:\/\/riberasalud.com\/area-de-mama\/wp-content\/uploads\/2021\/02\/cropped-Logotipo-White-1.png","width":1200,"height":474,"caption":"Ribera Salud \u00c1rea de Mama"},"image":{"@id":"https:\/\/riberasalud.com\/area-de-mama\/#\/schema\/logo\/image\/"}}]}},"pbg_featured_image_src":{"full":false,"thumbnail":false,"medium":false,"medium_large":false,"large":false,"xl":false,"xxl":false,"xxxl":false,"xxxxl":false,"xxxxxl":false,"1536x1536":false,"2048x2048":false},"pbg_author_info":{"display_name":"marsanchez","author_link":"https:\/\/riberasalud.com\/area-de-mama\/author\/marsanchez\/","author_img":"<img alt='marsanchez' src='https:\/\/secure.gravatar.com\/avatar\/0e2ddfa6ca50f038a905865f19439697542e5743a0628f67c9fac9c893b311be?s=128&#038;d=mm&#038;r=g' srcset='https:\/\/secure.gravatar.com\/avatar\/0e2ddfa6ca50f038a905865f19439697542e5743a0628f67c9fac9c893b311be?s=256&#038;d=mm&#038;r=g 2x' class='avatar avatar-128 photo' height='128' width='128' loading='lazy' decoding='async'\/>"},"pbg_comment_info":" No Comments","pbg_excerpt":"Abordaje integral de la patolog\u00eda El \u00c1rea de Salud de la Mama de Ribera est\u00e1 formado por un equipo multidisciplinar que re\u00fane a los mejores profesionales de Espa\u00f1a en cada \u00e1rea y trabaja en l\u00ednea, las 24 horas del d\u00eda, los 365 d\u00edas del a\u00f1o, al servicio de todas las pacientes de cualquiera de nuestros&hellip;","uagb_featured_image_src":{"full":false,"thumbnail":false,"medium":false,"medium_large":false,"large":false,"xl":false,"xxl":false,"xxxl":false,"xxxxl":false,"xxxxxl":false,"1536x1536":false,"2048x2048":false},"uagb_author_info":{"display_name":"marsanchez","author_link":"https:\/\/riberasalud.com\/area-de-mama\/author\/marsanchez\/"},"uagb_comment_info":0,"uagb_excerpt":"Abordaje integral de la patolog\u00eda El \u00c1rea de Salud de la Mama de Ribera est\u00e1 formado por un equipo multidisciplinar que re\u00fane a los mejores profesionales de Espa\u00f1a en cada \u00e1rea y trabaja en l\u00ednea, las 24 horas del d\u00eda, los 365 d\u00edas del a\u00f1o, al servicio de todas las pacientes de cualquiera de nuestros&hellip;","coauthors":[],"author_meta":{"author_link":"https:\/\/riberasalud.com\/area-de-mama\/author\/marsanchez\/","display_name":"marsanchez"},"relative_dates":{"created":"Publicado 5 a\u00f1os hace","modified":"Actualizado 5 a\u00f1os hace"},"absolute_dates":{"created":"Publicado el 25 de febrero de 2021","modified":"Actualizado el 8 de septiembre de 2021"},"absolute_dates_time":{"created":"Publicado el 25 de febrero de 2021 12:03","modified":"Actualizado el 8 de septiembre de 2021 09:25"},"featured_img_caption":"","featured_img":false,"series_order":"","_links":{"self":[{"href":"https:\/\/riberasalud.com\/area-de-mama\/wp-json\/wp\/v2\/pages\/249","targetHints":{"allow":["GET"]}}],"collection":[{"href":"https:\/\/riberasalud.com\/area-de-mama\/wp-json\/wp\/v2\/pages"}],"about":[{"href":"https:\/\/riberasalud.com\/area-de-mama\/wp-json\/wp\/v2\/types\/page"}],"author":[{"embeddable":true,"href":"https:\/\/riberasalud.com\/area-de-mama\/wp-json\/wp\/v2\/users\/2"}],"replies":[{"embeddable":true,"href":"https:\/\/riberasalud.com\/area-de-mama\/wp-json\/wp\/v2\/comments?post=249"}],"version-history":[{"count":11,"href":"https:\/\/riberasalud.com\/area-de-mama\/wp-json\/wp\/v2\/pages\/249\/revisions"}],"predecessor-version":[{"id":814,"href":"https:\/\/riberasalud.com\/area-de-mama\/wp-json\/wp\/v2\/pages\/249\/revisions\/814"}],"wp:attachment":[{"href":"https:\/\/riberasalud.com\/area-de-mama\/wp-json\/wp\/v2\/media?parent=249"}],"curies":[{"name":"wp","href":"https:\/\/api.w.org\/{rel}","templated":true}]}}