{"id":238,"date":"2021-02-25T11:50:10","date_gmt":"2021-02-25T11:50:10","guid":{"rendered":"https:\/\/riberasalud.com\/area-de-mama\/?page_id=238"},"modified":"2021-05-19T13:14:44","modified_gmt":"2021-05-19T13:14:44","slug":"unidad-de-mama-del-hospital-universitario-del-vinalopo","status":"publish","type":"page","link":"https:\/\/riberasalud.com\/area-de-mama\/unidad-de-mama-del-hospital-universitario-del-vinalopo\/","title":{"rendered":"Unidad de Mama del Hospital Universitario del Vinalop\u00f3"},"content":{"rendered":"\n<div class=\"backgroundbanner backgroundbanner backgroundbanner backgroundbanner backgroundbanner backgroundbanner backgroundbanner backgroundbanner wp-block-group backgroundbanner\"><div class=\"wp-block-group__inner-container is-layout-flow wp-block-group-is-layout-flow\">\n<p class=\"has-text-align-center\" style=\"font-size:40px\"><span class=\"ugb-highlight\" style=\"color: #4b4a4a;\">Unidad de Mama del Hospital Universitario del Vinalop\u00f3<\/span><\/p>\n<\/div><\/div>\n\n\n\n<div class=\"wp-block-group\"><div class=\"wp-block-group__inner-container is-layout-flow wp-block-group-is-layout-flow\">\n<p style=\"font-size:14px\">Con un enfoque integral, el servicio de Oncolog\u00eda del Hospital Universitario de Vinalop\u00f3 est\u00e1 formado por un equipo de profesionales altamente cualificados y comprometido por ofrecer la mejor atenci\u00f3n durante el camino de la lucha contra el c\u00e1ncer de mama a las pacientes.&nbsp;<\/p>\n\n\n\n<p style=\"font-size:14px\">Desde una perspectiva multidisciplinar, este servicio ofrece soluciones completas a las pacientes desde que se detecta la sospecha de patolog\u00eda hasta que se finalizan las revisiones tras el tratamiento en colaboraci\u00f3n con otros equipos como Psicolog\u00eda, Radiolog\u00eda, Cirug\u00eda General, Oncolog\u00eda Radioter\u00e1pica, Fisioterapia, Enfermer\u00eda o Medicina Nuclear con el fin de ofrecer un diagn\u00f3stico lo m\u00e1s precoz posible y las soluciones a cada mujer que mejor se adapten a sus circunstancias personales.<\/p>\n\n\n\n<p style=\"font-size:14px\">El objetivo de la unidad es ofrecer la atenci\u00f3n sanitaria de mayor calidad a nivel m\u00e9dico y humano. Por ello, los profesionales que forman parte de ella tienen a su disposici\u00f3n la tecnolog\u00eda m\u00e1s innovadora y de \u00faltima generaci\u00f3n, para hacer realidad las prioridades de la filosof\u00eda de trabajo del centro:<\/p>\n\n\n\n<div class=\"wp-block-columns is-layout-flex wp-container-core-columns-is-layout-9d6595d7 wp-block-columns-is-layout-flex\">\n<div class=\"wp-block-column is-layout-flow wp-block-column-is-layout-flow\">\n<figure class=\"wp-block-image size-large fotoredonda\"><img loading=\"lazy\" decoding=\"async\" width=\"1000\" height=\"667\" src=\"https:\/\/riberasalud.com\/area-de-mama\/wp-content\/uploads\/2021\/04\/Mamografi\u0301a2.jpg\" alt=\"\" class=\"wp-image-744\" srcset=\"https:\/\/riberasalud.com\/area-de-mama\/wp-content\/uploads\/2021\/04\/Mamografi\u0301a2.jpg 1000w, https:\/\/riberasalud.com\/area-de-mama\/wp-content\/uploads\/2021\/04\/Mamografi\u0301a2-300x200.jpg 300w, https:\/\/riberasalud.com\/area-de-mama\/wp-content\/uploads\/2021\/04\/Mamografi\u0301a2-768x512.jpg 768w\" sizes=\"auto, (max-width: 1000px) 100vw, 1000px\" \/><\/figure>\n<\/div>\n\n\n\n<div class=\"wp-block-column is-layout-flow wp-block-column-is-layout-flow\">\n<figure class=\"wp-block-image size-large fotoredonda\"><img loading=\"lazy\" decoding=\"async\" width=\"1000\" height=\"667\" src=\"https:\/\/riberasalud.com\/area-de-mama\/wp-content\/uploads\/2021\/04\/Julia-Camps-1.jpg\" alt=\"\" class=\"wp-image-524\" srcset=\"https:\/\/riberasalud.com\/area-de-mama\/wp-content\/uploads\/2021\/04\/Julia-Camps-1.jpg 1000w, https:\/\/riberasalud.com\/area-de-mama\/wp-content\/uploads\/2021\/04\/Julia-Camps-1-300x200.jpg 300w, https:\/\/riberasalud.com\/area-de-mama\/wp-content\/uploads\/2021\/04\/Julia-Camps-1-768x512.jpg 768w\" sizes=\"auto, (max-width: 1000px) 100vw, 1000px\" \/><\/figure>\n<\/div>\n<\/div>\n\n\n\n<div class=\"wp-block-columns is-layout-flex wp-container-core-columns-is-layout-9d6595d7 wp-block-columns-is-layout-flex\">\n<div class=\"wp-block-column is-layout-flow wp-block-column-is-layout-flow\" style=\"flex-basis:50%\">\n<p style=\"font-size:14px\"><strong>Mam\u00f3grafo 3D con contraste. <\/strong>Una de las aplicaciones de la innovaci\u00f3n tecnol\u00f3gica de esta \u00e1rea es un mam\u00f3grafo 3D con contraste desde octubre de 2019 en el hospital del Vinalop\u00f3. Su tecnolog\u00eda permite detectar tumores ocultos en mamas densas o mamas dif\u00edciles de interpretar por haber sido sometidas a tratamiento, y realizar biopsias por tomos\u00edntesis. La sensibilidad de esta t\u00e9cnica se acerca al 100%, y es muy similar a la resonancia magn\u00e9tica, lo que proporciona a las mujeres que han tenido un c\u00e1ncer de mama las m\u00e1ximas garant\u00edas de que no ha aparecido ninguna otra lesi\u00f3n, por peque\u00f1a que sea. Adem\u00e1s, este mam\u00f3grafo es un gran avance para todas aquellas pacientes que, por diferentes circunstancias, no pueden entrar en una resonancia: pacientes con claustrofobia, que no se pueden poner boca abajo, que sufren alg\u00fan tipo de demencia, problemas card\u00edacos y\/o respiratorios o que llevan un marcapasos.<\/p>\n\n\n\n<p style=\"font-size:14px\"><strong>Reconstrucci\u00f3n mamaria.<\/strong> El Comit\u00e9 de tumores valora cada caso de forma individual para valorar la posibilidad de que el servicio de Cirug\u00eda realice la reconstrucci\u00f3n mamaria en la misma intervenci\u00f3n quir\u00fargica en la que se retira el tejido canceroso. El objetivo es que la mujer mantenga intacta su integridad f\u00edsica tras la intervenci\u00f3n.<\/p>\n<\/div>\n\n\n\n<div class=\"wp-block-column is-layout-flow wp-block-column-is-layout-flow\" style=\"flex-basis:50%\">\n<figure class=\"wp-block-image size-large fotoredonda\"><img loading=\"lazy\" decoding=\"async\" width=\"1000\" height=\"667\" src=\"https:\/\/riberasalud.com\/area-de-mama\/wp-content\/uploads\/2021\/04\/HUT_MAMOGRAFO.jpg\" alt=\"\" class=\"wp-image-522\" srcset=\"https:\/\/riberasalud.com\/area-de-mama\/wp-content\/uploads\/2021\/04\/HUT_MAMOGRAFO.jpg 1000w, https:\/\/riberasalud.com\/area-de-mama\/wp-content\/uploads\/2021\/04\/HUT_MAMOGRAFO-300x200.jpg 300w, https:\/\/riberasalud.com\/area-de-mama\/wp-content\/uploads\/2021\/04\/HUT_MAMOGRAFO-768x512.jpg 768w\" sizes=\"auto, (max-width: 1000px) 100vw, 1000px\" \/><\/figure>\n<\/div>\n<\/div>\n\n\n\n<p style=\"font-size:14px\">El Departamento de Salud del Vinalop\u00f3 al completo trabaja actualmente en la implantaci\u00f3n del Plan de Atenci\u00f3n Integral a la Mujer que se completar\u00e1 lo largo de 2021 y que, entre otras cosas, abordar\u00e1 las secuelas que produce el c\u00e1ncer de mama sobre el suelo p\u00e9lvico, la fibromialgia y otras patolog\u00edas asociadas a la mujer.<\/p>\n<\/div><\/div>\n","protected":false},"excerpt":{"rendered":"<p>Unidad de Mama del Hospital Universitario del Vinalop\u00f3 Con un enfoque integral, el servicio de Oncolog\u00eda del Hospital Universitario de Vinalop\u00f3 est\u00e1 formado por un equipo de profesionales altamente cualificados y comprometido por ofrecer la mejor atenci\u00f3n durante el camino de la lucha contra el c\u00e1ncer de mama a las pacientes.&nbsp; Desde una perspectiva multidisciplinar, &#8230; <a title=\"Unidad de Mama del Hospital Universitario del Vinalop\u00f3\" class=\"read-more\" href=\"https:\/\/riberasalud.com\/area-de-mama\/unidad-de-mama-del-hospital-universitario-del-vinalopo\/\" aria-label=\"Leer m\u00e1s sobre Unidad de Mama del Hospital Universitario del Vinalop\u00f3\">Leer m\u00e1s<\/a><\/p>\n","protected":false},"author":2,"featured_media":0,"parent":0,"menu_order":0,"comment_status":"closed","ping_status":"closed","template":"","meta":{"_coblocks_attr":"","_coblocks_dimensions":"","_coblocks_responsive_height":"","_coblocks_accordion_ie_support":"","_uag_custom_page_level_css":"","advgb_blocks_editor_width":"","advgb_blocks_columns_visual_guide":"","_themeisle_gutenberg_block_has_review":false,"footnotes":""},"class_list":["post-238","page","type-page","status-publish"],"yoast_head":"<!-- This site is optimized with the Yoast SEO plugin v26.6 - https:\/\/yoast.com\/wordpress\/plugins\/seo\/ -->\n<title>\u25b7 Unidad de Mama del Hospital Universitario del Vinalop\u00f3 - Ribera Salud \u00c1rea de Mama<\/title>\n<meta name=\"description\" content=\"lll\u1405 Unidad de Mama del Hospital Universitario del Vinalop\u00f3 Con un enfoque integral, el servicio de Oncolog\u00eda del Hospital Universitario de Vinalop\u00f3 est\u00e1 \u2705\" \/>\n<meta name=\"robots\" content=\"index, follow, max-snippet:-1, max-image-preview:large, max-video-preview:-1\" \/>\n<link rel=\"canonical\" href=\"https:\/\/riberasalud.com\/area-de-mama\/unidad-de-mama-del-hospital-universitario-del-vinalopo\/\" \/>\n<meta property=\"og:locale\" content=\"es_ES\" \/>\n<meta property=\"og:type\" content=\"article\" \/>\n<meta property=\"og:title\" content=\"\u25b7 Unidad de Mama del Hospital Universitario del Vinalop\u00f3 - Ribera Salud \u00c1rea de Mama\" \/>\n<meta property=\"og:description\" content=\"lll\u1405 Unidad de Mama del Hospital Universitario del Vinalop\u00f3 Con un enfoque integral, el servicio de Oncolog\u00eda del Hospital Universitario de Vinalop\u00f3 est\u00e1 \u2705\" \/>\n<meta property=\"og:url\" content=\"https:\/\/riberasalud.com\/area-de-mama\/unidad-de-mama-del-hospital-universitario-del-vinalopo\/\" \/>\n<meta property=\"og:site_name\" content=\"Ribera Salud \u00c1rea de Mama\" \/>\n<meta property=\"article:modified_time\" content=\"2021-05-19T13:14:44+00:00\" \/>\n<meta property=\"og:image\" content=\"https:\/\/riberasalud.com\/area-de-mama\/wp-content\/uploads\/2021\/04\/Julia-Camps-1.jpg\" \/>\n<meta name=\"twitter:card\" content=\"summary_large_image\" \/>\n<meta name=\"twitter:label1\" content=\"Tiempo de lectura\" \/>\n\t<meta name=\"twitter:data1\" content=\"2 minutos\" \/>\n<script type=\"application\/ld+json\" class=\"yoast-schema-graph\">{\"@context\":\"https:\/\/schema.org\",\"@graph\":[{\"@type\":\"WebPage\",\"@id\":\"https:\/\/riberasalud.com\/area-de-mama\/unidad-de-mama-del-hospital-universitario-del-vinalopo\/\",\"url\":\"https:\/\/riberasalud.com\/area-de-mama\/unidad-de-mama-del-hospital-universitario-del-vinalopo\/\",\"name\":\"\u25b7 Unidad de Mama del Hospital Universitario del Vinalop\u00f3 - Ribera Salud \u00c1rea de Mama\",\"isPartOf\":{\"@id\":\"https:\/\/riberasalud.com\/area-de-mama\/#website\"},\"primaryImageOfPage\":{\"@id\":\"https:\/\/riberasalud.com\/area-de-mama\/unidad-de-mama-del-hospital-universitario-del-vinalopo\/#primaryimage\"},\"image\":{\"@id\":\"https:\/\/riberasalud.com\/area-de-mama\/unidad-de-mama-del-hospital-universitario-del-vinalopo\/#primaryimage\"},\"thumbnailUrl\":\"https:\/\/riberasalud.com\/area-de-mama\/wp-content\/uploads\/2021\/04\/Julia-Camps-1.jpg\",\"datePublished\":\"2021-02-25T11:50:10+00:00\",\"dateModified\":\"2021-05-19T13:14:44+00:00\",\"description\":\"lll\u1405 Unidad de Mama del Hospital Universitario del Vinalop\u00f3 Con un enfoque integral, el servicio de Oncolog\u00eda del Hospital Universitario de Vinalop\u00f3 est\u00e1 \u2705\",\"breadcrumb\":{\"@id\":\"https:\/\/riberasalud.com\/area-de-mama\/unidad-de-mama-del-hospital-universitario-del-vinalopo\/#breadcrumb\"},\"inLanguage\":\"es\",\"potentialAction\":[{\"@type\":\"ReadAction\",\"target\":[\"https:\/\/riberasalud.com\/area-de-mama\/unidad-de-mama-del-hospital-universitario-del-vinalopo\/\"]}]},{\"@type\":\"ImageObject\",\"inLanguage\":\"es\",\"@id\":\"https:\/\/riberasalud.com\/area-de-mama\/unidad-de-mama-del-hospital-universitario-del-vinalopo\/#primaryimage\",\"url\":\"https:\/\/riberasalud.com\/area-de-mama\/wp-content\/uploads\/2021\/04\/Julia-Camps-1.jpg\",\"contentUrl\":\"https:\/\/riberasalud.com\/area-de-mama\/wp-content\/uploads\/2021\/04\/Julia-Camps-1.jpg\"},{\"@type\":\"BreadcrumbList\",\"@id\":\"https:\/\/riberasalud.com\/area-de-mama\/unidad-de-mama-del-hospital-universitario-del-vinalopo\/#breadcrumb\",\"itemListElement\":[{\"@type\":\"ListItem\",\"position\":1,\"name\":\"Portada\",\"item\":\"https:\/\/riberasalud.com\/area-de-mama\/\"},{\"@type\":\"ListItem\",\"position\":2,\"name\":\"Unidad de Mama del Hospital Universitario del Vinalop\u00f3\"}]},{\"@type\":\"WebSite\",\"@id\":\"https:\/\/riberasalud.com\/area-de-mama\/#website\",\"url\":\"https:\/\/riberasalud.com\/area-de-mama\/\",\"name\":\"Ribera Salud \u00c1rea de Mama\",\"description\":\"\",\"publisher\":{\"@id\":\"https:\/\/riberasalud.com\/area-de-mama\/#organization\"},\"potentialAction\":[{\"@type\":\"SearchAction\",\"target\":{\"@type\":\"EntryPoint\",\"urlTemplate\":\"https:\/\/riberasalud.com\/area-de-mama\/?s={search_term_string}\"},\"query-input\":{\"@type\":\"PropertyValueSpecification\",\"valueRequired\":true,\"valueName\":\"search_term_string\"}}],\"inLanguage\":\"es\"},{\"@type\":\"Organization\",\"@id\":\"https:\/\/riberasalud.com\/area-de-mama\/#organization\",\"name\":\"Ribera Salud \u00c1rea de Mama\",\"url\":\"https:\/\/riberasalud.com\/area-de-mama\/\",\"logo\":{\"@type\":\"ImageObject\",\"inLanguage\":\"es\",\"@id\":\"https:\/\/riberasalud.com\/area-de-mama\/#\/schema\/logo\/image\/\",\"url\":\"https:\/\/riberasalud.com\/area-de-mama\/wp-content\/uploads\/2021\/02\/cropped-Logotipo-White-1.png\",\"contentUrl\":\"https:\/\/riberasalud.com\/area-de-mama\/wp-content\/uploads\/2021\/02\/cropped-Logotipo-White-1.png\",\"width\":1200,\"height\":474,\"caption\":\"Ribera Salud \u00c1rea de Mama\"},\"image\":{\"@id\":\"https:\/\/riberasalud.com\/area-de-mama\/#\/schema\/logo\/image\/\"}}]}<\/script>\n<!-- \/ Yoast SEO plugin. -->","yoast_head_json":{"title":"\u25b7 Unidad de Mama del Hospital Universitario del Vinalop\u00f3 - Ribera Salud \u00c1rea de Mama","description":"lll\u1405 Unidad de Mama del Hospital Universitario del Vinalop\u00f3 Con un enfoque integral, el servicio de Oncolog\u00eda del Hospital Universitario de Vinalop\u00f3 est\u00e1 \u2705","robots":{"index":"index","follow":"follow","max-snippet":"max-snippet:-1","max-image-preview":"max-image-preview:large","max-video-preview":"max-video-preview:-1"},"canonical":"https:\/\/riberasalud.com\/area-de-mama\/unidad-de-mama-del-hospital-universitario-del-vinalopo\/","og_locale":"es_ES","og_type":"article","og_title":"\u25b7 Unidad de Mama del Hospital Universitario del Vinalop\u00f3 - Ribera Salud \u00c1rea de Mama","og_description":"lll\u1405 Unidad de Mama del Hospital Universitario del Vinalop\u00f3 Con un enfoque integral, el servicio de Oncolog\u00eda del Hospital Universitario de Vinalop\u00f3 est\u00e1 \u2705","og_url":"https:\/\/riberasalud.com\/area-de-mama\/unidad-de-mama-del-hospital-universitario-del-vinalopo\/","og_site_name":"Ribera Salud \u00c1rea de Mama","article_modified_time":"2021-05-19T13:14:44+00:00","og_image":[{"url":"https:\/\/riberasalud.com\/area-de-mama\/wp-content\/uploads\/2021\/04\/Julia-Camps-1.jpg","type":"","width":"","height":""}],"twitter_card":"summary_large_image","twitter_misc":{"Tiempo de lectura":"2 minutos"},"schema":{"@context":"https:\/\/schema.org","@graph":[{"@type":"WebPage","@id":"https:\/\/riberasalud.com\/area-de-mama\/unidad-de-mama-del-hospital-universitario-del-vinalopo\/","url":"https:\/\/riberasalud.com\/area-de-mama\/unidad-de-mama-del-hospital-universitario-del-vinalopo\/","name":"\u25b7 Unidad de Mama del Hospital Universitario del Vinalop\u00f3 - Ribera Salud \u00c1rea de Mama","isPartOf":{"@id":"https:\/\/riberasalud.com\/area-de-mama\/#website"},"primaryImageOfPage":{"@id":"https:\/\/riberasalud.com\/area-de-mama\/unidad-de-mama-del-hospital-universitario-del-vinalopo\/#primaryimage"},"image":{"@id":"https:\/\/riberasalud.com\/area-de-mama\/unidad-de-mama-del-hospital-universitario-del-vinalopo\/#primaryimage"},"thumbnailUrl":"https:\/\/riberasalud.com\/area-de-mama\/wp-content\/uploads\/2021\/04\/Julia-Camps-1.jpg","datePublished":"2021-02-25T11:50:10+00:00","dateModified":"2021-05-19T13:14:44+00:00","description":"lll\u1405 Unidad de Mama del Hospital Universitario del Vinalop\u00f3 Con un enfoque integral, el servicio de Oncolog\u00eda del Hospital Universitario de Vinalop\u00f3 est\u00e1 \u2705","breadcrumb":{"@id":"https:\/\/riberasalud.com\/area-de-mama\/unidad-de-mama-del-hospital-universitario-del-vinalopo\/#breadcrumb"},"inLanguage":"es","potentialAction":[{"@type":"ReadAction","target":["https:\/\/riberasalud.com\/area-de-mama\/unidad-de-mama-del-hospital-universitario-del-vinalopo\/"]}]},{"@type":"ImageObject","inLanguage":"es","@id":"https:\/\/riberasalud.com\/area-de-mama\/unidad-de-mama-del-hospital-universitario-del-vinalopo\/#primaryimage","url":"https:\/\/riberasalud.com\/area-de-mama\/wp-content\/uploads\/2021\/04\/Julia-Camps-1.jpg","contentUrl":"https:\/\/riberasalud.com\/area-de-mama\/wp-content\/uploads\/2021\/04\/Julia-Camps-1.jpg"},{"@type":"BreadcrumbList","@id":"https:\/\/riberasalud.com\/area-de-mama\/unidad-de-mama-del-hospital-universitario-del-vinalopo\/#breadcrumb","itemListElement":[{"@type":"ListItem","position":1,"name":"Portada","item":"https:\/\/riberasalud.com\/area-de-mama\/"},{"@type":"ListItem","position":2,"name":"Unidad de Mama del Hospital Universitario del Vinalop\u00f3"}]},{"@type":"WebSite","@id":"https:\/\/riberasalud.com\/area-de-mama\/#website","url":"https:\/\/riberasalud.com\/area-de-mama\/","name":"Ribera Salud \u00c1rea de Mama","description":"","publisher":{"@id":"https:\/\/riberasalud.com\/area-de-mama\/#organization"},"potentialAction":[{"@type":"SearchAction","target":{"@type":"EntryPoint","urlTemplate":"https:\/\/riberasalud.com\/area-de-mama\/?s={search_term_string}"},"query-input":{"@type":"PropertyValueSpecification","valueRequired":true,"valueName":"search_term_string"}}],"inLanguage":"es"},{"@type":"Organization","@id":"https:\/\/riberasalud.com\/area-de-mama\/#organization","name":"Ribera Salud \u00c1rea de Mama","url":"https:\/\/riberasalud.com\/area-de-mama\/","logo":{"@type":"ImageObject","inLanguage":"es","@id":"https:\/\/riberasalud.com\/area-de-mama\/#\/schema\/logo\/image\/","url":"https:\/\/riberasalud.com\/area-de-mama\/wp-content\/uploads\/2021\/02\/cropped-Logotipo-White-1.png","contentUrl":"https:\/\/riberasalud.com\/area-de-mama\/wp-content\/uploads\/2021\/02\/cropped-Logotipo-White-1.png","width":1200,"height":474,"caption":"Ribera Salud \u00c1rea de Mama"},"image":{"@id":"https:\/\/riberasalud.com\/area-de-mama\/#\/schema\/logo\/image\/"}}]}},"pbg_featured_image_src":{"full":false,"thumbnail":false,"medium":false,"medium_large":false,"large":false,"xl":false,"xxl":false,"xxxl":false,"xxxxl":false,"xxxxxl":false,"1536x1536":false,"2048x2048":false},"pbg_author_info":{"display_name":"marsanchez","author_link":"https:\/\/riberasalud.com\/area-de-mama\/author\/marsanchez\/","author_img":"<img alt='marsanchez' src='https:\/\/secure.gravatar.com\/avatar\/0e2ddfa6ca50f038a905865f19439697542e5743a0628f67c9fac9c893b311be?s=128&#038;d=mm&#038;r=g' srcset='https:\/\/secure.gravatar.com\/avatar\/0e2ddfa6ca50f038a905865f19439697542e5743a0628f67c9fac9c893b311be?s=256&#038;d=mm&#038;r=g 2x' class='avatar avatar-128 photo' height='128' width='128' loading='lazy' decoding='async'\/>"},"pbg_comment_info":" No Comments","pbg_excerpt":"Unidad de Mama del Hospital Universitario del Vinalop\u00f3 Con un enfoque integral, el servicio de Oncolog\u00eda del Hospital Universitario de Vinalop\u00f3 est\u00e1 formado por un equipo de profesionales altamente cualificados y comprometido por ofrecer la mejor atenci\u00f3n durante el camino de la lucha contra el c\u00e1ncer de mama a las pacientes.&nbsp; Desde una perspectiva multidisciplinar,&hellip;","uagb_featured_image_src":{"full":false,"thumbnail":false,"medium":false,"medium_large":false,"large":false,"xl":false,"xxl":false,"xxxl":false,"xxxxl":false,"xxxxxl":false,"1536x1536":false,"2048x2048":false},"uagb_author_info":{"display_name":"marsanchez","author_link":"https:\/\/riberasalud.com\/area-de-mama\/author\/marsanchez\/"},"uagb_comment_info":0,"uagb_excerpt":"Unidad de Mama del Hospital Universitario del Vinalop\u00f3 Con un enfoque integral, el servicio de Oncolog\u00eda del Hospital Universitario de Vinalop\u00f3 est\u00e1 formado por un equipo de profesionales altamente cualificados y comprometido por ofrecer la mejor atenci\u00f3n durante el camino de la lucha contra el c\u00e1ncer de mama a las pacientes.&nbsp; Desde una perspectiva multidisciplinar,&hellip;","coauthors":[],"author_meta":{"author_link":"https:\/\/riberasalud.com\/area-de-mama\/author\/marsanchez\/","display_name":"marsanchez"},"relative_dates":{"created":"Publicado 5 a\u00f1os hace","modified":"Actualizado 5 a\u00f1os hace"},"absolute_dates":{"created":"Publicado el 25 de febrero de 2021","modified":"Actualizado el 19 de mayo de 2021"},"absolute_dates_time":{"created":"Publicado el 25 de febrero de 2021 11:50","modified":"Actualizado el 19 de mayo de 2021 13:14"},"featured_img_caption":"","featured_img":false,"series_order":"","_links":{"self":[{"href":"https:\/\/riberasalud.com\/area-de-mama\/wp-json\/wp\/v2\/pages\/238","targetHints":{"allow":["GET"]}}],"collection":[{"href":"https:\/\/riberasalud.com\/area-de-mama\/wp-json\/wp\/v2\/pages"}],"about":[{"href":"https:\/\/riberasalud.com\/area-de-mama\/wp-json\/wp\/v2\/types\/page"}],"author":[{"embeddable":true,"href":"https:\/\/riberasalud.com\/area-de-mama\/wp-json\/wp\/v2\/users\/2"}],"replies":[{"embeddable":true,"href":"https:\/\/riberasalud.com\/area-de-mama\/wp-json\/wp\/v2\/comments?post=238"}],"version-history":[{"count":16,"href":"https:\/\/riberasalud.com\/area-de-mama\/wp-json\/wp\/v2\/pages\/238\/revisions"}],"predecessor-version":[{"id":783,"href":"https:\/\/riberasalud.com\/area-de-mama\/wp-json\/wp\/v2\/pages\/238\/revisions\/783"}],"wp:attachment":[{"href":"https:\/\/riberasalud.com\/area-de-mama\/wp-json\/wp\/v2\/media?parent=238"}],"curies":[{"name":"wp","href":"https:\/\/api.w.org\/{rel}","templated":true}]}}