{"id":234,"date":"2021-02-25T11:46:15","date_gmt":"2021-02-25T11:46:15","guid":{"rendered":"https:\/\/riberasalud.com\/area-de-mama\/?page_id=234"},"modified":"2021-05-19T13:15:41","modified_gmt":"2021-05-19T13:15:41","slug":"unidad-de-mama-del-hospital-universitario-de-torrejon","status":"publish","type":"page","link":"https:\/\/riberasalud.com\/area-de-mama\/unidad-de-mama-del-hospital-universitario-de-torrejon\/","title":{"rendered":"Unidad de Mama del Hospital Universitario de Torrej\u00f3n"},"content":{"rendered":"\n<div class=\"backgroundbanner backgroundbanner backgroundbanner backgroundbanner backgroundbanner backgroundbanner backgroundbanner backgroundbanner backgroundbanner backgroundbanner backgroundbanner wp-block-group backgroundbanner\"><div class=\"wp-block-group__inner-container is-layout-flow wp-block-group-is-layout-flow\">\n<p class=\"has-text-align-center\" style=\"font-size:40px\"><span class=\"ugb-highlight\" style=\"color: #4b4a4a;\">Unidad de Mama del Hospital Universitario de Torrej\u00f3n<\/span><\/p>\n<\/div><\/div>\n\n\n\n<div class=\"wp-block-group\"><div class=\"wp-block-group__inner-container is-layout-flow wp-block-group-is-layout-flow\">\n<p style=\"font-size:14px\">Con un enfoque integral, la Unidad de Mama del Hospital Universitario de Torrej\u00f3n ofrece soluciones completas a las pacientes, desde que se detecta la sospecha de patolog\u00eda hasta que se finalizan las revisiones tras el tratamiento. El equipo de profesionales, formado por los servicios de Cirug\u00eda, Oncolog\u00eda, Ginecolog\u00eda, Oncolog\u00eda radioter\u00e1pica, Radiodiagn\u00f3stico, Rehabilitaci\u00f3n y Anatom\u00eda patol\u00f3gica, trabaja centrado en ofrecer las soluciones a cada mujer que mejor se adapten a sus circunstancias personales. <\/p>\n\n\n\n<p style=\"font-size:14px\">El objetivo de la unidad es ofrecer una atenci\u00f3n sanitaria de mayor calidad a nivel m\u00e9dico y humano. Por ello, los profesionales que forman parte de ella tienen a su disposici\u00f3n la tecnolog\u00eda m\u00e1s innovadora y de \u00faltima generaci\u00f3n, para hacer realidad las prioridades de la filosof\u00eda de trabajo del centro: <\/p>\n\n\n\n<div class=\"wp-block-columns is-layout-flex wp-container-core-columns-is-layout-9d6595d7 wp-block-columns-is-layout-flex\">\n<div class=\"wp-block-column is-layout-flow wp-block-column-is-layout-flow\">\n<figure class=\"wp-block-image size-large fotoredonda\"><img loading=\"lazy\" decoding=\"async\" width=\"1024\" height=\"683\" src=\"https:\/\/riberasalud.com\/area-de-mama\/wp-content\/uploads\/2021\/04\/HUT_UNIDAD-DE-MAMA-1024x683.jpg\" alt=\"\" class=\"wp-image-640\" srcset=\"https:\/\/riberasalud.com\/area-de-mama\/wp-content\/uploads\/2021\/04\/HUT_UNIDAD-DE-MAMA-1024x683.jpg 1024w, https:\/\/riberasalud.com\/area-de-mama\/wp-content\/uploads\/2021\/04\/HUT_UNIDAD-DE-MAMA-300x200.jpg 300w, https:\/\/riberasalud.com\/area-de-mama\/wp-content\/uploads\/2021\/04\/HUT_UNIDAD-DE-MAMA-768x512.jpg 768w, https:\/\/riberasalud.com\/area-de-mama\/wp-content\/uploads\/2021\/04\/HUT_UNIDAD-DE-MAMA-1600x1067.jpg 1600w, https:\/\/riberasalud.com\/area-de-mama\/wp-content\/uploads\/2021\/04\/HUT_UNIDAD-DE-MAMA-2200x1467.jpg 2200w, https:\/\/riberasalud.com\/area-de-mama\/wp-content\/uploads\/2021\/04\/HUT_UNIDAD-DE-MAMA-2800x1867.jpg 2800w, https:\/\/riberasalud.com\/area-de-mama\/wp-content\/uploads\/2021\/04\/HUT_UNIDAD-DE-MAMA-3400x2267.jpg 3400w, https:\/\/riberasalud.com\/area-de-mama\/wp-content\/uploads\/2021\/04\/HUT_UNIDAD-DE-MAMA-scaled.jpg 2560w\" sizes=\"auto, (max-width: 1024px) 100vw, 1024px\" \/><\/figure>\n<\/div>\n\n\n\n<div class=\"wp-block-column is-layout-flow wp-block-column-is-layout-flow\">\n<figure class=\"wp-block-image size-large fotoredonda\"><img loading=\"lazy\" decoding=\"async\" width=\"1000\" height=\"667\" src=\"https:\/\/riberasalud.com\/area-de-mama\/wp-content\/uploads\/2021\/04\/HUT_-DR-RABADAN-5.jpg\" alt=\"\" class=\"wp-image-512\" srcset=\"https:\/\/riberasalud.com\/area-de-mama\/wp-content\/uploads\/2021\/04\/HUT_-DR-RABADAN-5.jpg 1000w, https:\/\/riberasalud.com\/area-de-mama\/wp-content\/uploads\/2021\/04\/HUT_-DR-RABADAN-5-300x200.jpg 300w, https:\/\/riberasalud.com\/area-de-mama\/wp-content\/uploads\/2021\/04\/HUT_-DR-RABADAN-5-768x512.jpg 768w\" sizes=\"auto, (max-width: 1000px) 100vw, 1000px\" \/><\/figure>\n<\/div>\n<\/div>\n\n\n\n<p style=\"font-size:14px\"><strong>Diagn\u00f3stico en 24 horas<\/strong>. El equipo humano y t\u00e9cnico de la Unidad de Mama del Hospital Universitario de Torrej\u00f3n cuenta con la capacidad de diagnosticar en un periodo de 24 horas ante cualquier sospecha por parte de un profesional sanitario. De esta manera, le damos a las mujeres la posibilidad de decidir si quieren saber el resultado de sus pruebas radiol\u00f3gicas en el mismo d\u00eda en que se las han realizado o acudir al hospital al d\u00eda siguiente acompa\u00f1adas por una persona de su entorno. <\/p>\n\n\n\n<p style=\"font-size:14px\"><strong>Mam\u00f3grafo 3D con contraste<\/strong>. Una de las aplicaciones de la innovaci\u00f3n tecnol\u00f3gica de esta \u00e1rea es la disponibilidad de un mam\u00f3grafo 3D con contraste desde octubre de 2019 en el hospital madrile\u00f1o, uno de los pocos centros sanitarios en la Comunidad de Madrid con esta tecnolog\u00eda. Permite detectar tumores ocultos en mamas densas o mamas dif\u00edciles de interpretar por haber sido sometidas a tratamiento, y realizar biopsias por tomos\u00edntesis. La sensibilidad de esta t\u00e9cnica se acerca al 100%, y es muy similar a la resonancia magn\u00e9tica, lo que proporciona a las mujeres que han tenido un c\u00e1ncer de mama las m\u00e1ximas garant\u00edas de que no ha aparecido ninguna otra lesi\u00f3n, por peque\u00f1a que sea. Adem\u00e1s, este mam\u00f3grafo es muy importante para todas aquellas pacientes que, por diferentes circunstancias, no pueden entrar en una resonancia: pacientes con claustrofobia, que no se pueden poner boca abajo, que sufren alg\u00fan tipo de demencia, problemas card\u00edacos y\/o respiratorios o que llevan un marcapasos. <\/p>\n\n\n\n<p style=\"font-size:14px\">Reconstrucci\u00f3n mamaria. La Unidad de Mama realiza la reconstrucci\u00f3n mamaria en la misma intervenci\u00f3n quir\u00fargica en la que se retira el tejido canceroso. El objetivo es que la mujer mantenga intacta su integridad f\u00edsica tras la intervenci\u00f3n. <\/p>\n\n\n\n<div class=\"wp-block-columns is-layout-flex wp-container-core-columns-is-layout-9d6595d7 wp-block-columns-is-layout-flex\">\n<div class=\"wp-block-column is-layout-flow wp-block-column-is-layout-flow\" style=\"flex-basis:50%\">\n<figure class=\"wp-block-image size-large fotoredonda\"><img loading=\"lazy\" decoding=\"async\" width=\"1000\" height=\"692\" src=\"https:\/\/riberasalud.com\/area-de-mama\/wp-content\/uploads\/2021\/04\/image009-copia.jpg\" alt=\"\" class=\"wp-image-717\" srcset=\"https:\/\/riberasalud.com\/area-de-mama\/wp-content\/uploads\/2021\/04\/image009-copia.jpg 1000w, https:\/\/riberasalud.com\/area-de-mama\/wp-content\/uploads\/2021\/04\/image009-copia-300x208.jpg 300w, https:\/\/riberasalud.com\/area-de-mama\/wp-content\/uploads\/2021\/04\/image009-copia-768x531.jpg 768w\" sizes=\"auto, (max-width: 1000px) 100vw, 1000px\" \/><\/figure>\n<\/div>\n\n\n\n<div class=\"wp-block-column is-layout-flow wp-block-column-is-layout-flow\" style=\"flex-basis:50%\">\n<figure class=\"wp-block-image size-large fotoredonda\"><img loading=\"lazy\" decoding=\"async\" width=\"1000\" height=\"692\" src=\"https:\/\/riberasalud.com\/area-de-mama\/wp-content\/uploads\/2021\/04\/Laia-02.jpg\" alt=\"\" class=\"wp-image-702\" srcset=\"https:\/\/riberasalud.com\/area-de-mama\/wp-content\/uploads\/2021\/04\/Laia-02.jpg 1000w, https:\/\/riberasalud.com\/area-de-mama\/wp-content\/uploads\/2021\/04\/Laia-02-300x208.jpg 300w, https:\/\/riberasalud.com\/area-de-mama\/wp-content\/uploads\/2021\/04\/Laia-02-768x531.jpg 768w\" sizes=\"auto, (max-width: 1000px) 100vw, 1000px\" \/><\/figure>\n<\/div>\n<\/div>\n\n\n\n<p style=\"font-size:14px\"><strong>Micropigmentaci\u00f3n del complejo areola-pez\u00f3n<\/strong>. El equipo del Hospital Universitario de Torrej\u00f3n ofrece tambi\u00e9n la posibilidad de realizar una micropigmentaci\u00f3n del complejo areola-pez\u00f3n. Es una t\u00e9cnica de tatuaje sobre la piel de la mama reconstruida que recrea la forma y el color del complejo areola pez\u00f3n previo a la extirpaci\u00f3n por c\u00e1ncer de mama. <\/p>\n\n\n\n<p style=\"font-size:14px\"><strong>Tatuaje en 3D<\/strong>. Adem\u00e1s de la micropigmentaci\u00f3n, el equipo cuenta con la posibilidad de ofrecer el tatuaje con apariencia 3D para la reconstrucci\u00f3n del complejo areola-pez\u00f3n. El resultado es muy real y no necesita volverse a repasar la zona una vez realizado.<\/p>\n<\/div><\/div>\n","protected":false},"excerpt":{"rendered":"<p>Unidad de Mama del Hospital Universitario de Torrej\u00f3n Con un enfoque integral, la Unidad de Mama del Hospital Universitario de Torrej\u00f3n ofrece soluciones completas a las pacientes, desde que se detecta la sospecha de patolog\u00eda hasta que se finalizan las revisiones tras el tratamiento. El equipo de profesionales, formado por los servicios de Cirug\u00eda, Oncolog\u00eda, &#8230; <a title=\"Unidad de Mama del Hospital Universitario de Torrej\u00f3n\" class=\"read-more\" href=\"https:\/\/riberasalud.com\/area-de-mama\/unidad-de-mama-del-hospital-universitario-de-torrejon\/\" aria-label=\"Leer m\u00e1s sobre Unidad de Mama del Hospital Universitario de Torrej\u00f3n\">Leer m\u00e1s<\/a><\/p>\n","protected":false},"author":2,"featured_media":0,"parent":0,"menu_order":0,"comment_status":"closed","ping_status":"closed","template":"","meta":{"_coblocks_attr":"","_coblocks_dimensions":"","_coblocks_responsive_height":"","_coblocks_accordion_ie_support":"","_uag_custom_page_level_css":"","advgb_blocks_editor_width":"","advgb_blocks_columns_visual_guide":"","_themeisle_gutenberg_block_has_review":false,"footnotes":""},"class_list":["post-234","page","type-page","status-publish"],"yoast_head":"<!-- This site is optimized with the Yoast SEO plugin v26.6 - https:\/\/yoast.com\/wordpress\/plugins\/seo\/ -->\n<title>\u25b7 Unidad de Mama del Hospital Universitario de Torrej\u00f3n - Ribera Salud \u00c1rea de Mama<\/title>\n<meta name=\"description\" content=\"lll\u1405 Unidad de Mama del Hospital Universitario de Torrej\u00f3n Con un enfoque integral, la Unidad de Mama del Hospital Universitario de Torrej\u00f3n ofrece soluciones \u2705\" \/>\n<meta name=\"robots\" content=\"index, follow, max-snippet:-1, max-image-preview:large, max-video-preview:-1\" \/>\n<link rel=\"canonical\" href=\"https:\/\/riberasalud.com\/area-de-mama\/unidad-de-mama-del-hospital-universitario-de-torrejon\/\" \/>\n<meta property=\"og:locale\" content=\"es_ES\" \/>\n<meta property=\"og:type\" content=\"article\" \/>\n<meta property=\"og:title\" content=\"\u25b7 Unidad de Mama del Hospital Universitario de Torrej\u00f3n - Ribera Salud \u00c1rea de Mama\" \/>\n<meta property=\"og:description\" content=\"lll\u1405 Unidad de Mama del Hospital Universitario de Torrej\u00f3n Con un enfoque integral, la Unidad de Mama del Hospital Universitario de Torrej\u00f3n ofrece soluciones \u2705\" \/>\n<meta property=\"og:url\" content=\"https:\/\/riberasalud.com\/area-de-mama\/unidad-de-mama-del-hospital-universitario-de-torrejon\/\" \/>\n<meta property=\"og:site_name\" content=\"Ribera Salud \u00c1rea de Mama\" \/>\n<meta property=\"article:modified_time\" content=\"2021-05-19T13:15:41+00:00\" \/>\n<meta property=\"og:image\" content=\"https:\/\/riberasalud.com\/area-de-mama\/wp-content\/uploads\/2021\/04\/HUT_UNIDAD-DE-MAMA-1024x683.jpg\" \/>\n<meta name=\"twitter:card\" content=\"summary_large_image\" \/>\n<meta name=\"twitter:label1\" content=\"Tiempo de lectura\" \/>\n\t<meta name=\"twitter:data1\" content=\"3 minutos\" \/>\n<script type=\"application\/ld+json\" class=\"yoast-schema-graph\">{\"@context\":\"https:\/\/schema.org\",\"@graph\":[{\"@type\":\"WebPage\",\"@id\":\"https:\/\/riberasalud.com\/area-de-mama\/unidad-de-mama-del-hospital-universitario-de-torrejon\/\",\"url\":\"https:\/\/riberasalud.com\/area-de-mama\/unidad-de-mama-del-hospital-universitario-de-torrejon\/\",\"name\":\"\u25b7 Unidad de Mama del Hospital Universitario de Torrej\u00f3n - Ribera Salud \u00c1rea de Mama\",\"isPartOf\":{\"@id\":\"https:\/\/riberasalud.com\/area-de-mama\/#website\"},\"primaryImageOfPage\":{\"@id\":\"https:\/\/riberasalud.com\/area-de-mama\/unidad-de-mama-del-hospital-universitario-de-torrejon\/#primaryimage\"},\"image\":{\"@id\":\"https:\/\/riberasalud.com\/area-de-mama\/unidad-de-mama-del-hospital-universitario-de-torrejon\/#primaryimage\"},\"thumbnailUrl\":\"https:\/\/riberasalud.com\/area-de-mama\/wp-content\/uploads\/2021\/04\/HUT_UNIDAD-DE-MAMA-1024x683.jpg\",\"datePublished\":\"2021-02-25T11:46:15+00:00\",\"dateModified\":\"2021-05-19T13:15:41+00:00\",\"description\":\"lll\u1405 Unidad de Mama del Hospital Universitario de Torrej\u00f3n Con un enfoque integral, la Unidad de Mama del Hospital Universitario de Torrej\u00f3n ofrece soluciones \u2705\",\"breadcrumb\":{\"@id\":\"https:\/\/riberasalud.com\/area-de-mama\/unidad-de-mama-del-hospital-universitario-de-torrejon\/#breadcrumb\"},\"inLanguage\":\"es\",\"potentialAction\":[{\"@type\":\"ReadAction\",\"target\":[\"https:\/\/riberasalud.com\/area-de-mama\/unidad-de-mama-del-hospital-universitario-de-torrejon\/\"]}]},{\"@type\":\"ImageObject\",\"inLanguage\":\"es\",\"@id\":\"https:\/\/riberasalud.com\/area-de-mama\/unidad-de-mama-del-hospital-universitario-de-torrejon\/#primaryimage\",\"url\":\"https:\/\/riberasalud.com\/area-de-mama\/wp-content\/uploads\/2021\/04\/HUT_UNIDAD-DE-MAMA-1024x683.jpg\",\"contentUrl\":\"https:\/\/riberasalud.com\/area-de-mama\/wp-content\/uploads\/2021\/04\/HUT_UNIDAD-DE-MAMA-1024x683.jpg\"},{\"@type\":\"BreadcrumbList\",\"@id\":\"https:\/\/riberasalud.com\/area-de-mama\/unidad-de-mama-del-hospital-universitario-de-torrejon\/#breadcrumb\",\"itemListElement\":[{\"@type\":\"ListItem\",\"position\":1,\"name\":\"Portada\",\"item\":\"https:\/\/riberasalud.com\/area-de-mama\/\"},{\"@type\":\"ListItem\",\"position\":2,\"name\":\"Unidad de Mama del Hospital Universitario de Torrej\u00f3n\"}]},{\"@type\":\"WebSite\",\"@id\":\"https:\/\/riberasalud.com\/area-de-mama\/#website\",\"url\":\"https:\/\/riberasalud.com\/area-de-mama\/\",\"name\":\"Ribera Salud \u00c1rea de Mama\",\"description\":\"\",\"publisher\":{\"@id\":\"https:\/\/riberasalud.com\/area-de-mama\/#organization\"},\"potentialAction\":[{\"@type\":\"SearchAction\",\"target\":{\"@type\":\"EntryPoint\",\"urlTemplate\":\"https:\/\/riberasalud.com\/area-de-mama\/?s={search_term_string}\"},\"query-input\":{\"@type\":\"PropertyValueSpecification\",\"valueRequired\":true,\"valueName\":\"search_term_string\"}}],\"inLanguage\":\"es\"},{\"@type\":\"Organization\",\"@id\":\"https:\/\/riberasalud.com\/area-de-mama\/#organization\",\"name\":\"Ribera Salud \u00c1rea de Mama\",\"url\":\"https:\/\/riberasalud.com\/area-de-mama\/\",\"logo\":{\"@type\":\"ImageObject\",\"inLanguage\":\"es\",\"@id\":\"https:\/\/riberasalud.com\/area-de-mama\/#\/schema\/logo\/image\/\",\"url\":\"https:\/\/riberasalud.com\/area-de-mama\/wp-content\/uploads\/2021\/02\/cropped-Logotipo-White-1.png\",\"contentUrl\":\"https:\/\/riberasalud.com\/area-de-mama\/wp-content\/uploads\/2021\/02\/cropped-Logotipo-White-1.png\",\"width\":1200,\"height\":474,\"caption\":\"Ribera Salud \u00c1rea de Mama\"},\"image\":{\"@id\":\"https:\/\/riberasalud.com\/area-de-mama\/#\/schema\/logo\/image\/\"}}]}<\/script>\n<!-- \/ Yoast SEO plugin. -->","yoast_head_json":{"title":"\u25b7 Unidad de Mama del Hospital Universitario de Torrej\u00f3n - Ribera Salud \u00c1rea de Mama","description":"lll\u1405 Unidad de Mama del Hospital Universitario de Torrej\u00f3n Con un enfoque integral, la Unidad de Mama del Hospital Universitario de Torrej\u00f3n ofrece soluciones \u2705","robots":{"index":"index","follow":"follow","max-snippet":"max-snippet:-1","max-image-preview":"max-image-preview:large","max-video-preview":"max-video-preview:-1"},"canonical":"https:\/\/riberasalud.com\/area-de-mama\/unidad-de-mama-del-hospital-universitario-de-torrejon\/","og_locale":"es_ES","og_type":"article","og_title":"\u25b7 Unidad de Mama del Hospital Universitario de Torrej\u00f3n - Ribera Salud \u00c1rea de Mama","og_description":"lll\u1405 Unidad de Mama del Hospital Universitario de Torrej\u00f3n Con un enfoque integral, la Unidad de Mama del Hospital Universitario de Torrej\u00f3n ofrece soluciones \u2705","og_url":"https:\/\/riberasalud.com\/area-de-mama\/unidad-de-mama-del-hospital-universitario-de-torrejon\/","og_site_name":"Ribera Salud \u00c1rea de Mama","article_modified_time":"2021-05-19T13:15:41+00:00","og_image":[{"url":"https:\/\/riberasalud.com\/area-de-mama\/wp-content\/uploads\/2021\/04\/HUT_UNIDAD-DE-MAMA-1024x683.jpg","type":"","width":"","height":""}],"twitter_card":"summary_large_image","twitter_misc":{"Tiempo de lectura":"3 minutos"},"schema":{"@context":"https:\/\/schema.org","@graph":[{"@type":"WebPage","@id":"https:\/\/riberasalud.com\/area-de-mama\/unidad-de-mama-del-hospital-universitario-de-torrejon\/","url":"https:\/\/riberasalud.com\/area-de-mama\/unidad-de-mama-del-hospital-universitario-de-torrejon\/","name":"\u25b7 Unidad de Mama del Hospital Universitario de Torrej\u00f3n - Ribera Salud \u00c1rea de Mama","isPartOf":{"@id":"https:\/\/riberasalud.com\/area-de-mama\/#website"},"primaryImageOfPage":{"@id":"https:\/\/riberasalud.com\/area-de-mama\/unidad-de-mama-del-hospital-universitario-de-torrejon\/#primaryimage"},"image":{"@id":"https:\/\/riberasalud.com\/area-de-mama\/unidad-de-mama-del-hospital-universitario-de-torrejon\/#primaryimage"},"thumbnailUrl":"https:\/\/riberasalud.com\/area-de-mama\/wp-content\/uploads\/2021\/04\/HUT_UNIDAD-DE-MAMA-1024x683.jpg","datePublished":"2021-02-25T11:46:15+00:00","dateModified":"2021-05-19T13:15:41+00:00","description":"lll\u1405 Unidad de Mama del Hospital Universitario de Torrej\u00f3n Con un enfoque integral, la Unidad de Mama del Hospital Universitario de Torrej\u00f3n ofrece soluciones \u2705","breadcrumb":{"@id":"https:\/\/riberasalud.com\/area-de-mama\/unidad-de-mama-del-hospital-universitario-de-torrejon\/#breadcrumb"},"inLanguage":"es","potentialAction":[{"@type":"ReadAction","target":["https:\/\/riberasalud.com\/area-de-mama\/unidad-de-mama-del-hospital-universitario-de-torrejon\/"]}]},{"@type":"ImageObject","inLanguage":"es","@id":"https:\/\/riberasalud.com\/area-de-mama\/unidad-de-mama-del-hospital-universitario-de-torrejon\/#primaryimage","url":"https:\/\/riberasalud.com\/area-de-mama\/wp-content\/uploads\/2021\/04\/HUT_UNIDAD-DE-MAMA-1024x683.jpg","contentUrl":"https:\/\/riberasalud.com\/area-de-mama\/wp-content\/uploads\/2021\/04\/HUT_UNIDAD-DE-MAMA-1024x683.jpg"},{"@type":"BreadcrumbList","@id":"https:\/\/riberasalud.com\/area-de-mama\/unidad-de-mama-del-hospital-universitario-de-torrejon\/#breadcrumb","itemListElement":[{"@type":"ListItem","position":1,"name":"Portada","item":"https:\/\/riberasalud.com\/area-de-mama\/"},{"@type":"ListItem","position":2,"name":"Unidad de Mama del Hospital Universitario de Torrej\u00f3n"}]},{"@type":"WebSite","@id":"https:\/\/riberasalud.com\/area-de-mama\/#website","url":"https:\/\/riberasalud.com\/area-de-mama\/","name":"Ribera Salud \u00c1rea de Mama","description":"","publisher":{"@id":"https:\/\/riberasalud.com\/area-de-mama\/#organization"},"potentialAction":[{"@type":"SearchAction","target":{"@type":"EntryPoint","urlTemplate":"https:\/\/riberasalud.com\/area-de-mama\/?s={search_term_string}"},"query-input":{"@type":"PropertyValueSpecification","valueRequired":true,"valueName":"search_term_string"}}],"inLanguage":"es"},{"@type":"Organization","@id":"https:\/\/riberasalud.com\/area-de-mama\/#organization","name":"Ribera Salud \u00c1rea de Mama","url":"https:\/\/riberasalud.com\/area-de-mama\/","logo":{"@type":"ImageObject","inLanguage":"es","@id":"https:\/\/riberasalud.com\/area-de-mama\/#\/schema\/logo\/image\/","url":"https:\/\/riberasalud.com\/area-de-mama\/wp-content\/uploads\/2021\/02\/cropped-Logotipo-White-1.png","contentUrl":"https:\/\/riberasalud.com\/area-de-mama\/wp-content\/uploads\/2021\/02\/cropped-Logotipo-White-1.png","width":1200,"height":474,"caption":"Ribera Salud \u00c1rea de Mama"},"image":{"@id":"https:\/\/riberasalud.com\/area-de-mama\/#\/schema\/logo\/image\/"}}]}},"pbg_featured_image_src":{"full":false,"thumbnail":false,"medium":false,"medium_large":false,"large":false,"xl":false,"xxl":false,"xxxl":false,"xxxxl":false,"xxxxxl":false,"1536x1536":false,"2048x2048":false},"pbg_author_info":{"display_name":"marsanchez","author_link":"https:\/\/riberasalud.com\/area-de-mama\/author\/marsanchez\/","author_img":"<img alt='marsanchez' src='https:\/\/secure.gravatar.com\/avatar\/0e2ddfa6ca50f038a905865f19439697542e5743a0628f67c9fac9c893b311be?s=128&#038;d=mm&#038;r=g' srcset='https:\/\/secure.gravatar.com\/avatar\/0e2ddfa6ca50f038a905865f19439697542e5743a0628f67c9fac9c893b311be?s=256&#038;d=mm&#038;r=g 2x' class='avatar avatar-128 photo' height='128' width='128' loading='lazy' decoding='async'\/>"},"pbg_comment_info":" No Comments","pbg_excerpt":"Unidad de Mama del Hospital Universitario de Torrej\u00f3n Con un enfoque integral, la Unidad de Mama del Hospital Universitario de Torrej\u00f3n ofrece soluciones completas a las pacientes, desde que se detecta la sospecha de patolog\u00eda hasta que se finalizan las revisiones tras el tratamiento. El equipo de profesionales, formado por los servicios de Cirug\u00eda, Oncolog\u00eda,&hellip;","uagb_featured_image_src":{"full":false,"thumbnail":false,"medium":false,"medium_large":false,"large":false,"xl":false,"xxl":false,"xxxl":false,"xxxxl":false,"xxxxxl":false,"1536x1536":false,"2048x2048":false},"uagb_author_info":{"display_name":"marsanchez","author_link":"https:\/\/riberasalud.com\/area-de-mama\/author\/marsanchez\/"},"uagb_comment_info":0,"uagb_excerpt":"Unidad de Mama del Hospital Universitario de Torrej\u00f3n Con un enfoque integral, la Unidad de Mama del Hospital Universitario de Torrej\u00f3n ofrece soluciones completas a las pacientes, desde que se detecta la sospecha de patolog\u00eda hasta que se finalizan las revisiones tras el tratamiento. El equipo de profesionales, formado por los servicios de Cirug\u00eda, Oncolog\u00eda,&hellip;","coauthors":[],"author_meta":{"author_link":"https:\/\/riberasalud.com\/area-de-mama\/author\/marsanchez\/","display_name":"marsanchez"},"relative_dates":{"created":"Publicado 5 a\u00f1os hace","modified":"Actualizado 5 a\u00f1os hace"},"absolute_dates":{"created":"Publicado el 25 de febrero de 2021","modified":"Actualizado el 19 de mayo de 2021"},"absolute_dates_time":{"created":"Publicado el 25 de febrero de 2021 11:46","modified":"Actualizado el 19 de mayo de 2021 13:15"},"featured_img_caption":"","featured_img":false,"series_order":"","_links":{"self":[{"href":"https:\/\/riberasalud.com\/area-de-mama\/wp-json\/wp\/v2\/pages\/234","targetHints":{"allow":["GET"]}}],"collection":[{"href":"https:\/\/riberasalud.com\/area-de-mama\/wp-json\/wp\/v2\/pages"}],"about":[{"href":"https:\/\/riberasalud.com\/area-de-mama\/wp-json\/wp\/v2\/types\/page"}],"author":[{"embeddable":true,"href":"https:\/\/riberasalud.com\/area-de-mama\/wp-json\/wp\/v2\/users\/2"}],"replies":[{"embeddable":true,"href":"https:\/\/riberasalud.com\/area-de-mama\/wp-json\/wp\/v2\/comments?post=234"}],"version-history":[{"count":14,"href":"https:\/\/riberasalud.com\/area-de-mama\/wp-json\/wp\/v2\/pages\/234\/revisions"}],"predecessor-version":[{"id":784,"href":"https:\/\/riberasalud.com\/area-de-mama\/wp-json\/wp\/v2\/pages\/234\/revisions\/784"}],"wp:attachment":[{"href":"https:\/\/riberasalud.com\/area-de-mama\/wp-json\/wp\/v2\/media?parent=234"}],"curies":[{"name":"wp","href":"https:\/\/api.w.org\/{rel}","templated":true}]}}