{"id":201,"date":"2021-02-25T11:07:08","date_gmt":"2021-02-25T11:07:08","guid":{"rendered":"https:\/\/riberasalud.com\/area-de-mama\/?page_id=201"},"modified":"2021-05-19T13:10:43","modified_gmt":"2021-05-19T13:10:43","slug":"filosofia-y-valores","status":"publish","type":"page","link":"https:\/\/riberasalud.com\/area-de-mama\/filosofia-y-valores\/","title":{"rendered":"Filosof\u00eda y valores"},"content":{"rendered":"\n<div class=\"backgroundbanner backgroundbanner backgroundbanner backgroundbanner backgroundbanner backgroundbanner backgroundbanner backgroundbanner backgroundbanner backgroundbanner wp-block-group backgroundbanner\"><div class=\"wp-block-group__inner-container is-layout-flow wp-block-group-is-layout-flow\">\n<p class=\"has-text-align-center\" style=\"font-size:40px\"><span class=\"ugb-highlight\" style=\"color: #4b4a4a;\">Filosof\u00eda y valores<\/span><\/p>\n<\/div><\/div>\n\n\n\n<div class=\"wp-block-group\"><div class=\"wp-block-group__inner-container is-layout-flow wp-block-group-is-layout-flow\">\n<h2 class=\"has-text-color wp-block-heading\" style=\"color:#f39fa7;font-size:25px\">Filosof\u00eda<\/h2>\n\n\n\n<p style=\"font-size:14px\"><br>El \u00c1rea de la Mama del grupo sanitario Ribera aporta a nuestras pacientes la <span style=\"text-decoration:underline;color:#f39fa7\" class=\"has-inline-color\">excelencia<\/span> compartida de los mejores profesionales en todas las disciplinas que abordan el diagn\u00f3stico y las patolog\u00edas de la mama. Contamos con un <span style=\"text-decoration:underline;color:#f39fa7\" class=\"has-inline-color\">programa compartido y transversal<\/span> de atenci\u00f3n personalizada, con una coordinaci\u00f3n constante entre centros, m\u00e1s de 20 a\u00f1os de experiencia y capaz de generar sinergias que redundan en una atenci\u00f3n m\u00e1s completa y profesional, que va m\u00e1s all\u00e1 de una acci\u00f3n aislada en cualquier centro sanitario.<\/p>\n\n\n\n<p><\/p>\n\n\n\n<h2 class=\"has-text-color wp-block-heading\" style=\"color:#f39fa7;font-size:25px\">Valores<\/h2>\n\n\n<div class=\"gb-grid-wrapper gb-grid-wrapper-ec5c613e\">\n<div class=\"gb-grid-column gb-grid-column-5809cd52\"><div class=\"gb-container gb-container-5809cd52\"><div class=\"gb-inside-container\">\n\n<figure class=\"wp-block-image size-large\"><img loading=\"lazy\" decoding=\"async\" width=\"200\" height=\"200\" src=\"https:\/\/riberasalud.com\/area-de-mama\/wp-content\/uploads\/2021\/03\/iconos-05-3.png\" alt=\"\" class=\"wp-image-380\" srcset=\"https:\/\/riberasalud.com\/area-de-mama\/wp-content\/uploads\/2021\/03\/iconos-05-3.png 200w, https:\/\/riberasalud.com\/area-de-mama\/wp-content\/uploads\/2021\/03\/iconos-05-3-150x150.png 150w\" sizes=\"auto, (max-width: 200px) 100vw, 200px\" \/><\/figure>\n\n\n\n<p class=\"has-text-align-center has-text-color has-small-font-size\" style=\"color:#f39fa7\">Experiencia<\/p>\n\n<\/div><\/div><\/div>\n\n<div class=\"gb-grid-column gb-grid-column-52e2f9ea\"><div class=\"gb-container gb-container-52e2f9ea\"><div class=\"gb-inside-container\">\n\n<figure class=\"wp-block-image size-large\"><img loading=\"lazy\" decoding=\"async\" width=\"200\" height=\"200\" src=\"https:\/\/riberasalud.com\/area-de-mama\/wp-content\/uploads\/2021\/03\/iconos-02-3.png\" alt=\"\" class=\"wp-image-384\" srcset=\"https:\/\/riberasalud.com\/area-de-mama\/wp-content\/uploads\/2021\/03\/iconos-02-3.png 200w, https:\/\/riberasalud.com\/area-de-mama\/wp-content\/uploads\/2021\/03\/iconos-02-3-150x150.png 150w\" sizes=\"auto, (max-width: 200px) 100vw, 200px\" \/><\/figure>\n\n\n\n<p class=\"has-text-align-center has-text-color has-small-font-size\" style=\"color:#f39fa7\">Humanidad<\/p>\n\n<\/div><\/div><\/div>\n\n<div class=\"gb-grid-column gb-grid-column-61d7e31d\"><div class=\"gb-container gb-container-61d7e31d\"><div class=\"gb-inside-container\">\n\n<figure class=\"wp-block-image size-large\"><img loading=\"lazy\" decoding=\"async\" width=\"200\" height=\"200\" src=\"https:\/\/riberasalud.com\/area-de-mama\/wp-content\/uploads\/2021\/04\/inmediatez-01.png\" alt=\"\" class=\"wp-image-678\" srcset=\"https:\/\/riberasalud.com\/area-de-mama\/wp-content\/uploads\/2021\/04\/inmediatez-01.png 200w, https:\/\/riberasalud.com\/area-de-mama\/wp-content\/uploads\/2021\/04\/inmediatez-01-150x150.png 150w\" sizes=\"auto, (max-width: 200px) 100vw, 200px\" \/><\/figure>\n\n\n\n<p class=\"has-text-align-center has-text-color has-small-font-size\" style=\"color:#f39fa7\">Inmediatez<\/p>\n\n<\/div><\/div><\/div>\n\n<div class=\"gb-grid-column gb-grid-column-27865447\"><div class=\"gb-container gb-container-27865447\"><div class=\"gb-inside-container\">\n\n<figure class=\"wp-block-image size-large\"><img loading=\"lazy\" decoding=\"async\" width=\"200\" height=\"200\" src=\"https:\/\/riberasalud.com\/area-de-mama\/wp-content\/uploads\/2021\/03\/iconos-04-4.png\" alt=\"\" class=\"wp-image-379\" srcset=\"https:\/\/riberasalud.com\/area-de-mama\/wp-content\/uploads\/2021\/03\/iconos-04-4.png 200w, https:\/\/riberasalud.com\/area-de-mama\/wp-content\/uploads\/2021\/03\/iconos-04-4-150x150.png 150w\" sizes=\"auto, (max-width: 200px) 100vw, 200px\" \/><\/figure>\n\n\n\n<p class=\"has-text-align-center has-text-color has-small-font-size\" style=\"color:#f39fa7\">Investigaci\u00f3n<\/p>\n\n<\/div><\/div><\/div>\n\n<div class=\"gb-grid-column gb-grid-column-2f2a304a\"><div class=\"gb-container gb-container-2f2a304a\"><div class=\"gb-inside-container\">\n\n<figure class=\"wp-block-image size-large\"><img loading=\"lazy\" decoding=\"async\" width=\"200\" height=\"200\" src=\"https:\/\/riberasalud.com\/area-de-mama\/wp-content\/uploads\/2021\/04\/resultados-01.png\" alt=\"\" class=\"wp-image-679\" srcset=\"https:\/\/riberasalud.com\/area-de-mama\/wp-content\/uploads\/2021\/04\/resultados-01.png 200w, https:\/\/riberasalud.com\/area-de-mama\/wp-content\/uploads\/2021\/04\/resultados-01-150x150.png 150w\" sizes=\"auto, (max-width: 200px) 100vw, 200px\" \/><\/figure>\n\n\n\n<p class=\"has-text-align-center has-text-color has-small-font-size\" style=\"color:#f39fa7\">Resultados<\/p>\n\n<\/div><\/div><\/div>\n\n<div class=\"gb-grid-column gb-grid-column-b6f993a7\"><div class=\"gb-container gb-container-b6f993a7\"><div class=\"gb-inside-container\">\n\n<figure class=\"wp-block-image size-large\"><img loading=\"lazy\" decoding=\"async\" width=\"200\" height=\"200\" src=\"https:\/\/riberasalud.com\/area-de-mama\/wp-content\/uploads\/2021\/04\/implicacion-01.png\" alt=\"\" class=\"wp-image-677\" srcset=\"https:\/\/riberasalud.com\/area-de-mama\/wp-content\/uploads\/2021\/04\/implicacion-01.png 200w, https:\/\/riberasalud.com\/area-de-mama\/wp-content\/uploads\/2021\/04\/implicacion-01-150x150.png 150w\" sizes=\"auto, (max-width: 200px) 100vw, 200px\" \/><\/figure>\n\n\n\n<p class=\"has-text-align-center has-text-color has-small-font-size\" style=\"color:#f39fa7\">Implicaci\u00f3n<\/p>\n\n<\/div><\/div><\/div>\n\n<div class=\"gb-grid-column gb-grid-column-7436c6a2\"><div class=\"gb-container gb-container-7436c6a2\"><div class=\"gb-inside-container\">\n\n<figure class=\"wp-block-image size-large\"><img loading=\"lazy\" decoding=\"async\" width=\"200\" height=\"200\" src=\"https:\/\/riberasalud.com\/area-de-mama\/wp-content\/uploads\/2021\/03\/iconos-07-2.png\" alt=\"\" class=\"wp-image-377\" srcset=\"https:\/\/riberasalud.com\/area-de-mama\/wp-content\/uploads\/2021\/03\/iconos-07-2.png 200w, https:\/\/riberasalud.com\/area-de-mama\/wp-content\/uploads\/2021\/03\/iconos-07-2-150x150.png 150w\" sizes=\"auto, (max-width: 200px) 100vw, 200px\" \/><\/figure>\n\n\n\n<p class=\"has-text-align-center has-text-color has-small-font-size\" style=\"color:#f39fa7\">Calidad<\/p>\n\n<\/div><\/div><\/div>\n\n<div class=\"gb-grid-column gb-grid-column-0b1004d2\"><div class=\"gb-container gb-container-0b1004d2\"><div class=\"gb-inside-container\">\n\n<figure class=\"wp-block-image size-large\"><img loading=\"lazy\" decoding=\"async\" width=\"200\" height=\"200\" src=\"https:\/\/riberasalud.com\/area-de-mama\/wp-content\/uploads\/2021\/03\/iconos-08-1.png\" alt=\"\" class=\"wp-image-378\" srcset=\"https:\/\/riberasalud.com\/area-de-mama\/wp-content\/uploads\/2021\/03\/iconos-08-1.png 200w, https:\/\/riberasalud.com\/area-de-mama\/wp-content\/uploads\/2021\/03\/iconos-08-1-150x150.png 150w\" sizes=\"auto, (max-width: 200px) 100vw, 200px\" \/><\/figure>\n\n\n\n<p class=\"has-text-align-center has-text-color has-small-font-size\" style=\"color:#f39fa7\">Vanguardia<\/p>\n\n<\/div><\/div><\/div>\n\n<div class=\"gb-grid-column gb-grid-column-1ed2b9de\"><div class=\"gb-container gb-container-1ed2b9de\"><div class=\"gb-inside-container\">\n\n<figure class=\"wp-block-image size-large\"><img loading=\"lazy\" decoding=\"async\" width=\"200\" height=\"200\" src=\"https:\/\/riberasalud.com\/area-de-mama\/wp-content\/uploads\/2021\/03\/iconos-09-1.png\" alt=\"\" class=\"wp-image-376\" srcset=\"https:\/\/riberasalud.com\/area-de-mama\/wp-content\/uploads\/2021\/03\/iconos-09-1.png 200w, https:\/\/riberasalud.com\/area-de-mama\/wp-content\/uploads\/2021\/03\/iconos-09-1-150x150.png 150w\" sizes=\"auto, (max-width: 200px) 100vw, 200px\" \/><\/figure>\n\n\n\n<p class=\"has-text-align-center has-text-color has-small-font-size\" style=\"color:#f39fa7\">Innovaci\u00f3n<\/p>\n\n<\/div><\/div><\/div>\n<\/div>\n\n\n<p><\/p>\n\n\n\n<p><\/p>\n<\/div><\/div>\n","protected":false},"excerpt":{"rendered":"<p>Filosof\u00eda y valores Filosof\u00eda El \u00c1rea de la Mama del grupo sanitario Ribera aporta a nuestras pacientes la excelencia compartida de los mejores profesionales en todas las disciplinas que abordan el diagn\u00f3stico y las patolog\u00edas de la mama. Contamos con un programa compartido y transversal de atenci\u00f3n personalizada, con una coordinaci\u00f3n constante entre centros, m\u00e1s &#8230; <a title=\"Filosof\u00eda y valores\" class=\"read-more\" href=\"https:\/\/riberasalud.com\/area-de-mama\/filosofia-y-valores\/\" aria-label=\"Leer m\u00e1s sobre Filosof\u00eda y valores\">Leer m\u00e1s<\/a><\/p>\n","protected":false},"author":2,"featured_media":0,"parent":0,"menu_order":0,"comment_status":"closed","ping_status":"closed","template":"","meta":{"_coblocks_attr":"","_coblocks_dimensions":"","_coblocks_responsive_height":"","_coblocks_accordion_ie_support":"","_uag_custom_page_level_css":"","advgb_blocks_editor_width":"","advgb_blocks_columns_visual_guide":"","_themeisle_gutenberg_block_has_review":false,"footnotes":""},"class_list":["post-201","page","type-page","status-publish"],"yoast_head":"<!-- This site is optimized with the Yoast SEO plugin v26.6 - https:\/\/yoast.com\/wordpress\/plugins\/seo\/ -->\n<title>\u25b7 Filosof\u00eda y valores - Ribera Salud \u00c1rea de Mama<\/title>\n<meta name=\"description\" content=\"lll\u1405 Filosof\u00eda y valores Filosof\u00eda El \u00c1rea de la Mama del grupo sanitario Ribera aporta a nuestras pacientes la excelencia compartida de los mejores \u2705\" \/>\n<meta name=\"robots\" content=\"index, follow, max-snippet:-1, max-image-preview:large, max-video-preview:-1\" \/>\n<link rel=\"canonical\" href=\"https:\/\/riberasalud.com\/area-de-mama\/filosofia-y-valores\/\" \/>\n<meta property=\"og:locale\" content=\"es_ES\" \/>\n<meta property=\"og:type\" content=\"article\" \/>\n<meta property=\"og:title\" content=\"\u25b7 Filosof\u00eda y valores - Ribera Salud \u00c1rea de Mama\" \/>\n<meta property=\"og:description\" content=\"lll\u1405 Filosof\u00eda y valores Filosof\u00eda El \u00c1rea de la Mama del grupo sanitario Ribera aporta a nuestras pacientes la excelencia compartida de los mejores \u2705\" \/>\n<meta property=\"og:url\" content=\"https:\/\/riberasalud.com\/area-de-mama\/filosofia-y-valores\/\" \/>\n<meta property=\"og:site_name\" content=\"Ribera Salud \u00c1rea de Mama\" \/>\n<meta property=\"article:modified_time\" content=\"2021-05-19T13:10:43+00:00\" \/>\n<meta property=\"og:image\" content=\"https:\/\/riberasalud.com\/area-de-mama\/wp-content\/uploads\/2021\/03\/iconos-05-3.png\" \/>\n<meta name=\"twitter:card\" content=\"summary_large_image\" \/>\n<meta name=\"twitter:label1\" content=\"Tiempo de lectura\" \/>\n\t<meta name=\"twitter:data1\" content=\"1 minuto\" \/>\n<script type=\"application\/ld+json\" class=\"yoast-schema-graph\">{\"@context\":\"https:\/\/schema.org\",\"@graph\":[{\"@type\":\"WebPage\",\"@id\":\"https:\/\/riberasalud.com\/area-de-mama\/filosofia-y-valores\/\",\"url\":\"https:\/\/riberasalud.com\/area-de-mama\/filosofia-y-valores\/\",\"name\":\"\u25b7 Filosof\u00eda y valores - Ribera Salud \u00c1rea de Mama\",\"isPartOf\":{\"@id\":\"https:\/\/riberasalud.com\/area-de-mama\/#website\"},\"primaryImageOfPage\":{\"@id\":\"https:\/\/riberasalud.com\/area-de-mama\/filosofia-y-valores\/#primaryimage\"},\"image\":{\"@id\":\"https:\/\/riberasalud.com\/area-de-mama\/filosofia-y-valores\/#primaryimage\"},\"thumbnailUrl\":\"https:\/\/riberasalud.com\/area-de-mama\/wp-content\/uploads\/2021\/03\/iconos-05-3.png\",\"datePublished\":\"2021-02-25T11:07:08+00:00\",\"dateModified\":\"2021-05-19T13:10:43+00:00\",\"description\":\"lll\u1405 Filosof\u00eda y valores Filosof\u00eda El \u00c1rea de la Mama del grupo sanitario Ribera aporta a nuestras pacientes la excelencia compartida de los mejores \u2705\",\"breadcrumb\":{\"@id\":\"https:\/\/riberasalud.com\/area-de-mama\/filosofia-y-valores\/#breadcrumb\"},\"inLanguage\":\"es\",\"potentialAction\":[{\"@type\":\"ReadAction\",\"target\":[\"https:\/\/riberasalud.com\/area-de-mama\/filosofia-y-valores\/\"]}]},{\"@type\":\"ImageObject\",\"inLanguage\":\"es\",\"@id\":\"https:\/\/riberasalud.com\/area-de-mama\/filosofia-y-valores\/#primaryimage\",\"url\":\"https:\/\/riberasalud.com\/area-de-mama\/wp-content\/uploads\/2021\/03\/iconos-05-3.png\",\"contentUrl\":\"https:\/\/riberasalud.com\/area-de-mama\/wp-content\/uploads\/2021\/03\/iconos-05-3.png\"},{\"@type\":\"BreadcrumbList\",\"@id\":\"https:\/\/riberasalud.com\/area-de-mama\/filosofia-y-valores\/#breadcrumb\",\"itemListElement\":[{\"@type\":\"ListItem\",\"position\":1,\"name\":\"Portada\",\"item\":\"https:\/\/riberasalud.com\/area-de-mama\/\"},{\"@type\":\"ListItem\",\"position\":2,\"name\":\"Filosof\u00eda y valores\"}]},{\"@type\":\"WebSite\",\"@id\":\"https:\/\/riberasalud.com\/area-de-mama\/#website\",\"url\":\"https:\/\/riberasalud.com\/area-de-mama\/\",\"name\":\"Ribera Salud \u00c1rea de Mama\",\"description\":\"\",\"publisher\":{\"@id\":\"https:\/\/riberasalud.com\/area-de-mama\/#organization\"},\"potentialAction\":[{\"@type\":\"SearchAction\",\"target\":{\"@type\":\"EntryPoint\",\"urlTemplate\":\"https:\/\/riberasalud.com\/area-de-mama\/?s={search_term_string}\"},\"query-input\":{\"@type\":\"PropertyValueSpecification\",\"valueRequired\":true,\"valueName\":\"search_term_string\"}}],\"inLanguage\":\"es\"},{\"@type\":\"Organization\",\"@id\":\"https:\/\/riberasalud.com\/area-de-mama\/#organization\",\"name\":\"Ribera Salud \u00c1rea de Mama\",\"url\":\"https:\/\/riberasalud.com\/area-de-mama\/\",\"logo\":{\"@type\":\"ImageObject\",\"inLanguage\":\"es\",\"@id\":\"https:\/\/riberasalud.com\/area-de-mama\/#\/schema\/logo\/image\/\",\"url\":\"https:\/\/riberasalud.com\/area-de-mama\/wp-content\/uploads\/2021\/02\/cropped-Logotipo-White-1.png\",\"contentUrl\":\"https:\/\/riberasalud.com\/area-de-mama\/wp-content\/uploads\/2021\/02\/cropped-Logotipo-White-1.png\",\"width\":1200,\"height\":474,\"caption\":\"Ribera Salud \u00c1rea de Mama\"},\"image\":{\"@id\":\"https:\/\/riberasalud.com\/area-de-mama\/#\/schema\/logo\/image\/\"}}]}<\/script>\n<!-- \/ Yoast SEO plugin. -->","yoast_head_json":{"title":"\u25b7 Filosof\u00eda y valores - Ribera Salud \u00c1rea de Mama","description":"lll\u1405 Filosof\u00eda y valores Filosof\u00eda El \u00c1rea de la Mama del grupo sanitario Ribera aporta a nuestras pacientes la excelencia compartida de los mejores \u2705","robots":{"index":"index","follow":"follow","max-snippet":"max-snippet:-1","max-image-preview":"max-image-preview:large","max-video-preview":"max-video-preview:-1"},"canonical":"https:\/\/riberasalud.com\/area-de-mama\/filosofia-y-valores\/","og_locale":"es_ES","og_type":"article","og_title":"\u25b7 Filosof\u00eda y valores - Ribera Salud \u00c1rea de Mama","og_description":"lll\u1405 Filosof\u00eda y valores Filosof\u00eda El \u00c1rea de la Mama del grupo sanitario Ribera aporta a nuestras pacientes la excelencia compartida de los mejores \u2705","og_url":"https:\/\/riberasalud.com\/area-de-mama\/filosofia-y-valores\/","og_site_name":"Ribera Salud \u00c1rea de Mama","article_modified_time":"2021-05-19T13:10:43+00:00","og_image":[{"url":"https:\/\/riberasalud.com\/area-de-mama\/wp-content\/uploads\/2021\/03\/iconos-05-3.png","type":"","width":"","height":""}],"twitter_card":"summary_large_image","twitter_misc":{"Tiempo de lectura":"1 minuto"},"schema":{"@context":"https:\/\/schema.org","@graph":[{"@type":"WebPage","@id":"https:\/\/riberasalud.com\/area-de-mama\/filosofia-y-valores\/","url":"https:\/\/riberasalud.com\/area-de-mama\/filosofia-y-valores\/","name":"\u25b7 Filosof\u00eda y valores - Ribera Salud \u00c1rea de Mama","isPartOf":{"@id":"https:\/\/riberasalud.com\/area-de-mama\/#website"},"primaryImageOfPage":{"@id":"https:\/\/riberasalud.com\/area-de-mama\/filosofia-y-valores\/#primaryimage"},"image":{"@id":"https:\/\/riberasalud.com\/area-de-mama\/filosofia-y-valores\/#primaryimage"},"thumbnailUrl":"https:\/\/riberasalud.com\/area-de-mama\/wp-content\/uploads\/2021\/03\/iconos-05-3.png","datePublished":"2021-02-25T11:07:08+00:00","dateModified":"2021-05-19T13:10:43+00:00","description":"lll\u1405 Filosof\u00eda y valores Filosof\u00eda El \u00c1rea de la Mama del grupo sanitario Ribera aporta a nuestras pacientes la excelencia compartida de los mejores \u2705","breadcrumb":{"@id":"https:\/\/riberasalud.com\/area-de-mama\/filosofia-y-valores\/#breadcrumb"},"inLanguage":"es","potentialAction":[{"@type":"ReadAction","target":["https:\/\/riberasalud.com\/area-de-mama\/filosofia-y-valores\/"]}]},{"@type":"ImageObject","inLanguage":"es","@id":"https:\/\/riberasalud.com\/area-de-mama\/filosofia-y-valores\/#primaryimage","url":"https:\/\/riberasalud.com\/area-de-mama\/wp-content\/uploads\/2021\/03\/iconos-05-3.png","contentUrl":"https:\/\/riberasalud.com\/area-de-mama\/wp-content\/uploads\/2021\/03\/iconos-05-3.png"},{"@type":"BreadcrumbList","@id":"https:\/\/riberasalud.com\/area-de-mama\/filosofia-y-valores\/#breadcrumb","itemListElement":[{"@type":"ListItem","position":1,"name":"Portada","item":"https:\/\/riberasalud.com\/area-de-mama\/"},{"@type":"ListItem","position":2,"name":"Filosof\u00eda y valores"}]},{"@type":"WebSite","@id":"https:\/\/riberasalud.com\/area-de-mama\/#website","url":"https:\/\/riberasalud.com\/area-de-mama\/","name":"Ribera Salud \u00c1rea de Mama","description":"","publisher":{"@id":"https:\/\/riberasalud.com\/area-de-mama\/#organization"},"potentialAction":[{"@type":"SearchAction","target":{"@type":"EntryPoint","urlTemplate":"https:\/\/riberasalud.com\/area-de-mama\/?s={search_term_string}"},"query-input":{"@type":"PropertyValueSpecification","valueRequired":true,"valueName":"search_term_string"}}],"inLanguage":"es"},{"@type":"Organization","@id":"https:\/\/riberasalud.com\/area-de-mama\/#organization","name":"Ribera Salud \u00c1rea de Mama","url":"https:\/\/riberasalud.com\/area-de-mama\/","logo":{"@type":"ImageObject","inLanguage":"es","@id":"https:\/\/riberasalud.com\/area-de-mama\/#\/schema\/logo\/image\/","url":"https:\/\/riberasalud.com\/area-de-mama\/wp-content\/uploads\/2021\/02\/cropped-Logotipo-White-1.png","contentUrl":"https:\/\/riberasalud.com\/area-de-mama\/wp-content\/uploads\/2021\/02\/cropped-Logotipo-White-1.png","width":1200,"height":474,"caption":"Ribera Salud \u00c1rea de Mama"},"image":{"@id":"https:\/\/riberasalud.com\/area-de-mama\/#\/schema\/logo\/image\/"}}]}},"pbg_featured_image_src":{"full":false,"thumbnail":false,"medium":false,"medium_large":false,"large":false,"xl":false,"xxl":false,"xxxl":false,"xxxxl":false,"xxxxxl":false,"1536x1536":false,"2048x2048":false},"pbg_author_info":{"display_name":"marsanchez","author_link":"https:\/\/riberasalud.com\/area-de-mama\/author\/marsanchez\/","author_img":"<img alt='marsanchez' src='https:\/\/secure.gravatar.com\/avatar\/0e2ddfa6ca50f038a905865f19439697542e5743a0628f67c9fac9c893b311be?s=128&#038;d=mm&#038;r=g' srcset='https:\/\/secure.gravatar.com\/avatar\/0e2ddfa6ca50f038a905865f19439697542e5743a0628f67c9fac9c893b311be?s=256&#038;d=mm&#038;r=g 2x' class='avatar avatar-128 photo' height='128' width='128' loading='lazy' decoding='async'\/>"},"pbg_comment_info":" No Comments","pbg_excerpt":"Filosof\u00eda y valores Filosof\u00eda El \u00c1rea de la Mama del grupo sanitario Ribera aporta a nuestras pacientes la excelencia compartida de los mejores profesionales en todas las disciplinas que abordan el diagn\u00f3stico y las patolog\u00edas de la mama. Contamos con un programa compartido y transversal de atenci\u00f3n personalizada, con una coordinaci\u00f3n constante entre centros, m\u00e1s&hellip;","uagb_featured_image_src":{"full":false,"thumbnail":false,"medium":false,"medium_large":false,"large":false,"xl":false,"xxl":false,"xxxl":false,"xxxxl":false,"xxxxxl":false,"1536x1536":false,"2048x2048":false},"uagb_author_info":{"display_name":"marsanchez","author_link":"https:\/\/riberasalud.com\/area-de-mama\/author\/marsanchez\/"},"uagb_comment_info":0,"uagb_excerpt":"Filosof\u00eda y valores Filosof\u00eda El \u00c1rea de la Mama del grupo sanitario Ribera aporta a nuestras pacientes la excelencia compartida de los mejores profesionales en todas las disciplinas que abordan el diagn\u00f3stico y las patolog\u00edas de la mama. Contamos con un programa compartido y transversal de atenci\u00f3n personalizada, con una coordinaci\u00f3n constante entre centros, m\u00e1s&hellip;","coauthors":[],"author_meta":{"author_link":"https:\/\/riberasalud.com\/area-de-mama\/author\/marsanchez\/","display_name":"marsanchez"},"relative_dates":{"created":"Publicado 5 a\u00f1os hace","modified":"Actualizado 5 a\u00f1os hace"},"absolute_dates":{"created":"Publicado el 25 de febrero de 2021","modified":"Actualizado el 19 de mayo de 2021"},"absolute_dates_time":{"created":"Publicado el 25 de febrero de 2021 11:07","modified":"Actualizado el 19 de mayo de 2021 13:10"},"featured_img_caption":"","featured_img":false,"series_order":"","_links":{"self":[{"href":"https:\/\/riberasalud.com\/area-de-mama\/wp-json\/wp\/v2\/pages\/201","targetHints":{"allow":["GET"]}}],"collection":[{"href":"https:\/\/riberasalud.com\/area-de-mama\/wp-json\/wp\/v2\/pages"}],"about":[{"href":"https:\/\/riberasalud.com\/area-de-mama\/wp-json\/wp\/v2\/types\/page"}],"author":[{"embeddable":true,"href":"https:\/\/riberasalud.com\/area-de-mama\/wp-json\/wp\/v2\/users\/2"}],"replies":[{"embeddable":true,"href":"https:\/\/riberasalud.com\/area-de-mama\/wp-json\/wp\/v2\/comments?post=201"}],"version-history":[{"count":19,"href":"https:\/\/riberasalud.com\/area-de-mama\/wp-json\/wp\/v2\/pages\/201\/revisions"}],"predecessor-version":[{"id":779,"href":"https:\/\/riberasalud.com\/area-de-mama\/wp-json\/wp\/v2\/pages\/201\/revisions\/779"}],"wp:attachment":[{"href":"https:\/\/riberasalud.com\/area-de-mama\/wp-json\/wp\/v2\/media?parent=201"}],"curies":[{"name":"wp","href":"https:\/\/api.w.org\/{rel}","templated":true}]}}