{"id":1020,"date":"2022-11-14T15:23:30","date_gmt":"2022-11-14T15:23:30","guid":{"rendered":"https:\/\/www.riberasalud.com\/area-de-mama\/?page_id=1020"},"modified":"2022-11-14T15:23:31","modified_gmt":"2022-11-14T15:23:31","slug":"unidad-de-mama-del-hospital-ribera-polusa","status":"publish","type":"page","link":"https:\/\/riberasalud.com\/area-de-mama\/unidad-de-mama-del-hospital-ribera-polusa\/","title":{"rendered":"Unidad de Mama del Hospital Ribera Polusa"},"content":{"rendered":"\n<div class=\"backgroundbanner backgroundbanner backgroundbanner backgroundbanner backgroundbanner backgroundbanner backgroundbanner backgroundbanner backgroundbanner backgroundbanner backgroundbanner backgroundbanner backgroundbanner backgroundbanner backgroundbanner wp-block-group backgroundbanner\"><div class=\"wp-block-group__inner-container is-layout-flow wp-block-group-is-layout-flow\">\n<p class=\"has-text-align-center\" style=\"font-size:40px\"><span class=\"ugb-highlight\" style=\"color: #4b4a4a;\">Unidad de Mama del Hospital Ribera Polusa<\/span><\/p>\n<\/div><\/div>\n\n\n\n<div class=\"wp-block-group\"><div class=\"wp-block-group__inner-container is-layout-flow wp-block-group-is-layout-flow\">\n<p style=\"font-size:14px\">La <strong>Unidad de Mama del Hospital Ribera Polusa<\/strong> es la mejor elecci\u00f3n para las pacientes que buscan a los mejores profesionales de Espa\u00f1a para recibir una atenci\u00f3n integral en los casos en los que hay sospecha o diagn\u00f3stico de c\u00e1ncer de mama. Tambi\u00e9n para aquellas mujeres que han tenido un c\u00e1ncer de mama previamente o cuentan con antecedentes familiares.<\/p>\n\n\n\n<p style=\"font-size:14px\">El equipo de la Unidad de Mama del Hospital Ribera Polusa est\u00e1 formado por profesionales de los servicios de Cirug\u00eda, Oncolog\u00eda, Ginecolog\u00eda, Oncolog\u00eda Radioter\u00e1pica, Radiodiagn\u00f3stico, Rehabilitaci\u00f3n, Psicolog\u00eda y Anatom\u00eda patol\u00f3gica, y est\u00e1 integrado en el equipo del \u00c1rea de la Mama del grupo Ribera. Este trabajo en l\u00ednea, coordinado con los <strong>mejores especialistas<\/strong> de todos los hospitales del grupo, permite ofrecer a las pacientes la mejor atenci\u00f3n, puesto que cada caso es valorado es informado y discutido por los diferentes <strong>equipos multidisciplinares<\/strong>. Adem\u00e1s, gracias a la alianza estrat\u00e9gica con el IBCC (International Breast Cancer Center), nuestras pacientes tienen la oportunidad de participar en algunos de los ensayos l\u00edderes de la investigaci\u00f3n del c\u00e1ncer de mama en Europa.<\/p>\n\n\n\n<p style=\"font-size:14px\">Las pacientes de Ribera Polusa cuentan con:<\/p>\n\n\n\n<div class=\"wp-block-columns is-layout-flex wp-container-core-columns-is-layout-9d6595d7 wp-block-columns-is-layout-flex\">\n<div class=\"wp-block-column is-layout-flow wp-block-column-is-layout-flow\" style=\"flex-basis:25%\">\n<div class=\"wp-block-image fotoredonda\"><figure class=\"aligncenter size-large is-resized\"><img loading=\"lazy\" decoding=\"async\" src=\"https:\/\/www.riberasalud.com\/area-de-mama\/wp-content\/uploads\/2021\/04\/image.png\" alt=\"\" class=\"wp-image-750\" width=\"100\" height=\"100\" srcset=\"https:\/\/riberasalud.com\/area-de-mama\/wp-content\/uploads\/2021\/04\/image.png 200w, https:\/\/riberasalud.com\/area-de-mama\/wp-content\/uploads\/2021\/04\/image-150x150.png 150w\" sizes=\"auto, (max-width: 100px) 100vw, 100px\" \/><\/figure><\/div>\n\n\n\n<h6 class=\"wp-block-heading\"><strong><strong><strong>Mam\u00f3grafo 3D con tomos\u00edntesis<\/strong><\/strong><\/strong><\/h6>\n\n\n\n<p style=\"font-size:14px\">La tomos\u00edntesis una mamograf\u00eda tridimensional que detecta m\u00e1s lesiones puesto que permite obtener una imagen de la mama mil\u00edmetro a mil\u00edmetro. Permite adem\u00e1s diferenciar las lesiones que no son malignas de las que s\u00ed que lo son, por lo que se evita ansiedad en la paciente.<\/p>\n<\/div>\n\n\n\n<div class=\"wp-block-column is-layout-flow wp-block-column-is-layout-flow\" style=\"flex-basis:25%\">\n<div class=\"wp-block-image fotoredonda\"><figure class=\"aligncenter size-large is-resized\"><img loading=\"lazy\" decoding=\"async\" src=\"https:\/\/www.riberasalud.com\/area-de-mama\/wp-content\/uploads\/2021\/03\/mama_Mesa-de-trabajo-1.png\" alt=\"\" class=\"wp-image-411\" width=\"100\" height=\"100\" srcset=\"https:\/\/riberasalud.com\/area-de-mama\/wp-content\/uploads\/2021\/03\/mama_Mesa-de-trabajo-1.png 200w, https:\/\/riberasalud.com\/area-de-mama\/wp-content\/uploads\/2021\/03\/mama_Mesa-de-trabajo-1-150x150.png 150w\" sizes=\"auto, (max-width: 100px) 100vw, 100px\" \/><\/figure><\/div>\n\n\n\n<h6 class=\"wp-block-heading\"><strong><strong><strong><strong>Biopsia r\u00e1pida<\/strong><\/strong><\/strong><\/strong><\/h6>\n\n\n\n<p style=\"font-size:14px\">En la mayor\u00eda de los casos se intenta trabajar en acto \u00fanico, es decir, en la misma visita en la que se detecta una lesi\u00f3n se lleva a cabo la biopsia. Esto viene facilitado por el uso de la tomos\u00edntesis, ya que detecta muchas m\u00e1s lesiones que la mamograf\u00eda convencional. En el momento en el que se detecta una posible lesi\u00f3n cancerosa, se realiza una biopsia para acelerar el proceso.<\/p>\n<\/div>\n\n\n\n<div class=\"wp-block-column is-layout-flow wp-block-column-is-layout-flow\" style=\"flex-basis:24.99%\">\n<div class=\"wp-block-image fotoredonda\"><figure class=\"aligncenter size-large is-resized\"><img loading=\"lazy\" decoding=\"async\" src=\"https:\/\/www.riberasalud.com\/area-de-mama\/wp-content\/uploads\/2021\/03\/mama-03.png\" alt=\"\" class=\"wp-image-407\" width=\"100\" height=\"100\" srcset=\"https:\/\/riberasalud.com\/area-de-mama\/wp-content\/uploads\/2021\/03\/mama-03.png 200w, https:\/\/riberasalud.com\/area-de-mama\/wp-content\/uploads\/2021\/03\/mama-03-150x150.png 150w\" sizes=\"auto, (max-width: 100px) 100vw, 100px\" \/><\/figure><\/div>\n\n\n\n<h6 class=\"wp-block-heading\"><strong><strong><strong><strong>Cirug\u00eda oncopl\u00e1stica y conservadora<\/strong><\/strong><\/strong><\/strong><\/h6>\n\n\n\n<p style=\"font-size:14px\">Como en todos los hospitales del grupo sanitario Ribera integrados en el \u00c1rea de la Mama, nuestra Unidad de Mama estudia y valora cada caso para priorizar la cirug\u00eda conservadora. En los casos en los que no es posible, se analiza la posibilidad de la reconstrucci\u00f3n mamaria en la misma intervenci\u00f3n quir\u00fargica en la que se retira el tejido canceroso. El objetivo en ambos casos es favorecer la recuperaci\u00f3n f\u00edsica y emocional de la mujer en el menor plazo posible.<\/p>\n<\/div>\n\n\n\n<div class=\"wp-block-column is-layout-flow wp-block-column-is-layout-flow\" style=\"flex-basis:25%\">\n<div class=\"wp-block-image fotoredonda\"><figure class=\"aligncenter size-large is-resized\"><img loading=\"lazy\" decoding=\"async\" src=\"https:\/\/www.riberasalud.com\/area-de-mama\/wp-content\/uploads\/2021\/04\/form.png\" alt=\"\" class=\"wp-image-501\" width=\"100\" height=\"100\" srcset=\"https:\/\/riberasalud.com\/area-de-mama\/wp-content\/uploads\/2021\/04\/form.png 511w, https:\/\/riberasalud.com\/area-de-mama\/wp-content\/uploads\/2021\/04\/form-300x300.png 300w, https:\/\/riberasalud.com\/area-de-mama\/wp-content\/uploads\/2021\/04\/form-150x150.png 150w\" sizes=\"auto, (max-width: 100px) 100vw, 100px\" \/><\/figure><\/div>\n\n\n\n<h6 class=\"wp-block-heading\"><strong><strong><strong><strong>Gestora de casos<\/strong><\/strong><\/strong><\/strong><\/h6>\n\n\n\n<p style=\"font-size:14px\">En Ribera Polusa contamos con la figura de la gestora de casos. Su papel es clave en el acompa\u00f1amiento y asesoramiento de las pacientes, desde el momento de su diagn\u00f3stico y durante todo el tratamiento. Facilita las citas para las pruebas y revisiones, la organizaci\u00f3n de la medicaci\u00f3n y los controles, resuelve dudas y miedos y est\u00e1 disponible, de manera presencial o telef\u00f3nica, para aconsejar a las pacientes sobre alimentaci\u00f3n, ejercicio f\u00edsico y s\u00edntomas.<\/p>\n<\/div>\n<\/div>\n\n\n\n<div class=\"wp-block-columns is-layout-flex wp-container-core-columns-is-layout-9d6595d7 wp-block-columns-is-layout-flex\">\n<div class=\"wp-block-column is-layout-flow wp-block-column-is-layout-flow\">\n<figure class=\"wp-block-image size-large fotoredonda\"><img loading=\"lazy\" decoding=\"async\" width=\"800\" height=\"533\" src=\"https:\/\/www.riberasalud.com\/area-de-mama\/wp-content\/uploads\/2022\/11\/Nuevo-mamo\u0301grafo-Ribera-Polusa.jpg\" alt=\"polusa\" class=\"wp-image-1021\" srcset=\"https:\/\/riberasalud.com\/area-de-mama\/wp-content\/uploads\/2022\/11\/Nuevo-mamo\u0301grafo-Ribera-Polusa.jpg 800w, https:\/\/riberasalud.com\/area-de-mama\/wp-content\/uploads\/2022\/11\/Nuevo-mamo\u0301grafo-Ribera-Polusa-300x200.jpg 300w, https:\/\/riberasalud.com\/area-de-mama\/wp-content\/uploads\/2022\/11\/Nuevo-mamo\u0301grafo-Ribera-Polusa-768x512.jpg 768w\" sizes=\"auto, (max-width: 800px) 100vw, 800px\" \/><\/figure>\n<\/div>\n\n\n\n<div class=\"wp-block-column is-layout-flow wp-block-column-is-layout-flow\">\n<figure class=\"wp-block-image size-large fotoredonda\"><img loading=\"lazy\" decoding=\"async\" width=\"800\" height=\"534\" src=\"https:\/\/www.riberasalud.com\/area-de-mama\/wp-content\/uploads\/2022\/11\/Anatomi\u0301a-patolo\u0301gica-grupo-Ribera.jpg\" alt=\"anatomia\" class=\"wp-image-1022\" srcset=\"https:\/\/riberasalud.com\/area-de-mama\/wp-content\/uploads\/2022\/11\/Anatomi\u0301a-patolo\u0301gica-grupo-Ribera.jpg 800w, https:\/\/riberasalud.com\/area-de-mama\/wp-content\/uploads\/2022\/11\/Anatomi\u0301a-patolo\u0301gica-grupo-Ribera-300x200.jpg 300w, https:\/\/riberasalud.com\/area-de-mama\/wp-content\/uploads\/2022\/11\/Anatomi\u0301a-patolo\u0301gica-grupo-Ribera-768x513.jpg 768w\" sizes=\"auto, (max-width: 800px) 100vw, 800px\" \/><\/figure>\n<\/div>\n<\/div>\n<\/div><\/div>\n","protected":false},"excerpt":{"rendered":"<p>Unidad de Mama del Hospital Ribera Polusa La Unidad de Mama del Hospital Ribera Polusa es la mejor elecci\u00f3n para las pacientes que buscan a los mejores profesionales de Espa\u00f1a para recibir una atenci\u00f3n integral en los casos en los que hay sospecha o diagn\u00f3stico de c\u00e1ncer de mama. Tambi\u00e9n para aquellas mujeres que han &#8230; <a title=\"Unidad de Mama del Hospital Ribera Polusa\" class=\"read-more\" href=\"https:\/\/riberasalud.com\/area-de-mama\/unidad-de-mama-del-hospital-ribera-polusa\/\" aria-label=\"Leer m\u00e1s sobre Unidad de Mama del Hospital Ribera Polusa\">Leer m\u00e1s<\/a><\/p>\n","protected":false},"author":2,"featured_media":0,"parent":0,"menu_order":0,"comment_status":"closed","ping_status":"closed","template":"","meta":{"_coblocks_attr":"","_coblocks_dimensions":"","_coblocks_responsive_height":"","_coblocks_accordion_ie_support":"","_uag_custom_page_level_css":"","advgb_blocks_editor_width":"","advgb_blocks_columns_visual_guide":"","_themeisle_gutenberg_block_has_review":false,"footnotes":""},"class_list":["post-1020","page","type-page","status-publish"],"yoast_head":"<!-- This site is optimized with the Yoast SEO plugin v26.6 - https:\/\/yoast.com\/wordpress\/plugins\/seo\/ -->\n<title>\u25b7 Unidad de Mama del Hospital Ribera Polusa - Ribera Salud \u00c1rea de Mama<\/title>\n<meta name=\"description\" content=\"lll\u1405 Unidad de Mama del Hospital Ribera Polusa La Unidad de Mama del Hospital Ribera Polusa es la mejor elecci\u00f3n para las pacientes que buscan a los mejores \u2705\" \/>\n<meta name=\"robots\" content=\"index, follow, max-snippet:-1, max-image-preview:large, max-video-preview:-1\" \/>\n<link rel=\"canonical\" href=\"https:\/\/riberasalud.com\/area-de-mama\/unidad-de-mama-del-hospital-ribera-polusa\/\" \/>\n<meta property=\"og:locale\" content=\"es_ES\" \/>\n<meta property=\"og:type\" content=\"article\" \/>\n<meta property=\"og:title\" content=\"\u25b7 Unidad de Mama del Hospital Ribera Polusa - Ribera Salud \u00c1rea de Mama\" \/>\n<meta property=\"og:description\" content=\"lll\u1405 Unidad de Mama del Hospital Ribera Polusa La Unidad de Mama del Hospital Ribera Polusa es la mejor elecci\u00f3n para las pacientes que buscan a los mejores \u2705\" \/>\n<meta property=\"og:url\" content=\"https:\/\/riberasalud.com\/area-de-mama\/unidad-de-mama-del-hospital-ribera-polusa\/\" \/>\n<meta property=\"og:site_name\" content=\"Ribera Salud \u00c1rea de Mama\" \/>\n<meta property=\"article:modified_time\" content=\"2022-11-14T15:23:31+00:00\" \/>\n<meta property=\"og:image\" content=\"https:\/\/www.riberasalud.com\/area-de-mama\/wp-content\/uploads\/2021\/04\/image.png\" \/>\n<meta name=\"twitter:card\" content=\"summary_large_image\" \/>\n<meta name=\"twitter:label1\" content=\"Tiempo de lectura\" \/>\n\t<meta name=\"twitter:data1\" content=\"4 minutos\" \/>\n<script type=\"application\/ld+json\" class=\"yoast-schema-graph\">{\"@context\":\"https:\/\/schema.org\",\"@graph\":[{\"@type\":\"WebPage\",\"@id\":\"https:\/\/riberasalud.com\/area-de-mama\/unidad-de-mama-del-hospital-ribera-polusa\/\",\"url\":\"https:\/\/riberasalud.com\/area-de-mama\/unidad-de-mama-del-hospital-ribera-polusa\/\",\"name\":\"\u25b7 Unidad de Mama del Hospital Ribera Polusa - Ribera Salud \u00c1rea de Mama\",\"isPartOf\":{\"@id\":\"https:\/\/riberasalud.com\/area-de-mama\/#website\"},\"primaryImageOfPage\":{\"@id\":\"https:\/\/riberasalud.com\/area-de-mama\/unidad-de-mama-del-hospital-ribera-polusa\/#primaryimage\"},\"image\":{\"@id\":\"https:\/\/riberasalud.com\/area-de-mama\/unidad-de-mama-del-hospital-ribera-polusa\/#primaryimage\"},\"thumbnailUrl\":\"https:\/\/www.riberasalud.com\/area-de-mama\/wp-content\/uploads\/2021\/04\/image.png\",\"datePublished\":\"2022-11-14T15:23:30+00:00\",\"dateModified\":\"2022-11-14T15:23:31+00:00\",\"description\":\"lll\u1405 Unidad de Mama del Hospital Ribera Polusa La Unidad de Mama del Hospital Ribera Polusa es la mejor elecci\u00f3n para las pacientes que buscan a los mejores \u2705\",\"breadcrumb\":{\"@id\":\"https:\/\/riberasalud.com\/area-de-mama\/unidad-de-mama-del-hospital-ribera-polusa\/#breadcrumb\"},\"inLanguage\":\"es\",\"potentialAction\":[{\"@type\":\"ReadAction\",\"target\":[\"https:\/\/riberasalud.com\/area-de-mama\/unidad-de-mama-del-hospital-ribera-polusa\/\"]}]},{\"@type\":\"ImageObject\",\"inLanguage\":\"es\",\"@id\":\"https:\/\/riberasalud.com\/area-de-mama\/unidad-de-mama-del-hospital-ribera-polusa\/#primaryimage\",\"url\":\"https:\/\/www.riberasalud.com\/area-de-mama\/wp-content\/uploads\/2021\/04\/image.png\",\"contentUrl\":\"https:\/\/www.riberasalud.com\/area-de-mama\/wp-content\/uploads\/2021\/04\/image.png\"},{\"@type\":\"BreadcrumbList\",\"@id\":\"https:\/\/riberasalud.com\/area-de-mama\/unidad-de-mama-del-hospital-ribera-polusa\/#breadcrumb\",\"itemListElement\":[{\"@type\":\"ListItem\",\"position\":1,\"name\":\"Portada\",\"item\":\"https:\/\/riberasalud.com\/area-de-mama\/\"},{\"@type\":\"ListItem\",\"position\":2,\"name\":\"Unidad de Mama del Hospital Ribera Polusa\"}]},{\"@type\":\"WebSite\",\"@id\":\"https:\/\/riberasalud.com\/area-de-mama\/#website\",\"url\":\"https:\/\/riberasalud.com\/area-de-mama\/\",\"name\":\"Ribera Salud \u00c1rea de Mama\",\"description\":\"\",\"publisher\":{\"@id\":\"https:\/\/riberasalud.com\/area-de-mama\/#organization\"},\"potentialAction\":[{\"@type\":\"SearchAction\",\"target\":{\"@type\":\"EntryPoint\",\"urlTemplate\":\"https:\/\/riberasalud.com\/area-de-mama\/?s={search_term_string}\"},\"query-input\":{\"@type\":\"PropertyValueSpecification\",\"valueRequired\":true,\"valueName\":\"search_term_string\"}}],\"inLanguage\":\"es\"},{\"@type\":\"Organization\",\"@id\":\"https:\/\/riberasalud.com\/area-de-mama\/#organization\",\"name\":\"Ribera Salud \u00c1rea de Mama\",\"url\":\"https:\/\/riberasalud.com\/area-de-mama\/\",\"logo\":{\"@type\":\"ImageObject\",\"inLanguage\":\"es\",\"@id\":\"https:\/\/riberasalud.com\/area-de-mama\/#\/schema\/logo\/image\/\",\"url\":\"https:\/\/riberasalud.com\/area-de-mama\/wp-content\/uploads\/2021\/02\/cropped-Logotipo-White-1.png\",\"contentUrl\":\"https:\/\/riberasalud.com\/area-de-mama\/wp-content\/uploads\/2021\/02\/cropped-Logotipo-White-1.png\",\"width\":1200,\"height\":474,\"caption\":\"Ribera Salud \u00c1rea de Mama\"},\"image\":{\"@id\":\"https:\/\/riberasalud.com\/area-de-mama\/#\/schema\/logo\/image\/\"}}]}<\/script>\n<!-- \/ Yoast SEO plugin. -->","yoast_head_json":{"title":"\u25b7 Unidad de Mama del Hospital Ribera Polusa - Ribera Salud \u00c1rea de Mama","description":"lll\u1405 Unidad de Mama del Hospital Ribera Polusa La Unidad de Mama del Hospital Ribera Polusa es la mejor elecci\u00f3n para las pacientes que buscan a los mejores \u2705","robots":{"index":"index","follow":"follow","max-snippet":"max-snippet:-1","max-image-preview":"max-image-preview:large","max-video-preview":"max-video-preview:-1"},"canonical":"https:\/\/riberasalud.com\/area-de-mama\/unidad-de-mama-del-hospital-ribera-polusa\/","og_locale":"es_ES","og_type":"article","og_title":"\u25b7 Unidad de Mama del Hospital Ribera Polusa - Ribera Salud \u00c1rea de Mama","og_description":"lll\u1405 Unidad de Mama del Hospital Ribera Polusa La Unidad de Mama del Hospital Ribera Polusa es la mejor elecci\u00f3n para las pacientes que buscan a los mejores \u2705","og_url":"https:\/\/riberasalud.com\/area-de-mama\/unidad-de-mama-del-hospital-ribera-polusa\/","og_site_name":"Ribera Salud \u00c1rea de Mama","article_modified_time":"2022-11-14T15:23:31+00:00","og_image":[{"url":"https:\/\/www.riberasalud.com\/area-de-mama\/wp-content\/uploads\/2021\/04\/image.png","type":"","width":"","height":""}],"twitter_card":"summary_large_image","twitter_misc":{"Tiempo de lectura":"4 minutos"},"schema":{"@context":"https:\/\/schema.org","@graph":[{"@type":"WebPage","@id":"https:\/\/riberasalud.com\/area-de-mama\/unidad-de-mama-del-hospital-ribera-polusa\/","url":"https:\/\/riberasalud.com\/area-de-mama\/unidad-de-mama-del-hospital-ribera-polusa\/","name":"\u25b7 Unidad de Mama del Hospital Ribera Polusa - Ribera Salud \u00c1rea de Mama","isPartOf":{"@id":"https:\/\/riberasalud.com\/area-de-mama\/#website"},"primaryImageOfPage":{"@id":"https:\/\/riberasalud.com\/area-de-mama\/unidad-de-mama-del-hospital-ribera-polusa\/#primaryimage"},"image":{"@id":"https:\/\/riberasalud.com\/area-de-mama\/unidad-de-mama-del-hospital-ribera-polusa\/#primaryimage"},"thumbnailUrl":"https:\/\/www.riberasalud.com\/area-de-mama\/wp-content\/uploads\/2021\/04\/image.png","datePublished":"2022-11-14T15:23:30+00:00","dateModified":"2022-11-14T15:23:31+00:00","description":"lll\u1405 Unidad de Mama del Hospital Ribera Polusa La Unidad de Mama del Hospital Ribera Polusa es la mejor elecci\u00f3n para las pacientes que buscan a los mejores \u2705","breadcrumb":{"@id":"https:\/\/riberasalud.com\/area-de-mama\/unidad-de-mama-del-hospital-ribera-polusa\/#breadcrumb"},"inLanguage":"es","potentialAction":[{"@type":"ReadAction","target":["https:\/\/riberasalud.com\/area-de-mama\/unidad-de-mama-del-hospital-ribera-polusa\/"]}]},{"@type":"ImageObject","inLanguage":"es","@id":"https:\/\/riberasalud.com\/area-de-mama\/unidad-de-mama-del-hospital-ribera-polusa\/#primaryimage","url":"https:\/\/www.riberasalud.com\/area-de-mama\/wp-content\/uploads\/2021\/04\/image.png","contentUrl":"https:\/\/www.riberasalud.com\/area-de-mama\/wp-content\/uploads\/2021\/04\/image.png"},{"@type":"BreadcrumbList","@id":"https:\/\/riberasalud.com\/area-de-mama\/unidad-de-mama-del-hospital-ribera-polusa\/#breadcrumb","itemListElement":[{"@type":"ListItem","position":1,"name":"Portada","item":"https:\/\/riberasalud.com\/area-de-mama\/"},{"@type":"ListItem","position":2,"name":"Unidad de Mama del Hospital Ribera Polusa"}]},{"@type":"WebSite","@id":"https:\/\/riberasalud.com\/area-de-mama\/#website","url":"https:\/\/riberasalud.com\/area-de-mama\/","name":"Ribera Salud \u00c1rea de Mama","description":"","publisher":{"@id":"https:\/\/riberasalud.com\/area-de-mama\/#organization"},"potentialAction":[{"@type":"SearchAction","target":{"@type":"EntryPoint","urlTemplate":"https:\/\/riberasalud.com\/area-de-mama\/?s={search_term_string}"},"query-input":{"@type":"PropertyValueSpecification","valueRequired":true,"valueName":"search_term_string"}}],"inLanguage":"es"},{"@type":"Organization","@id":"https:\/\/riberasalud.com\/area-de-mama\/#organization","name":"Ribera Salud \u00c1rea de Mama","url":"https:\/\/riberasalud.com\/area-de-mama\/","logo":{"@type":"ImageObject","inLanguage":"es","@id":"https:\/\/riberasalud.com\/area-de-mama\/#\/schema\/logo\/image\/","url":"https:\/\/riberasalud.com\/area-de-mama\/wp-content\/uploads\/2021\/02\/cropped-Logotipo-White-1.png","contentUrl":"https:\/\/riberasalud.com\/area-de-mama\/wp-content\/uploads\/2021\/02\/cropped-Logotipo-White-1.png","width":1200,"height":474,"caption":"Ribera Salud \u00c1rea de Mama"},"image":{"@id":"https:\/\/riberasalud.com\/area-de-mama\/#\/schema\/logo\/image\/"}}]}},"pbg_featured_image_src":{"full":false,"thumbnail":false,"medium":false,"medium_large":false,"large":false,"xl":false,"xxl":false,"xxxl":false,"xxxxl":false,"xxxxxl":false,"1536x1536":false,"2048x2048":false},"pbg_author_info":{"display_name":"marsanchez","author_link":"https:\/\/riberasalud.com\/area-de-mama\/author\/marsanchez\/","author_img":"<img alt='marsanchez' src='https:\/\/secure.gravatar.com\/avatar\/0e2ddfa6ca50f038a905865f19439697542e5743a0628f67c9fac9c893b311be?s=128&#038;d=mm&#038;r=g' srcset='https:\/\/secure.gravatar.com\/avatar\/0e2ddfa6ca50f038a905865f19439697542e5743a0628f67c9fac9c893b311be?s=256&#038;d=mm&#038;r=g 2x' class='avatar avatar-128 photo' height='128' width='128' loading='lazy' decoding='async'\/>"},"pbg_comment_info":" No Comments","pbg_excerpt":"Unidad de Mama del Hospital Ribera Polusa La Unidad de Mama del Hospital Ribera Polusa es la mejor elecci\u00f3n para las pacientes que buscan a los mejores profesionales de Espa\u00f1a para recibir una atenci\u00f3n integral en los casos en los que hay sospecha o diagn\u00f3stico de c\u00e1ncer de mama. Tambi\u00e9n para aquellas mujeres que han&hellip;","uagb_featured_image_src":{"full":false,"thumbnail":false,"medium":false,"medium_large":false,"large":false,"xl":false,"xxl":false,"xxxl":false,"xxxxl":false,"xxxxxl":false,"1536x1536":false,"2048x2048":false},"uagb_author_info":{"display_name":"marsanchez","author_link":"https:\/\/riberasalud.com\/area-de-mama\/author\/marsanchez\/"},"uagb_comment_info":0,"uagb_excerpt":"Unidad de Mama del Hospital Ribera Polusa La Unidad de Mama del Hospital Ribera Polusa es la mejor elecci\u00f3n para las pacientes que buscan a los mejores profesionales de Espa\u00f1a para recibir una atenci\u00f3n integral en los casos en los que hay sospecha o diagn\u00f3stico de c\u00e1ncer de mama. Tambi\u00e9n para aquellas mujeres que han&hellip;","coauthors":[],"author_meta":{"author_link":"https:\/\/riberasalud.com\/area-de-mama\/author\/marsanchez\/","display_name":"marsanchez"},"relative_dates":{"created":"Publicado 3 a\u00f1os hace","modified":"Actualizado 3 a\u00f1os hace"},"absolute_dates":{"created":"Publicado el 14 de noviembre de 2022","modified":"Actualizado el 14 de noviembre de 2022"},"absolute_dates_time":{"created":"Publicado el 14 de noviembre de 2022 15:23","modified":"Actualizado el 14 de noviembre de 2022 15:23"},"featured_img_caption":"","featured_img":false,"series_order":"","_links":{"self":[{"href":"https:\/\/riberasalud.com\/area-de-mama\/wp-json\/wp\/v2\/pages\/1020","targetHints":{"allow":["GET"]}}],"collection":[{"href":"https:\/\/riberasalud.com\/area-de-mama\/wp-json\/wp\/v2\/pages"}],"about":[{"href":"https:\/\/riberasalud.com\/area-de-mama\/wp-json\/wp\/v2\/types\/page"}],"author":[{"embeddable":true,"href":"https:\/\/riberasalud.com\/area-de-mama\/wp-json\/wp\/v2\/users\/2"}],"replies":[{"embeddable":true,"href":"https:\/\/riberasalud.com\/area-de-mama\/wp-json\/wp\/v2\/comments?post=1020"}],"version-history":[{"count":1,"href":"https:\/\/riberasalud.com\/area-de-mama\/wp-json\/wp\/v2\/pages\/1020\/revisions"}],"predecessor-version":[{"id":1023,"href":"https:\/\/riberasalud.com\/area-de-mama\/wp-json\/wp\/v2\/pages\/1020\/revisions\/1023"}],"wp:attachment":[{"href":"https:\/\/riberasalud.com\/area-de-mama\/wp-json\/wp\/v2\/media?parent=1020"}],"curies":[{"name":"wp","href":"https:\/\/api.w.org\/{rel}","templated":true}]}}