{"id":6575,"date":"2024-09-25T08:41:35","date_gmt":"2024-09-25T06:41:35","guid":{"rendered":"https:\/\/riberasalud.com\/ribera-saludaux\/?page_id=6575"},"modified":"2024-10-28T13:02:51","modified_gmt":"2024-10-28T12:02:51","slug":"contacto","status":"publish","type":"page","link":"https:\/\/riberasalud.com\/area-de-la-mujer\/contacto\/","title":{"rendered":"Contacto"},"content":{"rendered":"\n<div class=\"wp-block-cover alignfull bannerribera\" style=\"min-height:430px;aspect-ratio:unset;\"><span aria-hidden=\"true\" class=\"wp-block-cover__background has-contrast-background-color has-background-dim-70 has-background-dim\"><\/span><img loading=\"lazy\" decoding=\"async\" width=\"1354\" height=\"477\" class=\"wp-block-cover__image-background wp-image-8065\" alt=\"fachada polusa\" src=\"https:\/\/riberasalud.com\/area-de-la-mujer\/wp-content\/uploads\/2024\/10\/fachadaPolusa.jpg\" data-object-fit=\"cover\" srcset=\"https:\/\/riberasalud.com\/area-de-la-mujer\/wp-content\/uploads\/2024\/10\/fachadaPolusa.jpg 1354w, https:\/\/riberasalud.com\/area-de-la-mujer\/wp-content\/uploads\/2024\/10\/fachadaPolusa-300x106.jpg 300w, https:\/\/riberasalud.com\/area-de-la-mujer\/wp-content\/uploads\/2024\/10\/fachadaPolusa-1024x361.jpg 1024w, https:\/\/riberasalud.com\/area-de-la-mujer\/wp-content\/uploads\/2024\/10\/fachadaPolusa-768x271.jpg 768w\" sizes=\"auto, (max-width: 1354px) 100vw, 1354px\" \/><div class=\"wp-block-cover__inner-container is-layout-constrained wp-block-cover-is-layout-constrained\">\n<div class=\"wp-block-columns is-layout-flex wp-container-core-columns-is-layout-9d6595d7 wp-block-columns-is-layout-flex\">\n<div class=\"wp-block-column is-layout-flow wp-block-column-is-layout-flow\">\n<h1 class=\"wp-block-heading has-text-align-left has-large-font-size\">Contacto<\/h1>\n\n\n\n<p class=\"has-text-align-left\" style=\"font-size:18px\">Encuentra aqu\u00ed nuestras v\u00edas de contacto, ubicaci\u00f3n y horarios. Estamos listos para atenderte siempre<br><\/p>\n<\/div>\n<\/div>\n<\/div><\/div>\n\n\n\n<div class=\"wp-block-group grupocontacto\"><div class=\"wp-block-group__inner-container is-layout-constrained wp-block-group-is-layout-constrained\">\n<div class=\"wp-block-columns columnascontacto hasbackgroundgris is-layout-flex wp-container-core-columns-is-layout-9d6595d7 wp-block-columns-is-layout-flex\">\n<div class=\"wp-block-column first is-layout-flow wp-block-column-is-layout-flow\">\n<figure class=\"wp-block-image size-full\"><img loading=\"lazy\" decoding=\"async\" width=\"800\" height=\"800\" src=\"https:\/\/riberasalud.com\/area-de-la-mujer\/wp-content\/uploads\/2024\/10\/contacto.jpg\" alt=\"contacto polusa\" class=\"wp-image-9153\" srcset=\"https:\/\/riberasalud.com\/area-de-la-mujer\/wp-content\/uploads\/2024\/10\/contacto.jpg 800w, https:\/\/riberasalud.com\/area-de-la-mujer\/wp-content\/uploads\/2024\/10\/contacto-300x300.jpg 300w, https:\/\/riberasalud.com\/area-de-la-mujer\/wp-content\/uploads\/2024\/10\/contacto-150x150.jpg 150w, https:\/\/riberasalud.com\/area-de-la-mujer\/wp-content\/uploads\/2024\/10\/contacto-768x768.jpg 768w\" sizes=\"auto, (max-width: 800px) 100vw, 800px\" \/><\/figure>\n<\/div>\n\n\n\n<div class=\"wp-block-column is-vertically-aligned-center second is-layout-flow wp-block-column-is-layout-flow\">\n<h2 class=\"wp-block-heading has-text-align-left\">Ponte en contacto con nosotros<\/h2>\n\n\n\n<h3 class=\"wp-block-heading has-text-align-left\"><strong>Email<\/strong><\/h3>\n\n\n\n<p class=\"has-text-align-left has-text-color has-link-color wp-elements-654afc7043860fd276b03aeac0a4082d\" style=\"color:#d71029\"><a href=\"mailto:areadelamujer.polusa@riberacare.com\" data-type=\"mailto\" data-id=\"mailto:areadelamujer.polusa@riberacare.com\">areadelamujer.polusa@riberacare.com<\/a><span id=\"docs-internal-guid-a0faf48c-7fff-6ebe-dcc2-a18e50f8eb4f\"><div><span style=\"font-size: 11pt; font-family: Aptos; color: rgb(0, 0, 0); background-color: transparent; font-variant-numeric: normal; font-variant-east-asian: normal; font-variant-alternates: normal; font-variant-position: normal; vertical-align: baseline;\"><\/span><\/div><\/span><\/p>\n\n\n\n<h3 class=\"wp-block-heading has-text-align-left\"><strong>Tel\u00e9fono<\/strong><\/h3>\n\n\n\n<p class=\"has-text-align-left has-contrast-color has-text-color has-link-color wp-elements-c9949cd9183fc720f112a0f8cea55711\"><a href=\"tel:664444331\" data-type=\"tel\" data-id=\"tel:664444331\">664 444 331<\/a><span id=\"docs-internal-guid-f040d21a-7fff-df3a-61ec-de8a3f973702\"><div><span style=\"font-size: 11pt; font-family: Aptos; color: rgb(0, 0, 0); background-color: transparent; font-variant-numeric: normal; font-variant-east-asian: normal; font-variant-alternates: normal; font-variant-position: normal; vertical-align: baseline;\"><\/span><\/div><\/span><\/p>\n\n\n\n<h3 class=\"wp-block-heading has-text-align-left\"><strong>Localizaci\u00f3n<\/strong><\/h3>\n\n\n\n<p class=\"has-text-align-left has-contrast-color has-text-color has-link-color wp-elements-38b14830f7eb3a0e177ed2b29538158a\">El \u00c1rea de Salud de la Mujer se encuentra en el Hospital Ribera Polusa, ubicado en:<br>C\/ Dr. Iglesias Otero, s\/n. 27004. Lugo (Spain)<\/p>\n\n\n\n<h3 class=\"wp-block-heading has-text-align-left\"><strong>En coche<\/strong><\/h3>\n\n\n\n<p>El hospital cuenta con un amplio estacionamiento para pacientes y visitantes. Se puede acceder al hospital por el nuevo Puente sobre el Rio Mi\u00f1o y no por el antiguo puente romano.<\/p>\n\n\n\n<h3 class=\"wp-block-heading has-text-align-left\"><strong>En transporte p\u00fablico<\/strong><\/h3>\n\n\n\n<p class=\"has-text-align-left\">Varias l\u00edneas de autobuses urbanos conectan el hospital con diferentes puntos de la ciudad: <strong>L\u00ednea 1 L\u00ednea 4<\/strong> <strong>L\u00ednea 5<\/strong><\/p>\n\n\n\n<p class=\"has-text-align-left\">Para m\u00e1s detalles sobre horarios y otras l\u00edneas, puedes consultar <a href=\"https:\/\/buslugo.com\/\">aqu\u00ed<\/a><\/p>\n<\/div>\n<\/div>\n<\/div><\/div>\n\n\n\n<iframe class=\"mappildora1\" src=\"https:\/\/www.google.com\/maps\/embed?pb=!1m18!1m12!1m3!1d2918.0916439879347!2d-7.570879222712995!3d42.997404794596825!2m3!1f0!2f0!3f0!3m2!1i1024!2i768!4f13.1!3m3!1m2!1s0xd31cdd3f8683ffb%3A0x1909a24cce1de3a2!2sHospital%20Ribera%20Polusa!5e0!3m2!1ses!2ses!4v1729590551329!5m2!1ses!2ses\" width=\"100%\" height=\"250px\" style=\"border:0;\" allowfullscreen=\"\" loading=\"lazy\" referrerpolicy=\"no-referrer-when-downgrade\"><\/iframe>\n","protected":false},"excerpt":{"rendered":"<p>Ponte en contacto con nosotros Email areadelamujer.polusa@riberacare.com Tel\u00e9fono 664 444 331 Localizaci\u00f3n El \u00c1rea de Salud de la Mujer se encuentra en el Hospital Ribera Polusa, ubicado en:C\/ Dr. Iglesias Otero, s\/n. 27004. Lugo (Spain) En coche El hospital cuenta con un amplio estacionamiento para pacientes y visitantes. Se puede acceder al hospital por el &#8230; <\/p>\n<p class=\"read-more-container\"><a title=\"Contacto\" class=\"read-more button\" href=\"https:\/\/riberasalud.com\/area-de-la-mujer\/contacto\/#more-6575\" aria-label=\"Leer m\u00e1s sobre Contacto\">Leer m\u00e1s<\/a><\/p>\n","protected":false},"author":1,"featured_media":0,"parent":0,"menu_order":0,"comment_status":"closed","ping_status":"closed","template":"","meta":{"footnotes":""},"class_list":["post-6575","page","type-page","status-publish"],"yoast_head":"<!-- This site is optimized with the Yoast SEO plugin v26.6 - https:\/\/yoast.com\/wordpress\/plugins\/seo\/ -->\n<title>Contacto | Grupo sanitario Ribera<\/title>\n<meta name=\"description\" content=\"Encuentra aqu\u00ed las v\u00edas de contacto, ubicaci\u00f3n y horarios del Grupo Ribera Salud. Estamos listos para atenderte siempre.\" \/>\n<meta name=\"robots\" content=\"index, follow, max-snippet:-1, max-image-preview:large, max-video-preview:-1\" \/>\n<link rel=\"canonical\" href=\"https:\/\/riberasalud.com\/area-de-la-mujer\/contacto\/\" \/>\n<meta property=\"og:locale\" content=\"es_ES\" \/>\n<meta property=\"og:type\" content=\"article\" \/>\n<meta property=\"og:title\" content=\"Contacto | Grupo sanitario Ribera\" \/>\n<meta property=\"og:description\" content=\"Encuentra aqu\u00ed las v\u00edas de contacto, ubicaci\u00f3n y horarios del Grupo Ribera Salud. Estamos listos para atenderte siempre.\" \/>\n<meta property=\"og:url\" content=\"https:\/\/riberasalud.com\/area-de-la-mujer\/contacto\/\" \/>\n<meta property=\"og:site_name\" content=\"\u00c1rea de la Mujer\" \/>\n<meta property=\"article:modified_time\" content=\"2024-10-28T12:02:51+00:00\" \/>\n<meta property=\"og:image\" content=\"https:\/\/riberasalud.com\/area-de-la-mujer\/wp-content\/uploads\/2024\/08\/Somos-Ribera-Salud-Responsable-2.jpg\" \/>\n\t<meta property=\"og:image:width\" content=\"1450\" \/>\n\t<meta property=\"og:image:height\" content=\"967\" \/>\n\t<meta property=\"og:image:type\" content=\"image\/jpeg\" \/>\n<meta name=\"twitter:card\" content=\"summary_large_image\" \/>\n<meta name=\"twitter:label1\" content=\"Tiempo de lectura\" \/>\n\t<meta name=\"twitter:data1\" content=\"1 minuto\" \/>\n<script type=\"application\/ld+json\" class=\"yoast-schema-graph\">{\"@context\":\"https:\/\/schema.org\",\"@graph\":[{\"@type\":\"WebPage\",\"@id\":\"https:\/\/riberasalud.com\/area-de-la-mujer\/contacto\/\",\"url\":\"https:\/\/riberasalud.com\/area-de-la-mujer\/contacto\/\",\"name\":\"Contacto | Grupo sanitario Ribera\",\"isPartOf\":{\"@id\":\"https:\/\/riberasalud.com\/area-de-la-mujer\/#website\"},\"primaryImageOfPage\":{\"@id\":\"https:\/\/riberasalud.com\/area-de-la-mujer\/contacto\/#primaryimage\"},\"image\":{\"@id\":\"https:\/\/riberasalud.com\/area-de-la-mujer\/contacto\/#primaryimage\"},\"thumbnailUrl\":\"https:\/\/riberasalud.com\/area-de-la-mujer\/wp-content\/uploads\/2024\/10\/fachadaPolusa.jpg\",\"datePublished\":\"2024-09-25T06:41:35+00:00\",\"dateModified\":\"2024-10-28T12:02:51+00:00\",\"description\":\"Encuentra aqu\u00ed las v\u00edas de contacto, ubicaci\u00f3n y horarios del Grupo Ribera Salud. Estamos listos para atenderte siempre.\",\"breadcrumb\":{\"@id\":\"https:\/\/riberasalud.com\/area-de-la-mujer\/contacto\/#breadcrumb\"},\"inLanguage\":\"es\",\"potentialAction\":[{\"@type\":\"ReadAction\",\"target\":[\"https:\/\/riberasalud.com\/area-de-la-mujer\/contacto\/\"]}]},{\"@type\":\"ImageObject\",\"inLanguage\":\"es\",\"@id\":\"https:\/\/riberasalud.com\/area-de-la-mujer\/contacto\/#primaryimage\",\"url\":\"https:\/\/riberasalud.com\/area-de-la-mujer\/wp-content\/uploads\/2024\/10\/fachadaPolusa.jpg\",\"contentUrl\":\"https:\/\/riberasalud.com\/area-de-la-mujer\/wp-content\/uploads\/2024\/10\/fachadaPolusa.jpg\",\"width\":1354,\"height\":477,\"caption\":\"fachada polusa\"},{\"@type\":\"BreadcrumbList\",\"@id\":\"https:\/\/riberasalud.com\/area-de-la-mujer\/contacto\/#breadcrumb\",\"itemListElement\":[{\"@type\":\"ListItem\",\"position\":1,\"name\":\"Portada\",\"item\":\"https:\/\/riberasalud.com\/area-de-la-mujer\/\"},{\"@type\":\"ListItem\",\"position\":2,\"name\":\"Contacto\"}]},{\"@type\":\"WebSite\",\"@id\":\"https:\/\/riberasalud.com\/area-de-la-mujer\/#website\",\"url\":\"https:\/\/riberasalud.com\/area-de-la-mujer\/\",\"name\":\"\u00c1rea de la Mujer\",\"description\":\"\",\"publisher\":{\"@id\":\"https:\/\/riberasalud.com\/area-de-la-mujer\/#organization\"},\"potentialAction\":[{\"@type\":\"SearchAction\",\"target\":{\"@type\":\"EntryPoint\",\"urlTemplate\":\"https:\/\/riberasalud.com\/area-de-la-mujer\/?s={search_term_string}\"},\"query-input\":{\"@type\":\"PropertyValueSpecification\",\"valueRequired\":true,\"valueName\":\"search_term_string\"}}],\"inLanguage\":\"es\"},{\"@type\":\"Organization\",\"@id\":\"https:\/\/riberasalud.com\/area-de-la-mujer\/#organization\",\"name\":\"\u00c1rea de la Mujer\",\"url\":\"https:\/\/riberasalud.com\/area-de-la-mujer\/\",\"logo\":{\"@type\":\"ImageObject\",\"inLanguage\":\"es\",\"@id\":\"https:\/\/riberasalud.com\/area-de-la-mujer\/#\/schema\/logo\/image\/\",\"url\":\"https:\/\/riberasalud.com\/area-de-la-mujer\/wp-content\/uploads\/2024\/10\/Logo-Red-Polusa.png\",\"contentUrl\":\"https:\/\/riberasalud.com\/area-de-la-mujer\/wp-content\/uploads\/2024\/10\/Logo-Red-Polusa.png\",\"width\":1929,\"height\":489,\"caption\":\"\u00c1rea de la Mujer\"},\"image\":{\"@id\":\"https:\/\/riberasalud.com\/area-de-la-mujer\/#\/schema\/logo\/image\/\"}}]}<\/script>\n<!-- \/ Yoast SEO plugin. -->","yoast_head_json":{"title":"Contacto | Grupo sanitario Ribera","description":"Encuentra aqu\u00ed las v\u00edas de contacto, ubicaci\u00f3n y horarios del Grupo Ribera Salud. Estamos listos para atenderte siempre.","robots":{"index":"index","follow":"follow","max-snippet":"max-snippet:-1","max-image-preview":"max-image-preview:large","max-video-preview":"max-video-preview:-1"},"canonical":"https:\/\/riberasalud.com\/area-de-la-mujer\/contacto\/","og_locale":"es_ES","og_type":"article","og_title":"Contacto | Grupo sanitario Ribera","og_description":"Encuentra aqu\u00ed las v\u00edas de contacto, ubicaci\u00f3n y horarios del Grupo Ribera Salud. Estamos listos para atenderte siempre.","og_url":"https:\/\/riberasalud.com\/area-de-la-mujer\/contacto\/","og_site_name":"\u00c1rea de la Mujer","article_modified_time":"2024-10-28T12:02:51+00:00","og_image":[{"width":1450,"height":967,"url":"https:\/\/riberasalud.com\/area-de-la-mujer\/wp-content\/uploads\/2024\/08\/Somos-Ribera-Salud-Responsable-2.jpg","type":"image\/jpeg"}],"twitter_card":"summary_large_image","twitter_misc":{"Tiempo de lectura":"1 minuto"},"schema":{"@context":"https:\/\/schema.org","@graph":[{"@type":"WebPage","@id":"https:\/\/riberasalud.com\/area-de-la-mujer\/contacto\/","url":"https:\/\/riberasalud.com\/area-de-la-mujer\/contacto\/","name":"Contacto | Grupo sanitario Ribera","isPartOf":{"@id":"https:\/\/riberasalud.com\/area-de-la-mujer\/#website"},"primaryImageOfPage":{"@id":"https:\/\/riberasalud.com\/area-de-la-mujer\/contacto\/#primaryimage"},"image":{"@id":"https:\/\/riberasalud.com\/area-de-la-mujer\/contacto\/#primaryimage"},"thumbnailUrl":"https:\/\/riberasalud.com\/area-de-la-mujer\/wp-content\/uploads\/2024\/10\/fachadaPolusa.jpg","datePublished":"2024-09-25T06:41:35+00:00","dateModified":"2024-10-28T12:02:51+00:00","description":"Encuentra aqu\u00ed las v\u00edas de contacto, ubicaci\u00f3n y horarios del Grupo Ribera Salud. Estamos listos para atenderte siempre.","breadcrumb":{"@id":"https:\/\/riberasalud.com\/area-de-la-mujer\/contacto\/#breadcrumb"},"inLanguage":"es","potentialAction":[{"@type":"ReadAction","target":["https:\/\/riberasalud.com\/area-de-la-mujer\/contacto\/"]}]},{"@type":"ImageObject","inLanguage":"es","@id":"https:\/\/riberasalud.com\/area-de-la-mujer\/contacto\/#primaryimage","url":"https:\/\/riberasalud.com\/area-de-la-mujer\/wp-content\/uploads\/2024\/10\/fachadaPolusa.jpg","contentUrl":"https:\/\/riberasalud.com\/area-de-la-mujer\/wp-content\/uploads\/2024\/10\/fachadaPolusa.jpg","width":1354,"height":477,"caption":"fachada polusa"},{"@type":"BreadcrumbList","@id":"https:\/\/riberasalud.com\/area-de-la-mujer\/contacto\/#breadcrumb","itemListElement":[{"@type":"ListItem","position":1,"name":"Portada","item":"https:\/\/riberasalud.com\/area-de-la-mujer\/"},{"@type":"ListItem","position":2,"name":"Contacto"}]},{"@type":"WebSite","@id":"https:\/\/riberasalud.com\/area-de-la-mujer\/#website","url":"https:\/\/riberasalud.com\/area-de-la-mujer\/","name":"\u00c1rea de la Mujer","description":"","publisher":{"@id":"https:\/\/riberasalud.com\/area-de-la-mujer\/#organization"},"potentialAction":[{"@type":"SearchAction","target":{"@type":"EntryPoint","urlTemplate":"https:\/\/riberasalud.com\/area-de-la-mujer\/?s={search_term_string}"},"query-input":{"@type":"PropertyValueSpecification","valueRequired":true,"valueName":"search_term_string"}}],"inLanguage":"es"},{"@type":"Organization","@id":"https:\/\/riberasalud.com\/area-de-la-mujer\/#organization","name":"\u00c1rea de la Mujer","url":"https:\/\/riberasalud.com\/area-de-la-mujer\/","logo":{"@type":"ImageObject","inLanguage":"es","@id":"https:\/\/riberasalud.com\/area-de-la-mujer\/#\/schema\/logo\/image\/","url":"https:\/\/riberasalud.com\/area-de-la-mujer\/wp-content\/uploads\/2024\/10\/Logo-Red-Polusa.png","contentUrl":"https:\/\/riberasalud.com\/area-de-la-mujer\/wp-content\/uploads\/2024\/10\/Logo-Red-Polusa.png","width":1929,"height":489,"caption":"\u00c1rea de la Mujer"},"image":{"@id":"https:\/\/riberasalud.com\/area-de-la-mujer\/#\/schema\/logo\/image\/"}}]}},"_links":{"self":[{"href":"https:\/\/riberasalud.com\/area-de-la-mujer\/wp-json\/wp\/v2\/pages\/6575","targetHints":{"allow":["GET"]}}],"collection":[{"href":"https:\/\/riberasalud.com\/area-de-la-mujer\/wp-json\/wp\/v2\/pages"}],"about":[{"href":"https:\/\/riberasalud.com\/area-de-la-mujer\/wp-json\/wp\/v2\/types\/page"}],"author":[{"embeddable":true,"href":"https:\/\/riberasalud.com\/area-de-la-mujer\/wp-json\/wp\/v2\/users\/1"}],"replies":[{"embeddable":true,"href":"https:\/\/riberasalud.com\/area-de-la-mujer\/wp-json\/wp\/v2\/comments?post=6575"}],"version-history":[{"count":20,"href":"https:\/\/riberasalud.com\/area-de-la-mujer\/wp-json\/wp\/v2\/pages\/6575\/revisions"}],"predecessor-version":[{"id":9944,"href":"https:\/\/riberasalud.com\/area-de-la-mujer\/wp-json\/wp\/v2\/pages\/6575\/revisions\/9944"}],"wp:attachment":[{"href":"https:\/\/riberasalud.com\/area-de-la-mujer\/wp-json\/wp\/v2\/media?parent=6575"}],"curies":[{"name":"wp","href":"https:\/\/api.w.org\/{rel}","templated":true}]}}