{"id":3228,"date":"2024-09-05T17:03:53","date_gmt":"2024-09-05T15:03:53","guid":{"rendered":"https:\/\/riberasalud.com\/ribera-saludaux\/?page_id=3228"},"modified":"2024-10-24T17:42:52","modified_gmt":"2024-10-24T15:42:52","slug":"aseguradoras","status":"publish","type":"page","link":"https:\/\/riberasalud.com\/area-de-la-mujer\/aseguradoras\/","title":{"rendered":"Aseguradoras"},"content":{"rendered":"\n<div class=\"wp-block-group alignfull hasbackgroundnaranja sliderlinea\"><div class=\"wp-block-group__inner-container is-layout-flow wp-block-group-is-layout-flow\">\n<h1 class=\"wp-block-heading\"><strong>Aseguradoras y mutuas colaboradoras<\/strong><\/h1>\n\n\n\n<p style=\"font-size:18px\">Trabajamos con las principales aseguradoras y mutuas para ofrecerte una atenci\u00f3n m\u00e9dica de calidad<\/p>\n<\/div><\/div>\n\n\n\n<div class=\"wp-block-group bloqueaseguradoras\"><div class=\"wp-block-group__inner-container is-layout-constrained wp-block-group-is-layout-constrained\">\n<h2 class=\"wp-block-heading\"><strong>Aseguradoras<\/strong><\/h2>\n\n\n\n<p>En el <strong>\u00c1rea de Salud de la Mujer del Hospital Ribera Polusa<\/strong>, colaboramos con una amplia red de aseguradoras y mutuas para garantizar que recibas la mejor atenci\u00f3n m\u00e9dica sin complicaciones. Nos comprometemos a ofrecerte un servicio integral, facilitando todos los tr\u00e1mites y asegurando el acceso a tratamientos de calidad. <\/p>\n\n\n\n<p>A continuaci\u00f3n,\u00a0<strong>encontrar\u00e1s un listado de las aseguradoras y mutuas con las que trabajamos, para que puedas comprobar f\u00e1cilmente si tu cobertura est\u00e1 incluida.<\/strong><\/p>\n\n\n\n<div style=\"height:45px\" aria-hidden=\"true\" class=\"wp-block-spacer\"><\/div>\n\n\n\n<div class=\"wp-block-group hasbackgroundlinered is-layout-flex wp-block-group-is-layout-flex\">\n<figure class=\"wp-block-image size-full is-resized\"><img loading=\"lazy\" decoding=\"async\" width=\"400\" height=\"300\" src=\"https:\/\/riberasalud.com\/area-de-la-mujer\/wp-content\/uploads\/2024\/10\/aseguradoras_Mesa-de-trabajo-1.jpg\" alt=\"\" class=\"wp-image-8502\" style=\"width:185px\" srcset=\"https:\/\/riberasalud.com\/area-de-la-mujer\/wp-content\/uploads\/2024\/10\/aseguradoras_Mesa-de-trabajo-1.jpg 400w, https:\/\/riberasalud.com\/area-de-la-mujer\/wp-content\/uploads\/2024\/10\/aseguradoras_Mesa-de-trabajo-1-300x225.jpg 300w\" sizes=\"auto, (max-width: 400px) 100vw, 400px\" \/><\/figure>\n\n\n\n<figure class=\"wp-block-image size-full is-resized\"><img loading=\"lazy\" decoding=\"async\" width=\"400\" height=\"300\" src=\"https:\/\/riberasalud.com\/area-de-la-mujer\/wp-content\/uploads\/2024\/10\/aseguradoras-02.jpg\" alt=\"Sanitas\" class=\"wp-image-8505\" style=\"width:185px\" srcset=\"https:\/\/riberasalud.com\/area-de-la-mujer\/wp-content\/uploads\/2024\/10\/aseguradoras-02.jpg 400w, https:\/\/riberasalud.com\/area-de-la-mujer\/wp-content\/uploads\/2024\/10\/aseguradoras-02-300x225.jpg 300w\" sizes=\"auto, (max-width: 400px) 100vw, 400px\" \/><\/figure>\n\n\n\n<figure class=\"wp-block-image size-full is-resized\"><img loading=\"lazy\" decoding=\"async\" width=\"400\" height=\"300\" src=\"https:\/\/riberasalud.com\/area-de-la-mujer\/wp-content\/uploads\/2024\/10\/aseguradoras-03.jpg\" alt=\"DKV\" class=\"wp-image-8526\" style=\"width:185px\" srcset=\"https:\/\/riberasalud.com\/area-de-la-mujer\/wp-content\/uploads\/2024\/10\/aseguradoras-03.jpg 400w, https:\/\/riberasalud.com\/area-de-la-mujer\/wp-content\/uploads\/2024\/10\/aseguradoras-03-300x225.jpg 300w\" sizes=\"auto, (max-width: 400px) 100vw, 400px\" \/><\/figure>\n\n\n\n<figure class=\"wp-block-image size-full is-resized\"><img loading=\"lazy\" decoding=\"async\" width=\"400\" height=\"300\" src=\"https:\/\/riberasalud.com\/area-de-la-mujer\/wp-content\/uploads\/2024\/10\/aseguradoras-04.jpg\" alt=\"ASISA\" class=\"wp-image-8525\" style=\"width:185px\" srcset=\"https:\/\/riberasalud.com\/area-de-la-mujer\/wp-content\/uploads\/2024\/10\/aseguradoras-04.jpg 400w, https:\/\/riberasalud.com\/area-de-la-mujer\/wp-content\/uploads\/2024\/10\/aseguradoras-04-300x225.jpg 300w\" sizes=\"auto, (max-width: 400px) 100vw, 400px\" \/><\/figure>\n\n\n\n<figure class=\"wp-block-image size-full is-resized\"><img loading=\"lazy\" decoding=\"async\" width=\"400\" height=\"300\" src=\"https:\/\/riberasalud.com\/area-de-la-mujer\/wp-content\/uploads\/2024\/10\/aseguradoras-05.jpg\" alt=\"Mapfre\" class=\"wp-image-8524\" style=\"width:185px\" srcset=\"https:\/\/riberasalud.com\/area-de-la-mujer\/wp-content\/uploads\/2024\/10\/aseguradoras-05.jpg 400w, https:\/\/riberasalud.com\/area-de-la-mujer\/wp-content\/uploads\/2024\/10\/aseguradoras-05-300x225.jpg 300w\" sizes=\"auto, (max-width: 400px) 100vw, 400px\" \/><\/figure>\n\n\n\n<figure class=\"wp-block-image size-full is-resized\"><img loading=\"lazy\" decoding=\"async\" width=\"400\" height=\"300\" src=\"https:\/\/riberasalud.com\/area-de-la-mujer\/wp-content\/uploads\/2024\/10\/aseguradoras-06.jpg\" alt=\"AEGON\" class=\"wp-image-8522\" style=\"width:185px\" srcset=\"https:\/\/riberasalud.com\/area-de-la-mujer\/wp-content\/uploads\/2024\/10\/aseguradoras-06.jpg 400w, https:\/\/riberasalud.com\/area-de-la-mujer\/wp-content\/uploads\/2024\/10\/aseguradoras-06-300x225.jpg 300w\" sizes=\"auto, (max-width: 400px) 100vw, 400px\" \/><\/figure>\n\n\n\n<figure class=\"wp-block-image size-full is-resized\"><img loading=\"lazy\" decoding=\"async\" width=\"400\" height=\"300\" src=\"https:\/\/riberasalud.com\/area-de-la-mujer\/wp-content\/uploads\/2024\/10\/aseguradoras-07.jpg\" alt=\"HNA\" class=\"wp-image-8521\" style=\"width:185px\" srcset=\"https:\/\/riberasalud.com\/area-de-la-mujer\/wp-content\/uploads\/2024\/10\/aseguradoras-07.jpg 400w, https:\/\/riberasalud.com\/area-de-la-mujer\/wp-content\/uploads\/2024\/10\/aseguradoras-07-300x225.jpg 300w\" sizes=\"auto, (max-width: 400px) 100vw, 400px\" \/><\/figure>\n\n\n\n<figure class=\"wp-block-image size-full is-resized\"><img loading=\"lazy\" decoding=\"async\" width=\"400\" height=\"300\" src=\"https:\/\/riberasalud.com\/area-de-la-mujer\/wp-content\/uploads\/2024\/10\/aseguradoras-08.jpg\" alt=\"Divina Pastora\" class=\"wp-image-8520\" style=\"width:185px\" srcset=\"https:\/\/riberasalud.com\/area-de-la-mujer\/wp-content\/uploads\/2024\/10\/aseguradoras-08.jpg 400w, https:\/\/riberasalud.com\/area-de-la-mujer\/wp-content\/uploads\/2024\/10\/aseguradoras-08-300x225.jpg 300w\" sizes=\"auto, (max-width: 400px) 100vw, 400px\" \/><\/figure>\n\n\n\n<figure class=\"wp-block-image size-full is-resized\"><img loading=\"lazy\" decoding=\"async\" width=\"400\" height=\"300\" src=\"https:\/\/riberasalud.com\/area-de-la-mujer\/wp-content\/uploads\/2024\/10\/aseguradoras-09.jpg\" alt=\"Cosalud\" class=\"wp-image-8519\" style=\"width:185px\" srcset=\"https:\/\/riberasalud.com\/area-de-la-mujer\/wp-content\/uploads\/2024\/10\/aseguradoras-09.jpg 400w, https:\/\/riberasalud.com\/area-de-la-mujer\/wp-content\/uploads\/2024\/10\/aseguradoras-09-300x225.jpg 300w\" sizes=\"auto, (max-width: 400px) 100vw, 400px\" \/><\/figure>\n\n\n\n<figure class=\"wp-block-image size-full is-resized\"><img loading=\"lazy\" decoding=\"async\" width=\"400\" height=\"300\" src=\"https:\/\/riberasalud.com\/area-de-la-mujer\/wp-content\/uploads\/2024\/10\/aseguradoras-10.jpg\" alt=\"Vivaz\" class=\"wp-image-8518\" style=\"width:185px\" srcset=\"https:\/\/riberasalud.com\/area-de-la-mujer\/wp-content\/uploads\/2024\/10\/aseguradoras-10.jpg 400w, https:\/\/riberasalud.com\/area-de-la-mujer\/wp-content\/uploads\/2024\/10\/aseguradoras-10-300x225.jpg 300w\" sizes=\"auto, (max-width: 400px) 100vw, 400px\" \/><\/figure>\n\n\n\n<figure class=\"wp-block-image size-full is-resized\"><img loading=\"lazy\" decoding=\"async\" width=\"400\" height=\"300\" src=\"https:\/\/riberasalud.com\/area-de-la-mujer\/wp-content\/uploads\/2024\/10\/aseguradoras-11.jpg\" alt=\"Cigna\" class=\"wp-image-8517\" style=\"width:185px\" srcset=\"https:\/\/riberasalud.com\/area-de-la-mujer\/wp-content\/uploads\/2024\/10\/aseguradoras-11.jpg 400w, https:\/\/riberasalud.com\/area-de-la-mujer\/wp-content\/uploads\/2024\/10\/aseguradoras-11-300x225.jpg 300w\" sizes=\"auto, (max-width: 400px) 100vw, 400px\" \/><\/figure>\n\n\n\n<figure class=\"wp-block-image size-full is-resized\"><img loading=\"lazy\" decoding=\"async\" width=\"400\" height=\"300\" src=\"https:\/\/riberasalud.com\/area-de-la-mujer\/wp-content\/uploads\/2024\/10\/aseguradoras-12.jpg\" alt=\"AXA\" class=\"wp-image-8516\" style=\"width:185px\" srcset=\"https:\/\/riberasalud.com\/area-de-la-mujer\/wp-content\/uploads\/2024\/10\/aseguradoras-12.jpg 400w, https:\/\/riberasalud.com\/area-de-la-mujer\/wp-content\/uploads\/2024\/10\/aseguradoras-12-300x225.jpg 300w\" sizes=\"auto, (max-width: 400px) 100vw, 400px\" \/><\/figure>\n\n\n\n<figure class=\"wp-block-image size-full is-resized\"><img loading=\"lazy\" decoding=\"async\" width=\"400\" height=\"300\" src=\"https:\/\/riberasalud.com\/area-de-la-mujer\/wp-content\/uploads\/2024\/10\/aseguradoras-13.jpg\" alt=\"Uni\u00f3n Madrile\u00f1a de seguros\" class=\"wp-image-8515\" style=\"width:185px\" srcset=\"https:\/\/riberasalud.com\/area-de-la-mujer\/wp-content\/uploads\/2024\/10\/aseguradoras-13.jpg 400w, https:\/\/riberasalud.com\/area-de-la-mujer\/wp-content\/uploads\/2024\/10\/aseguradoras-13-300x225.jpg 300w\" sizes=\"auto, (max-width: 400px) 100vw, 400px\" \/><\/figure>\n\n\n\n<figure class=\"wp-block-image size-full is-resized\"><img loading=\"lazy\" decoding=\"async\" width=\"400\" height=\"300\" src=\"https:\/\/riberasalud.com\/area-de-la-mujer\/wp-content\/uploads\/2024\/10\/aseguradoras-14.jpg\" alt=\"Nueva mutua sanitaria\" class=\"wp-image-8514\" style=\"width:185px\" srcset=\"https:\/\/riberasalud.com\/area-de-la-mujer\/wp-content\/uploads\/2024\/10\/aseguradoras-14.jpg 400w, https:\/\/riberasalud.com\/area-de-la-mujer\/wp-content\/uploads\/2024\/10\/aseguradoras-14-300x225.jpg 300w\" sizes=\"auto, (max-width: 400px) 100vw, 400px\" \/><\/figure>\n\n\n\n<figure class=\"wp-block-image size-full is-resized\"><img loading=\"lazy\" decoding=\"async\" width=\"400\" height=\"300\" src=\"https:\/\/riberasalud.com\/area-de-la-mujer\/wp-content\/uploads\/2024\/10\/aseguradoras-15.jpg\" alt=\"Ibermutua\" class=\"wp-image-8513\" style=\"width:185px\" srcset=\"https:\/\/riberasalud.com\/area-de-la-mujer\/wp-content\/uploads\/2024\/10\/aseguradoras-15.jpg 400w, https:\/\/riberasalud.com\/area-de-la-mujer\/wp-content\/uploads\/2024\/10\/aseguradoras-15-300x225.jpg 300w\" sizes=\"auto, (max-width: 400px) 100vw, 400px\" \/><\/figure>\n\n\n\n<figure class=\"wp-block-image size-full is-resized\"><img loading=\"lazy\" decoding=\"async\" width=\"400\" height=\"300\" src=\"https:\/\/riberasalud.com\/area-de-la-mujer\/wp-content\/uploads\/2024\/10\/aseguradoras-16.jpg\" alt=\"Fraternidad\" class=\"wp-image-8512\" style=\"width:185px\" srcset=\"https:\/\/riberasalud.com\/area-de-la-mujer\/wp-content\/uploads\/2024\/10\/aseguradoras-16.jpg 400w, https:\/\/riberasalud.com\/area-de-la-mujer\/wp-content\/uploads\/2024\/10\/aseguradoras-16-300x225.jpg 300w\" sizes=\"auto, (max-width: 400px) 100vw, 400px\" \/><\/figure>\n\n\n\n<figure class=\"wp-block-image size-full is-resized\"><img loading=\"lazy\" decoding=\"async\" width=\"400\" height=\"300\" src=\"https:\/\/riberasalud.com\/area-de-la-mujer\/wp-content\/uploads\/2024\/10\/aseguradoras-17.jpg\" alt=\"Asepeyo\" class=\"wp-image-8511\" style=\"width:185px\" srcset=\"https:\/\/riberasalud.com\/area-de-la-mujer\/wp-content\/uploads\/2024\/10\/aseguradoras-17.jpg 400w, https:\/\/riberasalud.com\/area-de-la-mujer\/wp-content\/uploads\/2024\/10\/aseguradoras-17-300x225.jpg 300w\" sizes=\"auto, (max-width: 400px) 100vw, 400px\" \/><\/figure>\n\n\n\n<figure class=\"wp-block-image size-full is-resized\"><img loading=\"lazy\" decoding=\"async\" width=\"400\" height=\"300\" src=\"https:\/\/riberasalud.com\/area-de-la-mujer\/wp-content\/uploads\/2024\/10\/aseguradoras-18.jpg\" alt=\"Mutua universal\" class=\"wp-image-8510\" style=\"width:185px\" srcset=\"https:\/\/riberasalud.com\/area-de-la-mujer\/wp-content\/uploads\/2024\/10\/aseguradoras-18.jpg 400w, https:\/\/riberasalud.com\/area-de-la-mujer\/wp-content\/uploads\/2024\/10\/aseguradoras-18-300x225.jpg 300w\" sizes=\"auto, (max-width: 400px) 100vw, 400px\" \/><\/figure>\n\n\n\n<figure class=\"wp-block-image size-full is-resized\"><img loading=\"lazy\" decoding=\"async\" width=\"400\" height=\"300\" src=\"https:\/\/riberasalud.com\/area-de-la-mujer\/wp-content\/uploads\/2024\/10\/aseguradoras-19.jpg\" alt=\"Egarsat\" class=\"wp-image-8509\" style=\"width:185px\" srcset=\"https:\/\/riberasalud.com\/area-de-la-mujer\/wp-content\/uploads\/2024\/10\/aseguradoras-19.jpg 400w, https:\/\/riberasalud.com\/area-de-la-mujer\/wp-content\/uploads\/2024\/10\/aseguradoras-19-300x225.jpg 300w\" sizes=\"auto, (max-width: 400px) 100vw, 400px\" \/><\/figure>\n\n\n\n<figure class=\"wp-block-image size-full is-resized\"><img loading=\"lazy\" decoding=\"async\" width=\"400\" height=\"300\" src=\"https:\/\/riberasalud.com\/area-de-la-mujer\/wp-content\/uploads\/2024\/10\/aseguradoras-20.jpg\" alt=\"MC mutual\" class=\"wp-image-8508\" style=\"width:185px\" srcset=\"https:\/\/riberasalud.com\/area-de-la-mujer\/wp-content\/uploads\/2024\/10\/aseguradoras-20.jpg 400w, https:\/\/riberasalud.com\/area-de-la-mujer\/wp-content\/uploads\/2024\/10\/aseguradoras-20-300x225.jpg 300w\" sizes=\"auto, (max-width: 400px) 100vw, 400px\" \/><\/figure>\n\n\n\n<figure class=\"wp-block-image size-full is-resized\"><img loading=\"lazy\" decoding=\"async\" width=\"400\" height=\"300\" src=\"https:\/\/riberasalud.com\/area-de-la-mujer\/wp-content\/uploads\/2024\/10\/aseguradoras-21.jpg\" alt=\"Fremap\" class=\"wp-image-8507\" style=\"width:185px\" srcset=\"https:\/\/riberasalud.com\/area-de-la-mujer\/wp-content\/uploads\/2024\/10\/aseguradoras-21.jpg 400w, https:\/\/riberasalud.com\/area-de-la-mujer\/wp-content\/uploads\/2024\/10\/aseguradoras-21-300x225.jpg 300w\" sizes=\"auto, (max-width: 400px) 100vw, 400px\" \/><\/figure>\n\n\n\n<figure class=\"wp-block-image size-full is-resized\"><img loading=\"lazy\" decoding=\"async\" width=\"400\" height=\"300\" src=\"https:\/\/riberasalud.com\/area-de-la-mujer\/wp-content\/uploads\/2024\/10\/aseguradoras-22.jpg\" alt=\"Mutua intercomarcal\" class=\"wp-image-8506\" style=\"width:185px\" srcset=\"https:\/\/riberasalud.com\/area-de-la-mujer\/wp-content\/uploads\/2024\/10\/aseguradoras-22.jpg 400w, https:\/\/riberasalud.com\/area-de-la-mujer\/wp-content\/uploads\/2024\/10\/aseguradoras-22-300x225.jpg 300w\" sizes=\"auto, (max-width: 400px) 100vw, 400px\" \/><\/figure>\n<\/div>\n<\/div><\/div>\n\n\n\n<div class=\"wp-block-group alignfull bannerctas\"><div class=\"wp-block-group__inner-container is-layout-flow wp-block-group-is-layout-flow\">\n<div class=\"wp-block-columns is-layout-flex wp-container-core-columns-is-layout-9d6595d7 wp-block-columns-is-layout-flex\">\n<div class=\"wp-block-column is-layout-flow wp-block-column-is-layout-flow\" style=\"flex-basis:70%\">\n<p><strong>Si tienes alguna duda sobre tu seguro o necesitas m\u00e1s informaci\u00f3n, no dudes en ponerte en contacto con nuestro equipo de atenci\u00f3n al paciente<\/strong><\/p>\n\n\n\n<p style=\"font-size:18px\">Estamos aqu\u00ed para ofrecerte la ayuda y el apoyo que necesites<\/p>\n<\/div>\n\n\n\n<div class=\"wp-block-column is-vertically-aligned-center is-layout-flow wp-block-column-is-layout-flow\" style=\"flex-basis:30%\">\n<div class=\"wp-block-buttons is-content-justification-center is-layout-flex wp-container-core-buttons-is-layout-16018d1d wp-block-buttons-is-layout-flex\">\n<div class=\"wp-block-button has-custom-width wp-block-button__width-100 botonlinered is-style-outline is-style-outline--1\"><a class=\"wp-block-button__link has-base-3-background-color has-text-color has-background has-link-color wp-element-button\" href=\"https:\/\/riberasalud.com\/area-de-la-mujer\/contacto\/\" style=\"border-radius:50px;color:#d71029\">Pide tu cita<\/a><\/div>\n<\/div>\n<\/div>\n<\/div>\n<\/div><\/div>\n","protected":false},"excerpt":{"rendered":"<p>Aseguradoras y mutuas colaboradoras Trabajamos con las principales aseguradoras y mutuas para ofrecerte una atenci\u00f3n m\u00e9dica de calidad Aseguradoras En el \u00c1rea de Salud de la Mujer del Hospital Ribera Polusa, colaboramos con una amplia red de aseguradoras y mutuas para garantizar que recibas la mejor atenci\u00f3n m\u00e9dica sin complicaciones. Nos comprometemos a ofrecerte un &#8230; <\/p>\n<p class=\"read-more-container\"><a title=\"Aseguradoras\" class=\"read-more button\" href=\"https:\/\/riberasalud.com\/area-de-la-mujer\/aseguradoras\/#more-3228\" aria-label=\"Leer m\u00e1s sobre Aseguradoras\">Leer m\u00e1s<\/a><\/p>\n","protected":false},"author":1,"featured_media":0,"parent":0,"menu_order":0,"comment_status":"closed","ping_status":"closed","template":"","meta":{"footnotes":""},"class_list":["post-3228","page","type-page","status-publish"],"yoast_head":"<!-- This site is optimized with the Yoast SEO plugin v26.6 - https:\/\/yoast.com\/wordpress\/plugins\/seo\/ -->\n<title>Aseguradoras | Grupo sanitario Ribera<\/title>\n<meta name=\"description\" content=\"Trabajamos con las principales aseguradoras para ofrecerte cobertura m\u00e9dica confiable y servicios personalizados\" \/>\n<meta name=\"robots\" content=\"index, follow, max-snippet:-1, max-image-preview:large, max-video-preview:-1\" \/>\n<link rel=\"canonical\" href=\"https:\/\/riberasalud.com\/area-de-la-mujer\/aseguradoras\/\" \/>\n<meta property=\"og:locale\" content=\"es_ES\" \/>\n<meta property=\"og:type\" content=\"article\" \/>\n<meta property=\"og:title\" content=\"Aseguradoras | Grupo sanitario Ribera\" \/>\n<meta property=\"og:description\" content=\"Trabajamos con las principales aseguradoras para ofrecerte cobertura m\u00e9dica confiable y servicios personalizados\" \/>\n<meta property=\"og:url\" content=\"https:\/\/riberasalud.com\/area-de-la-mujer\/aseguradoras\/\" \/>\n<meta property=\"og:site_name\" content=\"\u00c1rea de la Mujer\" \/>\n<meta property=\"article:modified_time\" content=\"2024-10-24T15:42:52+00:00\" \/>\n<meta property=\"og:image\" content=\"https:\/\/riberasalud.com\/area-de-la-mujer\/wp-content\/uploads\/2024\/10\/aseguradoras_Mesa-de-trabajo-1.jpg\" \/>\n\t<meta property=\"og:image:width\" content=\"400\" \/>\n\t<meta property=\"og:image:height\" content=\"300\" \/>\n\t<meta property=\"og:image:type\" content=\"image\/jpeg\" \/>\n<meta name=\"twitter:card\" content=\"summary_large_image\" \/>\n<meta name=\"twitter:label1\" content=\"Tiempo de lectura\" \/>\n\t<meta name=\"twitter:data1\" content=\"1 minuto\" \/>\n<script type=\"application\/ld+json\" class=\"yoast-schema-graph\">{\"@context\":\"https:\/\/schema.org\",\"@graph\":[{\"@type\":\"WebPage\",\"@id\":\"https:\/\/riberasalud.com\/area-de-la-mujer\/aseguradoras\/\",\"url\":\"https:\/\/riberasalud.com\/area-de-la-mujer\/aseguradoras\/\",\"name\":\"Aseguradoras | Grupo sanitario Ribera\",\"isPartOf\":{\"@id\":\"https:\/\/riberasalud.com\/area-de-la-mujer\/#website\"},\"primaryImageOfPage\":{\"@id\":\"https:\/\/riberasalud.com\/area-de-la-mujer\/aseguradoras\/#primaryimage\"},\"image\":{\"@id\":\"https:\/\/riberasalud.com\/area-de-la-mujer\/aseguradoras\/#primaryimage\"},\"thumbnailUrl\":\"https:\/\/riberasalud.com\/area-de-la-mujer\/wp-content\/uploads\/2024\/10\/aseguradoras_Mesa-de-trabajo-1.jpg\",\"datePublished\":\"2024-09-05T15:03:53+00:00\",\"dateModified\":\"2024-10-24T15:42:52+00:00\",\"description\":\"Trabajamos con las principales aseguradoras para ofrecerte cobertura m\u00e9dica confiable y servicios personalizados\",\"breadcrumb\":{\"@id\":\"https:\/\/riberasalud.com\/area-de-la-mujer\/aseguradoras\/#breadcrumb\"},\"inLanguage\":\"es\",\"potentialAction\":[{\"@type\":\"ReadAction\",\"target\":[\"https:\/\/riberasalud.com\/area-de-la-mujer\/aseguradoras\/\"]}]},{\"@type\":\"ImageObject\",\"inLanguage\":\"es\",\"@id\":\"https:\/\/riberasalud.com\/area-de-la-mujer\/aseguradoras\/#primaryimage\",\"url\":\"https:\/\/riberasalud.com\/area-de-la-mujer\/wp-content\/uploads\/2024\/10\/aseguradoras_Mesa-de-trabajo-1.jpg\",\"contentUrl\":\"https:\/\/riberasalud.com\/area-de-la-mujer\/wp-content\/uploads\/2024\/10\/aseguradoras_Mesa-de-trabajo-1.jpg\",\"width\":400,\"height\":300},{\"@type\":\"BreadcrumbList\",\"@id\":\"https:\/\/riberasalud.com\/area-de-la-mujer\/aseguradoras\/#breadcrumb\",\"itemListElement\":[{\"@type\":\"ListItem\",\"position\":1,\"name\":\"Portada\",\"item\":\"https:\/\/riberasalud.com\/area-de-la-mujer\/\"},{\"@type\":\"ListItem\",\"position\":2,\"name\":\"Aseguradoras\"}]},{\"@type\":\"WebSite\",\"@id\":\"https:\/\/riberasalud.com\/area-de-la-mujer\/#website\",\"url\":\"https:\/\/riberasalud.com\/area-de-la-mujer\/\",\"name\":\"\u00c1rea de la Mujer\",\"description\":\"\",\"publisher\":{\"@id\":\"https:\/\/riberasalud.com\/area-de-la-mujer\/#organization\"},\"potentialAction\":[{\"@type\":\"SearchAction\",\"target\":{\"@type\":\"EntryPoint\",\"urlTemplate\":\"https:\/\/riberasalud.com\/area-de-la-mujer\/?s={search_term_string}\"},\"query-input\":{\"@type\":\"PropertyValueSpecification\",\"valueRequired\":true,\"valueName\":\"search_term_string\"}}],\"inLanguage\":\"es\"},{\"@type\":\"Organization\",\"@id\":\"https:\/\/riberasalud.com\/area-de-la-mujer\/#organization\",\"name\":\"\u00c1rea de la Mujer\",\"url\":\"https:\/\/riberasalud.com\/area-de-la-mujer\/\",\"logo\":{\"@type\":\"ImageObject\",\"inLanguage\":\"es\",\"@id\":\"https:\/\/riberasalud.com\/area-de-la-mujer\/#\/schema\/logo\/image\/\",\"url\":\"https:\/\/riberasalud.com\/area-de-la-mujer\/wp-content\/uploads\/2024\/10\/Logo-Red-Polusa.png\",\"contentUrl\":\"https:\/\/riberasalud.com\/area-de-la-mujer\/wp-content\/uploads\/2024\/10\/Logo-Red-Polusa.png\",\"width\":1929,\"height\":489,\"caption\":\"\u00c1rea de la Mujer\"},\"image\":{\"@id\":\"https:\/\/riberasalud.com\/area-de-la-mujer\/#\/schema\/logo\/image\/\"}}]}<\/script>\n<!-- \/ Yoast SEO plugin. -->","yoast_head_json":{"title":"Aseguradoras | Grupo sanitario Ribera","description":"Trabajamos con las principales aseguradoras para ofrecerte cobertura m\u00e9dica confiable y servicios personalizados","robots":{"index":"index","follow":"follow","max-snippet":"max-snippet:-1","max-image-preview":"max-image-preview:large","max-video-preview":"max-video-preview:-1"},"canonical":"https:\/\/riberasalud.com\/area-de-la-mujer\/aseguradoras\/","og_locale":"es_ES","og_type":"article","og_title":"Aseguradoras | Grupo sanitario Ribera","og_description":"Trabajamos con las principales aseguradoras para ofrecerte cobertura m\u00e9dica confiable y servicios personalizados","og_url":"https:\/\/riberasalud.com\/area-de-la-mujer\/aseguradoras\/","og_site_name":"\u00c1rea de la Mujer","article_modified_time":"2024-10-24T15:42:52+00:00","og_image":[{"width":400,"height":300,"url":"https:\/\/riberasalud.com\/area-de-la-mujer\/wp-content\/uploads\/2024\/10\/aseguradoras_Mesa-de-trabajo-1.jpg","type":"image\/jpeg"}],"twitter_card":"summary_large_image","twitter_misc":{"Tiempo de lectura":"1 minuto"},"schema":{"@context":"https:\/\/schema.org","@graph":[{"@type":"WebPage","@id":"https:\/\/riberasalud.com\/area-de-la-mujer\/aseguradoras\/","url":"https:\/\/riberasalud.com\/area-de-la-mujer\/aseguradoras\/","name":"Aseguradoras | Grupo sanitario Ribera","isPartOf":{"@id":"https:\/\/riberasalud.com\/area-de-la-mujer\/#website"},"primaryImageOfPage":{"@id":"https:\/\/riberasalud.com\/area-de-la-mujer\/aseguradoras\/#primaryimage"},"image":{"@id":"https:\/\/riberasalud.com\/area-de-la-mujer\/aseguradoras\/#primaryimage"},"thumbnailUrl":"https:\/\/riberasalud.com\/area-de-la-mujer\/wp-content\/uploads\/2024\/10\/aseguradoras_Mesa-de-trabajo-1.jpg","datePublished":"2024-09-05T15:03:53+00:00","dateModified":"2024-10-24T15:42:52+00:00","description":"Trabajamos con las principales aseguradoras para ofrecerte cobertura m\u00e9dica confiable y servicios personalizados","breadcrumb":{"@id":"https:\/\/riberasalud.com\/area-de-la-mujer\/aseguradoras\/#breadcrumb"},"inLanguage":"es","potentialAction":[{"@type":"ReadAction","target":["https:\/\/riberasalud.com\/area-de-la-mujer\/aseguradoras\/"]}]},{"@type":"ImageObject","inLanguage":"es","@id":"https:\/\/riberasalud.com\/area-de-la-mujer\/aseguradoras\/#primaryimage","url":"https:\/\/riberasalud.com\/area-de-la-mujer\/wp-content\/uploads\/2024\/10\/aseguradoras_Mesa-de-trabajo-1.jpg","contentUrl":"https:\/\/riberasalud.com\/area-de-la-mujer\/wp-content\/uploads\/2024\/10\/aseguradoras_Mesa-de-trabajo-1.jpg","width":400,"height":300},{"@type":"BreadcrumbList","@id":"https:\/\/riberasalud.com\/area-de-la-mujer\/aseguradoras\/#breadcrumb","itemListElement":[{"@type":"ListItem","position":1,"name":"Portada","item":"https:\/\/riberasalud.com\/area-de-la-mujer\/"},{"@type":"ListItem","position":2,"name":"Aseguradoras"}]},{"@type":"WebSite","@id":"https:\/\/riberasalud.com\/area-de-la-mujer\/#website","url":"https:\/\/riberasalud.com\/area-de-la-mujer\/","name":"\u00c1rea de la Mujer","description":"","publisher":{"@id":"https:\/\/riberasalud.com\/area-de-la-mujer\/#organization"},"potentialAction":[{"@type":"SearchAction","target":{"@type":"EntryPoint","urlTemplate":"https:\/\/riberasalud.com\/area-de-la-mujer\/?s={search_term_string}"},"query-input":{"@type":"PropertyValueSpecification","valueRequired":true,"valueName":"search_term_string"}}],"inLanguage":"es"},{"@type":"Organization","@id":"https:\/\/riberasalud.com\/area-de-la-mujer\/#organization","name":"\u00c1rea de la Mujer","url":"https:\/\/riberasalud.com\/area-de-la-mujer\/","logo":{"@type":"ImageObject","inLanguage":"es","@id":"https:\/\/riberasalud.com\/area-de-la-mujer\/#\/schema\/logo\/image\/","url":"https:\/\/riberasalud.com\/area-de-la-mujer\/wp-content\/uploads\/2024\/10\/Logo-Red-Polusa.png","contentUrl":"https:\/\/riberasalud.com\/area-de-la-mujer\/wp-content\/uploads\/2024\/10\/Logo-Red-Polusa.png","width":1929,"height":489,"caption":"\u00c1rea de la Mujer"},"image":{"@id":"https:\/\/riberasalud.com\/area-de-la-mujer\/#\/schema\/logo\/image\/"}}]}},"_links":{"self":[{"href":"https:\/\/riberasalud.com\/area-de-la-mujer\/wp-json\/wp\/v2\/pages\/3228","targetHints":{"allow":["GET"]}}],"collection":[{"href":"https:\/\/riberasalud.com\/area-de-la-mujer\/wp-json\/wp\/v2\/pages"}],"about":[{"href":"https:\/\/riberasalud.com\/area-de-la-mujer\/wp-json\/wp\/v2\/types\/page"}],"author":[{"embeddable":true,"href":"https:\/\/riberasalud.com\/area-de-la-mujer\/wp-json\/wp\/v2\/users\/1"}],"replies":[{"embeddable":true,"href":"https:\/\/riberasalud.com\/area-de-la-mujer\/wp-json\/wp\/v2\/comments?post=3228"}],"version-history":[{"count":39,"href":"https:\/\/riberasalud.com\/area-de-la-mujer\/wp-json\/wp\/v2\/pages\/3228\/revisions"}],"predecessor-version":[{"id":9851,"href":"https:\/\/riberasalud.com\/area-de-la-mujer\/wp-json\/wp\/v2\/pages\/3228\/revisions\/9851"}],"wp:attachment":[{"href":"https:\/\/riberasalud.com\/area-de-la-mujer\/wp-json\/wp\/v2\/media?parent=3228"}],"curies":[{"name":"wp","href":"https:\/\/api.w.org\/{rel}","templated":true}]}}