{"id":10052,"date":"2024-10-30T08:58:22","date_gmt":"2024-10-30T07:58:22","guid":{"rendered":"https:\/\/riberasalud.com\/area-de-la-mujer\/?page_id=10052"},"modified":"2024-10-30T08:58:22","modified_gmt":"2024-10-30T07:58:22","slug":"aviso-legal","status":"publish","type":"page","link":"https:\/\/riberasalud.com\/area-de-la-mujer\/aviso-legal\/","title":{"rendered":"Aviso legal"},"content":{"rendered":"\n<div class=\"wp-block-group alignfull hasbackgroundnaranja sliderlinea\"><div class=\"wp-block-group__inner-container is-layout-flow wp-block-group-is-layout-flow\">\n<h1 class=\"wp-block-heading\">Aviso legal<\/h1>\n<\/div><\/div>\n\n\n\n<div class=\"wp-block-group\"><div class=\"wp-block-group__inner-container is-layout-constrained wp-block-group-is-layout-constrained\">\n<p>RIBERA SALUD, S.A.U , (en adelante, RIBERA SALUD), informa al usuario que el acceso y uso de la p\u00e1gina web <a href=\"https:\/\/www.riberasalud.com\/\">https:\/\/www.riberasalud.com\/<\/a> est\u00e1 sujeta a las presentes condiciones de uso, por lo que recomendamos su lectura cada al acceder a nuestro sitio web.<\/p>\n\n\n\n<h3 class=\"wp-block-heading\"><strong>I. Informaci\u00f3n general.<\/strong><\/h3>\n\n\n\n<p>En cumplimiento de lo dispuesto en el art\u00edculo 10 de la Ley 34\/2002 de Servicios de la Sociedad de la Informaci\u00f3n y Comercio Electr\u00f3nico (en adelante, \u201cLSSI\u201d), la entidad RIBERA SALUD, S.A.U, con NIF A-03681186 , informa que es una sociedad inscrita en el Registro Mercantil de Valencia al Tomo 5953, Folio 212, Libro 3259, Secci\u00f3n 8\u00aa, Hoja V-57721, Inscripci\u00f3n 1\u00aa, con domicilio en Avenida Cortes Valencianas, n\u00famero 58, Edificio Sorolla Center, 46015 Valencia (Espa\u00f1a). La direcci\u00f3n de correo electr\u00f3nico de contacto es <a href=\"mailto:info@riberasalud.es\">info@riberasalud.es<\/a> y n\u00famero de tel\u00e9fono (+34) 963 462 591.<\/p>\n\n\n\n<p>La sociedad es propietaria del nombre de dominio <a href=\"http:\/\/www.riberasalud.com\">riberasalud.com<\/a> y de la p\u00e1gina web en internet a la que se accede a trav\u00e9s de dicho dominio <a href=\"http:\/\/www.riberasalud.com\">www.riberasalud.com<\/a>.<\/p>\n\n\n\n<p>Asimismo, con car\u00e1cter informativo RIBERA SALUD es una compa\u00f1\u00eda espa\u00f1ola cabecera del Grupo RIBERA SALUD tiene por objeto social:<\/p>\n\n\n\n<ol class=\"wp-block-list\">\n<li>Organizar la prestaci\u00f3n de asistencia sanitaria primaria, tanto en r\u00e9gimen ambulatorio, como domiciliario y de urgencias.<\/li>\n\n\n\n<li>Organizar la prestaci\u00f3n de asistencia sanitaria, m\u00e9dico quir\u00fargica y especializada, mediante la tenencia y explotaci\u00f3n de edificaciones y todo tipo de aparatos e instalaciones aptos para prestar dicha asistencia y para realizar estudios complementarios de diagn\u00f3stico y m\u00e9todos de tratamiento.<\/li>\n\n\n\n<li>Realizar actividades orientadas a la promoci\u00f3n de la salud, a la prevenci\u00f3n de las enfermedades, a la educaci\u00f3n sanitaria e investigaci\u00f3n cient\u00edfica.<\/li>\n\n\n\n<li>La realizaci\u00f3n de an\u00e1lisis cl\u00ednicos, as\u00ed como la adquisici\u00f3n y administraci\u00f3n de laboratorios de an\u00e1lisis cl\u00ednicos o de activos relacionados con los mismos incluy\u00e9ndose la explotaci\u00f3n de aparatos instalaciones.<\/li>\n\n\n\n<li>La realizaci\u00f3n de actividades de consultor\u00eda, incluyendo el asesoramiento a terceros, en cuestiones sanitarias; la elaboraci\u00f3n y divulgaci\u00f3n de estudios, informes, dict\u00e1menes, proyectos y planes derivados de dichos servicios en materia sanitaria; la elaboraci\u00f3n, puesta en funcionamiento, supervisi\u00f3n, asistencia t\u00e9cnica, desarrollo y direcci\u00f3n de proyectos sanitarios.<\/li>\n<\/ol>\n\n\n\n<h3 class=\"wp-block-heading\"><strong>II. Derechos de Propiedad Intelectual e Industrial.<\/strong><\/h3>\n\n\n\n<p>Todos los contenidos de la p\u00e1gina web est\u00e1n protegidos por la normativa reguladora de Propiedad Intelectual e Industrial, en particular por el Real Decreto Legislativo 1\/1996, de 12 de abril, por el que se aprueba el texto refundido de la Ley de Propiedad Intelectual y por la Ley 17\/2001, de 7 de diciembre, de Marcas. Los derechos sobre los contenidos pertenecen a RIBERA SALUD, o en su caso, a terceros.<\/p>\n\n\n\n<p>En ning\u00fan caso, el acceso a nuestra p\u00e1gina web implica la cesi\u00f3n, transmisi\u00f3n o cualquier otro tipo de renuncia, ni total ni parcial, de los derechos de Propiedad Intelectual o Industrial. El usuario que acceda a nuestro sitio web \u00fanicamente podr\u00e1 visualizar y obtener copia privada de los contenidos siempre y cuando dicha copia sea, \u00fanica y exclusivamente, para su uso personal y privado; quedando terminantemente prohibida su utilizaci\u00f3n para fines comerciales. El usuario del sitio web deber\u00e1 abstenerse de suprimir, alterar, eludir o manipular cualquier dispositivo de protecci\u00f3n o sistemas de seguridad que puedan estar instalados en la misma.<\/p>\n\n\n\n<p>El uso no autorizado de los materiales e informaci\u00f3n contenida en el sitio web pueden suponer la violaci\u00f3n de la legislaci\u00f3n sobre propiedad intelectual o industrial y de otras normativas aplicables. RIBERA SALUD se reserva, en consecuencia, el derecho de perseguir judicialmente cualquier infracci\u00f3n de sus derechos de propiedad intelectual e industrial.<\/p>\n\n\n\n<h3 class=\"wp-block-heading\"><strong>III. Condiciones Generales de Uso.<\/strong><\/h3>\n\n\n\n<p>El usuario se compromete a utilizar el sitio web de conformidad con la ley, el presente aviso legal, reglamentos e instrucciones puestos en su conocimiento, as\u00ed como la moral, las buenas costumbres generalmente aceptadas y el orden p\u00fablico.<\/p>\n\n\n\n<p>Queda expresamente prohibida la utilizaci\u00f3n del presente sitio web con fines lesivos o intereses de RIBERA SALUD o de terceros, que de cualquier forma sobrecarguen, da\u00f1en, inutilicen o deterioren las redes, servidores, equipos inform\u00e1ticos, productos y\/o aplicaciones de RIBERA SALUD o de terceros, que impidan su normal utilizaci\u00f3n.<\/p>\n\n\n\n<h3 class=\"wp-block-heading\"><strong>IV.&nbsp;<\/strong><strong>Limitaci\u00f3n de la responsabilidad.<\/strong><\/h3>\n\n\n\n<p>RIBERA SALUD no es responsable de los da\u00f1os y perjuicios que pudieran derivarse del acceso y la navegaci\u00f3n a trav\u00e9s de este sitio web, como los producidos en sistemas inform\u00e1ticos, por ejemplo, en caso de virus y\/o cualquier otra forma de ataque inform\u00e1tico.<\/p>\n\n\n\n<p>RIBERA SALUD no se responsabiliza de los da\u00f1os y perjuicios que pudieran derivarse de una mala o incorrecta utilizaci\u00f3n de esta web por parte de los usuarios, ni tampoco asume ning\u00fan tipo de responsabilidad por incidencias en las redes de telecomunicaciones, tales como, por ejemplo, ca\u00eddas, ausencia o defectos en dichas telecomunicaciones, ajenas a la voluntad y el control de RIBERA SALUD.<\/p>\n\n\n\n<p>En ning\u00fan caso se garantiza la veracidad e integridad de ninguna informaci\u00f3n contenida en el sitio web que no sea de elaboraci\u00f3n propia y de las que se cite otra fuente de procedencia. Tampoco RIBERA SALUD responde de la informaci\u00f3n que se contenga en otros sitios web no corporativos del Grupo RIBERA SALUD a los que el usuario pueda acceder por medio hiperenlace facilitado desde la web www.riberasalud.com y remite al usuario a las advertencias legales, condiciones de uso y navegaci\u00f3n que puedan haber establecido los titulares de esos otros sitios web. Por lo tanto, RIBERA SALUD no se responsabiliza de ning\u00fan da\u00f1o o perjuicio que pudiera derivarse para el usuario de la utilizaci\u00f3n que haga de la informaci\u00f3n a la que acceda a trav\u00e9s de esos hiperenlaces, que en ning\u00fan momento constituyen, ni deben ser entendidos por el usuario como patrocinio, promoci\u00f3n o recomendaci\u00f3n por parte de RIBERA SALUD.<\/p>\n\n\n\n<p>RIBERA SALUD no se responsabiliza de las discrepancias que, eventual y transitoriamente, pudieran acontecer entre la informaci\u00f3n impresa y la versi\u00f3n electr\u00f3nica de aspectos corporativos contenidos en este sitio web.<\/p>\n\n\n\n<h3 class=\"wp-block-heading\"><strong>V. R<\/strong><strong>edes Sociales.<\/strong><\/h3>\n\n\n\n<p>Respecto a los enlaces a los perfiles de las redes sociales que aparecen en el sitio web, informamos al usuario de que RIBERA SALUD es el prestador de los servicios de la sociedad de la informaci\u00f3n conforme a la LSSI.<\/p>\n\n\n\n<p>Le recordamos que las redes sociales referenciadas tienen sus propios t\u00e9rminos y condiciones que usted debe respetar.<\/p>\n\n\n\n<h3 class=\"wp-block-heading\"><strong>VI.&nbsp;<\/strong><strong>Ley aplicable y Jurisdicci\u00f3n.<\/strong><\/h3>\n\n\n\n<p>Cualquier controversia que pudiera derivarse de la utilizaci\u00f3n o uso de este sitio web, queda sujeto a la legislaci\u00f3n espa\u00f1ola y a los juzgados y tribunales de Valencia.<\/p>\n\n\n\n<h3 class=\"wp-block-heading\"><strong>VII. Otras Condiciones de Uso.<\/strong><\/h3>\n\n\n\n<p>RIBERA SALUD se reserva el derecho a modificar en cualquier momento los contenidos de esta p\u00e1gina web, sin que ello suponga un perjuicio para el usuario y respetando, en su caso, las condiciones generales de contrataci\u00f3n que en cada momento est\u00e9n vigentes.<\/p>\n\n\n\n<p><strong>&nbsp;\u2014<\/strong><\/p>\n\n\n\n<p>\u00daltima actualizaci\u00f3n: junio de 2019<\/p>\n<\/div><\/div>\n","protected":false},"excerpt":{"rendered":"<p>Aviso legal RIBERA SALUD, S.A.U , (en adelante, RIBERA SALUD), informa al usuario que el acceso y uso de la p\u00e1gina web https:\/\/www.riberasalud.com\/ est\u00e1 sujeta a las presentes condiciones de uso, por lo que recomendamos su lectura cada al acceder a nuestro sitio web. I. Informaci\u00f3n general. En cumplimiento de lo dispuesto en el art\u00edculo &#8230; <\/p>\n<p class=\"read-more-container\"><a title=\"Aviso legal\" class=\"read-more button\" href=\"https:\/\/riberasalud.com\/area-de-la-mujer\/aviso-legal\/#more-10052\" aria-label=\"Leer m\u00e1s sobre Aviso legal\">Leer m\u00e1s<\/a><\/p>\n","protected":false},"author":1,"featured_media":0,"parent":0,"menu_order":0,"comment_status":"closed","ping_status":"closed","template":"","meta":{"footnotes":""},"class_list":["post-10052","page","type-page","status-publish"],"yoast_head":"<!-- This site is optimized with the Yoast SEO plugin v26.6 - https:\/\/yoast.com\/wordpress\/plugins\/seo\/ -->\n<title>Aviso legal - \u00c1rea de la Mujer<\/title>\n<meta name=\"description\" content=\"Se incorpor\u00f3 en 1998 al grupo Ribera como director gerente del Hospital de La Ribera de Alzira. actualmente es el Presidente de Ribera.\" \/>\n<meta name=\"robots\" content=\"index, follow, max-snippet:-1, max-image-preview:large, max-video-preview:-1\" \/>\n<link rel=\"canonical\" href=\"https:\/\/riberasalud.com\/area-de-la-mujer\/aviso-legal\/\" \/>\n<meta property=\"og:locale\" content=\"es_ES\" \/>\n<meta property=\"og:type\" content=\"article\" \/>\n<meta property=\"og:title\" content=\"Aviso legal - \u00c1rea de la Mujer\" \/>\n<meta property=\"og:description\" content=\"Se incorpor\u00f3 en 1998 al grupo Ribera como director gerente del Hospital de La Ribera de Alzira. actualmente es el Presidente de Ribera.\" \/>\n<meta property=\"og:url\" content=\"https:\/\/riberasalud.com\/area-de-la-mujer\/aviso-legal\/\" \/>\n<meta property=\"og:site_name\" content=\"\u00c1rea de la Mujer\" \/>\n<meta name=\"twitter:card\" content=\"summary_large_image\" \/>\n<meta name=\"twitter:label1\" content=\"Tiempo de lectura\" \/>\n\t<meta name=\"twitter:data1\" content=\"6 minutos\" \/>\n<script type=\"application\/ld+json\" class=\"yoast-schema-graph\">{\"@context\":\"https:\/\/schema.org\",\"@graph\":[{\"@type\":\"WebPage\",\"@id\":\"https:\/\/riberasalud.com\/area-de-la-mujer\/aviso-legal\/\",\"url\":\"https:\/\/riberasalud.com\/area-de-la-mujer\/aviso-legal\/\",\"name\":\"Aviso legal - \u00c1rea de la Mujer\",\"isPartOf\":{\"@id\":\"https:\/\/riberasalud.com\/area-de-la-mujer\/#website\"},\"datePublished\":\"2024-10-30T07:58:22+00:00\",\"description\":\"Se incorpor\u00f3 en 1998 al grupo Ribera como director gerente del Hospital de La Ribera de Alzira. actualmente es el Presidente de Ribera.\",\"breadcrumb\":{\"@id\":\"https:\/\/riberasalud.com\/area-de-la-mujer\/aviso-legal\/#breadcrumb\"},\"inLanguage\":\"es\",\"potentialAction\":[{\"@type\":\"ReadAction\",\"target\":[\"https:\/\/riberasalud.com\/area-de-la-mujer\/aviso-legal\/\"]}]},{\"@type\":\"BreadcrumbList\",\"@id\":\"https:\/\/riberasalud.com\/area-de-la-mujer\/aviso-legal\/#breadcrumb\",\"itemListElement\":[{\"@type\":\"ListItem\",\"position\":1,\"name\":\"Portada\",\"item\":\"https:\/\/riberasalud.com\/area-de-la-mujer\/\"},{\"@type\":\"ListItem\",\"position\":2,\"name\":\"Aviso legal\"}]},{\"@type\":\"WebSite\",\"@id\":\"https:\/\/riberasalud.com\/area-de-la-mujer\/#website\",\"url\":\"https:\/\/riberasalud.com\/area-de-la-mujer\/\",\"name\":\"\u00c1rea de la Mujer\",\"description\":\"\",\"publisher\":{\"@id\":\"https:\/\/riberasalud.com\/area-de-la-mujer\/#organization\"},\"potentialAction\":[{\"@type\":\"SearchAction\",\"target\":{\"@type\":\"EntryPoint\",\"urlTemplate\":\"https:\/\/riberasalud.com\/area-de-la-mujer\/?s={search_term_string}\"},\"query-input\":{\"@type\":\"PropertyValueSpecification\",\"valueRequired\":true,\"valueName\":\"search_term_string\"}}],\"inLanguage\":\"es\"},{\"@type\":\"Organization\",\"@id\":\"https:\/\/riberasalud.com\/area-de-la-mujer\/#organization\",\"name\":\"\u00c1rea de la Mujer\",\"url\":\"https:\/\/riberasalud.com\/area-de-la-mujer\/\",\"logo\":{\"@type\":\"ImageObject\",\"inLanguage\":\"es\",\"@id\":\"https:\/\/riberasalud.com\/area-de-la-mujer\/#\/schema\/logo\/image\/\",\"url\":\"https:\/\/riberasalud.com\/area-de-la-mujer\/wp-content\/uploads\/2024\/10\/Logo-Red-Polusa.png\",\"contentUrl\":\"https:\/\/riberasalud.com\/area-de-la-mujer\/wp-content\/uploads\/2024\/10\/Logo-Red-Polusa.png\",\"width\":1929,\"height\":489,\"caption\":\"\u00c1rea de la Mujer\"},\"image\":{\"@id\":\"https:\/\/riberasalud.com\/area-de-la-mujer\/#\/schema\/logo\/image\/\"}}]}<\/script>\n<!-- \/ Yoast SEO plugin. -->","yoast_head_json":{"title":"Aviso legal - \u00c1rea de la Mujer","description":"Se incorpor\u00f3 en 1998 al grupo Ribera como director gerente del Hospital de La Ribera de Alzira. actualmente es el Presidente de Ribera.","robots":{"index":"index","follow":"follow","max-snippet":"max-snippet:-1","max-image-preview":"max-image-preview:large","max-video-preview":"max-video-preview:-1"},"canonical":"https:\/\/riberasalud.com\/area-de-la-mujer\/aviso-legal\/","og_locale":"es_ES","og_type":"article","og_title":"Aviso legal - \u00c1rea de la Mujer","og_description":"Se incorpor\u00f3 en 1998 al grupo Ribera como director gerente del Hospital de La Ribera de Alzira. actualmente es el Presidente de Ribera.","og_url":"https:\/\/riberasalud.com\/area-de-la-mujer\/aviso-legal\/","og_site_name":"\u00c1rea de la Mujer","twitter_card":"summary_large_image","twitter_misc":{"Tiempo de lectura":"6 minutos"},"schema":{"@context":"https:\/\/schema.org","@graph":[{"@type":"WebPage","@id":"https:\/\/riberasalud.com\/area-de-la-mujer\/aviso-legal\/","url":"https:\/\/riberasalud.com\/area-de-la-mujer\/aviso-legal\/","name":"Aviso legal - \u00c1rea de la Mujer","isPartOf":{"@id":"https:\/\/riberasalud.com\/area-de-la-mujer\/#website"},"datePublished":"2024-10-30T07:58:22+00:00","description":"Se incorpor\u00f3 en 1998 al grupo Ribera como director gerente del Hospital de La Ribera de Alzira. actualmente es el Presidente de Ribera.","breadcrumb":{"@id":"https:\/\/riberasalud.com\/area-de-la-mujer\/aviso-legal\/#breadcrumb"},"inLanguage":"es","potentialAction":[{"@type":"ReadAction","target":["https:\/\/riberasalud.com\/area-de-la-mujer\/aviso-legal\/"]}]},{"@type":"BreadcrumbList","@id":"https:\/\/riberasalud.com\/area-de-la-mujer\/aviso-legal\/#breadcrumb","itemListElement":[{"@type":"ListItem","position":1,"name":"Portada","item":"https:\/\/riberasalud.com\/area-de-la-mujer\/"},{"@type":"ListItem","position":2,"name":"Aviso legal"}]},{"@type":"WebSite","@id":"https:\/\/riberasalud.com\/area-de-la-mujer\/#website","url":"https:\/\/riberasalud.com\/area-de-la-mujer\/","name":"\u00c1rea de la Mujer","description":"","publisher":{"@id":"https:\/\/riberasalud.com\/area-de-la-mujer\/#organization"},"potentialAction":[{"@type":"SearchAction","target":{"@type":"EntryPoint","urlTemplate":"https:\/\/riberasalud.com\/area-de-la-mujer\/?s={search_term_string}"},"query-input":{"@type":"PropertyValueSpecification","valueRequired":true,"valueName":"search_term_string"}}],"inLanguage":"es"},{"@type":"Organization","@id":"https:\/\/riberasalud.com\/area-de-la-mujer\/#organization","name":"\u00c1rea de la Mujer","url":"https:\/\/riberasalud.com\/area-de-la-mujer\/","logo":{"@type":"ImageObject","inLanguage":"es","@id":"https:\/\/riberasalud.com\/area-de-la-mujer\/#\/schema\/logo\/image\/","url":"https:\/\/riberasalud.com\/area-de-la-mujer\/wp-content\/uploads\/2024\/10\/Logo-Red-Polusa.png","contentUrl":"https:\/\/riberasalud.com\/area-de-la-mujer\/wp-content\/uploads\/2024\/10\/Logo-Red-Polusa.png","width":1929,"height":489,"caption":"\u00c1rea de la Mujer"},"image":{"@id":"https:\/\/riberasalud.com\/area-de-la-mujer\/#\/schema\/logo\/image\/"}}]}},"_links":{"self":[{"href":"https:\/\/riberasalud.com\/area-de-la-mujer\/wp-json\/wp\/v2\/pages\/10052","targetHints":{"allow":["GET"]}}],"collection":[{"href":"https:\/\/riberasalud.com\/area-de-la-mujer\/wp-json\/wp\/v2\/pages"}],"about":[{"href":"https:\/\/riberasalud.com\/area-de-la-mujer\/wp-json\/wp\/v2\/types\/page"}],"author":[{"embeddable":true,"href":"https:\/\/riberasalud.com\/area-de-la-mujer\/wp-json\/wp\/v2\/users\/1"}],"replies":[{"embeddable":true,"href":"https:\/\/riberasalud.com\/area-de-la-mujer\/wp-json\/wp\/v2\/comments?post=10052"}],"version-history":[{"count":1,"href":"https:\/\/riberasalud.com\/area-de-la-mujer\/wp-json\/wp\/v2\/pages\/10052\/revisions"}],"predecessor-version":[{"id":10054,"href":"https:\/\/riberasalud.com\/area-de-la-mujer\/wp-json\/wp\/v2\/pages\/10052\/revisions\/10054"}],"wp:attachment":[{"href":"https:\/\/riberasalud.com\/area-de-la-mujer\/wp-json\/wp\/v2\/media?parent=10052"}],"curies":[{"name":"wp","href":"https:\/\/api.w.org\/{rel}","templated":true}]}}