{"id":651,"date":"2022-01-11T14:15:31","date_gmt":"2022-01-11T14:15:31","guid":{"rendered":"https:\/\/riberasalud.com\/almendralejo\/?page_id=651"},"modified":"2022-01-11T14:36:24","modified_gmt":"2022-01-11T14:36:24","slug":"unidad-de-atencion-a-domicilio","status":"publish","type":"page","link":"https:\/\/riberasalud.com\/almendralejo\/unidad-de-atencion-a-domicilio\/","title":{"rendered":"Unidad de atenci\u00f3n a domicilio"},"content":{"rendered":"\n<div class=\"backgroundbanner wp-block-group\"><div class=\"wp-block-group__inner-container is-layout-flow wp-block-group-is-layout-flow\">\n<p class=\"has-text-align-center\" style=\"font-size:40px\"><span style=\"color: #4b4a4a;\" class=\"ugb-highlight\">Unidad de atenci\u00f3n a domicilio<\/span><\/p>\n<\/div><\/div>\n\n\n\n<div class=\"nomargin wp-block-group\"><div class=\"wp-block-group__inner-container is-layout-flow wp-block-group-is-layout-flow\">\n<p class=\"nomargin has-small-font-size\">En el Hospital Ribera Almendralejo cuidamos de lo que importa, por ello, con este servicio facilitamos los cuidados dom\u00e9sticos a aquellos que lo necesitan.<\/p>\n\n\n\n<p class=\"nomargin has-small-font-size\">Estos cuidados incluyen la atenci\u00f3n personal adem\u00e1s del apoyo psicol\u00f3gico y rehabilitador.<\/p>\n<\/div><\/div>\n\n\n\n<div class=\"nomargin wp-block-group has-white-color has-text-color has-background\" style=\"background-color:#d11728\"><div class=\"wp-block-group__inner-container is-layout-flow wp-block-group-is-layout-flow\">\n<p class=\"has-text-align-center nomargin\" style=\"font-size:20px\"><strong>\u201cMejorar la calidad de vida de los pacientes es nuestro objetivo\u201d<\/strong><\/p>\n<\/div><\/div>\n\n\n\n<div class=\"nomargin wp-block-group\"><div class=\"wp-block-group__inner-container is-layout-flow wp-block-group-is-layout-flow\">\n<p class=\"nomargin has-small-font-size\">El equipo de gesti\u00f3n de la unidad cuenta con el respaldo de m\u00e1s de 30 profesionales para facilitar el d\u00eda a d\u00eda de las personas dependientes.<\/p>\n\n\n\n<p class=\"nomargin has-small-font-size\">La ayuda con las tareas de higiene y aseo personal, vestir y desvestir al usuario, moverlo dentro o fuera del domicilio, ayudar en los cambios de postura de personas inmovilizadas o facilitar el acompa\u00f1amiento a las visitas m\u00e9dicas, entre otras muchas tareas, hacen de este servicio un apoyo para todas aquellas personas y familias que lo necesitan.<\/p>\n<\/div><\/div>\n\n\n<div id=\"gutenslider-cvttsn6my\" class=\"wp-block-eedee-block-gutenslider content-change alignnone arrow-style-1 arrow-position-sides arrow-mb-none dot-style-1 nomargin is-position-center-center\" style=\"--gutenslider-min-height: 216px;--gutenslider-arrow-size: 30px;--gutenslider-dot-size: 25px;--gutenslider-arrow-color: #ffffff;--gutenslider-dot-color: #ffffff;--gutenslider-padding-y-mobile: 40px;--gutenslider-padding-x-mobile: 40px;--gutenslider-padding-y-tablet: 40px;--gutenslider-padding-x-tablet: 40px;--gutenslider-padding-y-desktop: 40px;--gutenslider-padding-x-desktop: 40px;--gutenslider-bg-image: url();--gutenslider-min-height-md: 50vh;--gutenslider-min-height-sm: 50vh;--gutenslider-padding-x: 40px;--gutenslider-padding-x-md: 40px;--gutenslider-padding-x-sm: 20px;--gutenslider-padding-y: 40px;--gutenslider-padding-y-md: 40px;--gutenslider-padding-y-sm: 20px;--gutenslider-arrow-size-md: 30px;--gutenslider-arrow-size-sm: 30px;--gutenslider-dot-size-md: 25px;--gutenslider-dot-size-sm: 25px;--gutenslider-arrow-bg-color: transparent;--gutenslider-arrow-hover-color: #eeeeee;--gutenslider-arrow-bg-hover-color: transparent;--gutenslider-arrow-x-offset: 10px;--gutenslider-arrow-x-offset-md: 10px;--gutenslider-arrow-x-offset-sm: 10px;--gutenslider-arrow-y-offset: 0px;--gutenslider-arrow-y-offset-md: 0px;--gutenslider-arrow-y-offset-sm: 0px;--gutenslider-arrow-x-spacing: 0px;\" data-parallax-direction=\"down\" data-parallax-amount=\"1.3\"><div class=\"slick-slider\" data-slick='{\"lazyload\":\"ondemand\",\"infinite\":true,\"pauseOnFocus\":true,\"pauseOnHover\":true,\"dots\":true,\"arrows\":true,\"autoplaySpeed\":3000,\"speed\":700,\"autoplay\":true,\"fade\":true,\"pauseOnDotsHover\":true,\"slidesToShow\":1,\"slidesToScroll\":1,\"adaptiveHeight\":false,\"responsive\":[{\"breakpoint\":960,\"settings\":{\"arrows\":true,\"dots\":true,\"slidesToShow\":1,\"slidesToScroll\":1}},{\"breakpoint\":600,\"settings\":{\"arrows\":true,\"dots\":true,\"slidesToShow\":1,\"slidesToScroll\":1}}]}'>\n\n<div class=\"wp-block-eedee-block-gutenslide vertical-align-center\"><div id=\"gutenslide-ggal9r6qb\"><div class=\"eedee-background-div\"><img loading=\"lazy\" decoding=\"async\" width=\"1440\" height=\"351\" class=\"wp-image-655 swiper-zoom-target\" src=\"https:\/\/riberasalud.com\/almendralejo\/wp-content\/uploads\/2022\/01\/child-s-hand-over-old-man-s-hand-holding-cane.jpg\" alt=\"\" style=\"object-fit:cover;object-position:50% 50%\" srcset=\"https:\/\/riberasalud.com\/almendralejo\/wp-content\/uploads\/2022\/01\/child-s-hand-over-old-man-s-hand-holding-cane.jpg 1440w, https:\/\/riberasalud.com\/almendralejo\/wp-content\/uploads\/2022\/01\/child-s-hand-over-old-man-s-hand-holding-cane-300x73.jpg 300w, https:\/\/riberasalud.com\/almendralejo\/wp-content\/uploads\/2022\/01\/child-s-hand-over-old-man-s-hand-holding-cane-1024x250.jpg 1024w, https:\/\/riberasalud.com\/almendralejo\/wp-content\/uploads\/2022\/01\/child-s-hand-over-old-man-s-hand-holding-cane-768x187.jpg 768w\" sizes=\"auto, (max-width: 1440px) 100vw, 1440px\" \/><div class=\"eedee-background-div__overlay\" style=\"opacity:1\"><\/div><\/div><div class=\"slide-content\">\n<p class=\"has-text-align-center gutenslider-content-initial has-larger-font-size\"><\/p>\n<\/div><\/div><\/div>\n\n<\/div><button class=\"slick-arrow slick-prev eedee-gutenslider-nav eedee-gutenslider-prev\"><svg xmlns=\"http:\/\/www.w3.org\/2000\/svg\" viewBox=\"0 0 24 24\" width=\"24\" height=\"24\"><circle class=\"bg\" cx=\"13\" cy=\"12\" r=\"11\" \/><path fill=\"none\" d=\"M0 0h24v24H0z\"\/><path class=\"arrow\" d=\"M10.828 12l4.95 4.95-1.414 1.414L8 12l6.364-6.364 1.414 1.414z\"\/><\/svg><\/button><button class=\"slick-arrow slick-next eedee-gutenslider-nav eedee-gutenslider-next\"><svg xmlns=\"http:\/\/www.w3.org\/2000\/svg\" viewBox=\"0 0 24 24\" width=\"24\" height=\"24\"><circle class=\"bg\" cx=\"11\" cy=\"12\" r=\"11\" \/><path fill=\"none\" d=\"M0 0h24v24H0z\"\/><path class=\"arrow\" d=\"M13.172 12l-4.95-4.95 1.414-1.414L16 12l-6.364 6.364-1.414-1.414z\"\/><\/svg><\/button><\/div>\n\n\n<div class=\"nomargin wp-block-group\"><div class=\"wp-block-group__inner-container is-layout-flow wp-block-group-is-layout-flow\">\n<p class=\"nomargin has-small-font-size\">Nuestra trabajadora social y coordinadora de la unidad, Patricia, no lo podr\u00eda expresar mejor:<\/p>\n\n\n\n<p class=\"nomargin has-small-font-size\">\u201cNuestro objetivo es mejorar su calidad de vida, promocionar su autonom\u00eda y evitar situaciones de riesgo. Un recurso que sirve de alivio y descarga familiar\u201d<\/p>\n<\/div><\/div>\n\n\n\n<div class=\"nomargin wp-block-group has-white-color has-text-color has-background\" style=\"background-color:#d11728\"><div class=\"wp-block-group__inner-container is-layout-flow wp-block-group-is-layout-flow\">\n<p class=\"has-text-align-center nomargin\" style=\"font-size:20px\">Ll\u00e1manos al <strong>924 670 <\/strong>017 y cu\u00e9ntanos tu historia.<br>Si lo prefieres, d\u00e9janos tus datos y nuestra trabajadora social te contactar\u00e1 <a href=\"https:\/\/riberasalud.com\/almendralejo\/contacto\/\"><span style=\"color: #c7c7c7;\" class=\"ugb-highlight\">Pincha aqu\u00ed<\/span><\/a>.<\/p>\n<\/div><\/div>\n","protected":false},"excerpt":{"rendered":"<p>Unidad de atenci\u00f3n a domicilio En el Hospital Ribera Almendralejo cuidamos de lo que importa, por ello, con este servicio facilitamos los cuidados dom\u00e9sticos a aquellos que lo necesitan. Estos cuidados incluyen la atenci\u00f3n personal adem\u00e1s del apoyo psicol\u00f3gico y rehabilitador. \u201cMejorar la calidad de vida de los pacientes es nuestro objetivo\u201d El equipo de &#8230; <a title=\"Unidad de atenci\u00f3n a domicilio\" class=\"read-more\" href=\"https:\/\/riberasalud.com\/almendralejo\/unidad-de-atencion-a-domicilio\/\" aria-label=\"Leer m\u00e1s sobre Unidad de atenci\u00f3n a domicilio\">Leer m\u00e1s<\/a><\/p>\n","protected":false},"author":1,"featured_media":0,"parent":0,"menu_order":0,"comment_status":"closed","ping_status":"closed","template":"","meta":{"_coblocks_attr":"","_coblocks_dimensions":"","_coblocks_responsive_height":"","_coblocks_accordion_ie_support":"","_uag_custom_page_level_css":"","advgb_blocks_editor_width":"","advgb_blocks_columns_visual_guide":"","footnotes":""},"class_list":["post-651","page","type-page","status-publish"],"featured_image_urls_v2":{"full":"","thumbnail":"","medium":"","medium_large":"","large":"","xl":"","xxl":"","xxxl":"","xxxxl":"","xxxxxl":"","1536x1536":"","2048x2048":""},"post_excerpt_stackable_v2":"<p>Unidad de atenci\u00f3n a domicilio En el Hospital Ribera Almendralejo cuidamos de lo que importa, por ello, con este servicio facilitamos los cuidados dom\u00e9sticos a aquellos que lo necesitan. Estos cuidados incluyen la atenci\u00f3n personal adem\u00e1s del apoyo psicol\u00f3gico y rehabilitador. \u201cMejorar la calidad de vida de los pacientes es nuestro objetivo\u201d El equipo de gesti\u00f3n de la unidad cuenta con el respaldo de m\u00e1s de 30 profesionales para facilitar el d\u00eda a d\u00eda de las personas dependientes. La ayuda con las tareas de higiene y aseo personal, vestir y desvestir al usuario, moverlo dentro o fuera del domicilio, ayudar&hellip;<\/p>\n","category_list_v2":"","author_info_v2":{"name":"jorge@quois.com","url":"https:\/\/riberasalud.com\/almendralejo\/author\/jorgequois-com\/"},"comments_num_v2":"0 comentarios","yoast_head":"<!-- This site is optimized with the Yoast SEO plugin v26.6 - https:\/\/yoast.com\/wordpress\/plugins\/seo\/ -->\n<title>\u25b7 Unidad de atenci\u00f3n a domicilio | Hospital Ribera Almendralejo<\/title>\n<meta name=\"description\" content=\"lll\u1405 Unidad de atenci\u00f3n a domicilio En el Hospital Ribera Almendralejo cuidamos de lo que importa, por ello, con este servicio facilitamos los cuidados \u2705\" \/>\n<meta name=\"robots\" content=\"index, follow, max-snippet:-1, max-image-preview:large, max-video-preview:-1\" \/>\n<link rel=\"canonical\" href=\"https:\/\/riberasalud.com\/almendralejo\/unidad-de-atencion-a-domicilio\/\" \/>\n<meta property=\"og:locale\" content=\"es_ES\" \/>\n<meta property=\"og:type\" content=\"article\" \/>\n<meta property=\"og:title\" content=\"\u25b7 Unidad de atenci\u00f3n a domicilio | Hospital Ribera Almendralejo\" \/>\n<meta property=\"og:description\" content=\"lll\u1405 Unidad de atenci\u00f3n a domicilio En el Hospital Ribera Almendralejo cuidamos de lo que importa, por ello, con este servicio facilitamos los cuidados \u2705\" \/>\n<meta property=\"og:url\" content=\"https:\/\/riberasalud.com\/almendralejo\/unidad-de-atencion-a-domicilio\/\" \/>\n<meta property=\"og:site_name\" content=\"Hospital Ribera Almendralejo\" \/>\n<meta property=\"article:modified_time\" content=\"2022-01-11T14:36:24+00:00\" \/>\n<meta property=\"og:image\" content=\"https:\/\/riberasalud.com\/almendralejo\/wp-content\/uploads\/2022\/01\/child-s-hand-over-old-man-s-hand-holding-cane.jpg\" \/>\n<meta name=\"twitter:card\" content=\"summary_large_image\" \/>\n<meta name=\"twitter:label1\" content=\"Tiempo de lectura\" \/>\n\t<meta name=\"twitter:data1\" content=\"2 minutos\" \/>\n<script type=\"application\/ld+json\" class=\"yoast-schema-graph\">{\"@context\":\"https:\/\/schema.org\",\"@graph\":[{\"@type\":\"WebPage\",\"@id\":\"https:\/\/riberasalud.com\/almendralejo\/unidad-de-atencion-a-domicilio\/\",\"url\":\"https:\/\/riberasalud.com\/almendralejo\/unidad-de-atencion-a-domicilio\/\",\"name\":\"\u25b7 Unidad de atenci\u00f3n a domicilio | Hospital Ribera Almendralejo\",\"isPartOf\":{\"@id\":\"https:\/\/riberasalud.com\/almendralejo\/#website\"},\"primaryImageOfPage\":{\"@id\":\"https:\/\/riberasalud.com\/almendralejo\/unidad-de-atencion-a-domicilio\/#primaryimage\"},\"image\":{\"@id\":\"https:\/\/riberasalud.com\/almendralejo\/unidad-de-atencion-a-domicilio\/#primaryimage\"},\"thumbnailUrl\":\"https:\/\/riberasalud.com\/almendralejo\/wp-content\/uploads\/2022\/01\/child-s-hand-over-old-man-s-hand-holding-cane.jpg\",\"datePublished\":\"2022-01-11T14:15:31+00:00\",\"dateModified\":\"2022-01-11T14:36:24+00:00\",\"description\":\"lll\u1405 Unidad de atenci\u00f3n a domicilio En el Hospital Ribera Almendralejo cuidamos de lo que importa, por ello, con este servicio facilitamos los cuidados \u2705\",\"breadcrumb\":{\"@id\":\"https:\/\/riberasalud.com\/almendralejo\/unidad-de-atencion-a-domicilio\/#breadcrumb\"},\"inLanguage\":\"es\",\"potentialAction\":[{\"@type\":\"ReadAction\",\"target\":[\"https:\/\/riberasalud.com\/almendralejo\/unidad-de-atencion-a-domicilio\/\"]}]},{\"@type\":\"ImageObject\",\"inLanguage\":\"es\",\"@id\":\"https:\/\/riberasalud.com\/almendralejo\/unidad-de-atencion-a-domicilio\/#primaryimage\",\"url\":\"https:\/\/riberasalud.com\/almendralejo\/wp-content\/uploads\/2022\/01\/child-s-hand-over-old-man-s-hand-holding-cane.jpg\",\"contentUrl\":\"https:\/\/riberasalud.com\/almendralejo\/wp-content\/uploads\/2022\/01\/child-s-hand-over-old-man-s-hand-holding-cane.jpg\",\"width\":1440,\"height\":351,\"caption\":\"child's hand over old man's hand holding a cane.\"},{\"@type\":\"BreadcrumbList\",\"@id\":\"https:\/\/riberasalud.com\/almendralejo\/unidad-de-atencion-a-domicilio\/#breadcrumb\",\"itemListElement\":[{\"@type\":\"ListItem\",\"position\":1,\"name\":\"Portada\",\"item\":\"https:\/\/riberasalud.com\/almendralejo\/\"},{\"@type\":\"ListItem\",\"position\":2,\"name\":\"Unidad de atenci\u00f3n a domicilio\"}]},{\"@type\":\"WebSite\",\"@id\":\"https:\/\/riberasalud.com\/almendralejo\/#website\",\"url\":\"https:\/\/riberasalud.com\/almendralejo\/\",\"name\":\"Hospital Ribera Almendralejo\",\"description\":\"\",\"publisher\":{\"@id\":\"https:\/\/riberasalud.com\/almendralejo\/#organization\"},\"potentialAction\":[{\"@type\":\"SearchAction\",\"target\":{\"@type\":\"EntryPoint\",\"urlTemplate\":\"https:\/\/riberasalud.com\/almendralejo\/?s={search_term_string}\"},\"query-input\":{\"@type\":\"PropertyValueSpecification\",\"valueRequired\":true,\"valueName\":\"search_term_string\"}}],\"inLanguage\":\"es\"},{\"@type\":\"Organization\",\"@id\":\"https:\/\/riberasalud.com\/almendralejo\/#organization\",\"name\":\"Hospital Ribera Almendralejo\",\"url\":\"https:\/\/riberasalud.com\/almendralejo\/\",\"logo\":{\"@type\":\"ImageObject\",\"inLanguage\":\"es\",\"@id\":\"https:\/\/riberasalud.com\/almendralejo\/#\/schema\/logo\/image\/\",\"url\":\"https:\/\/riberasalud.com\/almendralejo\/wp-content\/uploads\/2021\/04\/cropped-Logo-Red-Almendralejo.png\",\"contentUrl\":\"https:\/\/riberasalud.com\/almendralejo\/wp-content\/uploads\/2021\/04\/cropped-Logo-Red-Almendralejo.png\",\"width\":2243,\"height\":499,\"caption\":\"Hospital Ribera Almendralejo\"},\"image\":{\"@id\":\"https:\/\/riberasalud.com\/almendralejo\/#\/schema\/logo\/image\/\"}}]}<\/script>\n<!-- \/ Yoast SEO plugin. -->","yoast_head_json":{"title":"\u25b7 Unidad de atenci\u00f3n a domicilio | Hospital Ribera Almendralejo","description":"lll\u1405 Unidad de atenci\u00f3n a domicilio En el Hospital Ribera Almendralejo cuidamos de lo que importa, por ello, con este servicio facilitamos los cuidados \u2705","robots":{"index":"index","follow":"follow","max-snippet":"max-snippet:-1","max-image-preview":"max-image-preview:large","max-video-preview":"max-video-preview:-1"},"canonical":"https:\/\/riberasalud.com\/almendralejo\/unidad-de-atencion-a-domicilio\/","og_locale":"es_ES","og_type":"article","og_title":"\u25b7 Unidad de atenci\u00f3n a domicilio | Hospital Ribera Almendralejo","og_description":"lll\u1405 Unidad de atenci\u00f3n a domicilio En el Hospital Ribera Almendralejo cuidamos de lo que importa, por ello, con este servicio facilitamos los cuidados \u2705","og_url":"https:\/\/riberasalud.com\/almendralejo\/unidad-de-atencion-a-domicilio\/","og_site_name":"Hospital Ribera Almendralejo","article_modified_time":"2022-01-11T14:36:24+00:00","og_image":[{"url":"https:\/\/riberasalud.com\/almendralejo\/wp-content\/uploads\/2022\/01\/child-s-hand-over-old-man-s-hand-holding-cane.jpg","type":"","width":"","height":""}],"twitter_card":"summary_large_image","twitter_misc":{"Tiempo de lectura":"2 minutos"},"schema":{"@context":"https:\/\/schema.org","@graph":[{"@type":"WebPage","@id":"https:\/\/riberasalud.com\/almendralejo\/unidad-de-atencion-a-domicilio\/","url":"https:\/\/riberasalud.com\/almendralejo\/unidad-de-atencion-a-domicilio\/","name":"\u25b7 Unidad de atenci\u00f3n a domicilio | Hospital Ribera Almendralejo","isPartOf":{"@id":"https:\/\/riberasalud.com\/almendralejo\/#website"},"primaryImageOfPage":{"@id":"https:\/\/riberasalud.com\/almendralejo\/unidad-de-atencion-a-domicilio\/#primaryimage"},"image":{"@id":"https:\/\/riberasalud.com\/almendralejo\/unidad-de-atencion-a-domicilio\/#primaryimage"},"thumbnailUrl":"https:\/\/riberasalud.com\/almendralejo\/wp-content\/uploads\/2022\/01\/child-s-hand-over-old-man-s-hand-holding-cane.jpg","datePublished":"2022-01-11T14:15:31+00:00","dateModified":"2022-01-11T14:36:24+00:00","description":"lll\u1405 Unidad de atenci\u00f3n a domicilio En el Hospital Ribera Almendralejo cuidamos de lo que importa, por ello, con este servicio facilitamos los cuidados \u2705","breadcrumb":{"@id":"https:\/\/riberasalud.com\/almendralejo\/unidad-de-atencion-a-domicilio\/#breadcrumb"},"inLanguage":"es","potentialAction":[{"@type":"ReadAction","target":["https:\/\/riberasalud.com\/almendralejo\/unidad-de-atencion-a-domicilio\/"]}]},{"@type":"ImageObject","inLanguage":"es","@id":"https:\/\/riberasalud.com\/almendralejo\/unidad-de-atencion-a-domicilio\/#primaryimage","url":"https:\/\/riberasalud.com\/almendralejo\/wp-content\/uploads\/2022\/01\/child-s-hand-over-old-man-s-hand-holding-cane.jpg","contentUrl":"https:\/\/riberasalud.com\/almendralejo\/wp-content\/uploads\/2022\/01\/child-s-hand-over-old-man-s-hand-holding-cane.jpg","width":1440,"height":351,"caption":"child's hand over old man's hand holding a cane."},{"@type":"BreadcrumbList","@id":"https:\/\/riberasalud.com\/almendralejo\/unidad-de-atencion-a-domicilio\/#breadcrumb","itemListElement":[{"@type":"ListItem","position":1,"name":"Portada","item":"https:\/\/riberasalud.com\/almendralejo\/"},{"@type":"ListItem","position":2,"name":"Unidad de atenci\u00f3n a domicilio"}]},{"@type":"WebSite","@id":"https:\/\/riberasalud.com\/almendralejo\/#website","url":"https:\/\/riberasalud.com\/almendralejo\/","name":"Hospital Ribera Almendralejo","description":"","publisher":{"@id":"https:\/\/riberasalud.com\/almendralejo\/#organization"},"potentialAction":[{"@type":"SearchAction","target":{"@type":"EntryPoint","urlTemplate":"https:\/\/riberasalud.com\/almendralejo\/?s={search_term_string}"},"query-input":{"@type":"PropertyValueSpecification","valueRequired":true,"valueName":"search_term_string"}}],"inLanguage":"es"},{"@type":"Organization","@id":"https:\/\/riberasalud.com\/almendralejo\/#organization","name":"Hospital Ribera Almendralejo","url":"https:\/\/riberasalud.com\/almendralejo\/","logo":{"@type":"ImageObject","inLanguage":"es","@id":"https:\/\/riberasalud.com\/almendralejo\/#\/schema\/logo\/image\/","url":"https:\/\/riberasalud.com\/almendralejo\/wp-content\/uploads\/2021\/04\/cropped-Logo-Red-Almendralejo.png","contentUrl":"https:\/\/riberasalud.com\/almendralejo\/wp-content\/uploads\/2021\/04\/cropped-Logo-Red-Almendralejo.png","width":2243,"height":499,"caption":"Hospital Ribera Almendralejo"},"image":{"@id":"https:\/\/riberasalud.com\/almendralejo\/#\/schema\/logo\/image\/"}}]}},"pbg_featured_image_src":{"full":false,"thumbnail":false,"medium":false,"medium_large":false,"large":false,"xl":false,"xxl":false,"xxxl":false,"xxxxl":false,"xxxxxl":false,"1536x1536":false,"2048x2048":false},"pbg_author_info":{"display_name":"jorge@quois.com","author_link":"https:\/\/riberasalud.com\/almendralejo\/author\/jorgequois-com\/","author_img":"<img alt='jorge@quois.com' src='https:\/\/secure.gravatar.com\/avatar\/bca8cccf11ce6757dcdec6ce293d120c16d33c83aeb423357cce3f49f3abae94?s=128&#038;d=mm&#038;r=g' srcset='https:\/\/secure.gravatar.com\/avatar\/bca8cccf11ce6757dcdec6ce293d120c16d33c83aeb423357cce3f49f3abae94?s=256&#038;d=mm&#038;r=g 2x' class='avatar avatar-128 photo' height='128' width='128' loading='lazy' decoding='async'\/>"},"pbg_comment_info":" No Comments","pbg_excerpt":"Unidad de atenci\u00f3n a domicilio En el Hospital Ribera Almendralejo cuidamos de lo que importa, por ello, con este servicio facilitamos los cuidados dom\u00e9sticos a aquellos que lo necesitan. Estos cuidados incluyen la atenci\u00f3n personal adem\u00e1s del apoyo psicol\u00f3gico y rehabilitador. \u201cMejorar la calidad de vida de los pacientes es nuestro objetivo\u201d El equipo de&hellip;","uagb_featured_image_src":{"full":false,"thumbnail":false,"medium":false,"medium_large":false,"large":false,"xl":false,"xxl":false,"xxxl":false,"xxxxl":false,"xxxxxl":false,"1536x1536":false,"2048x2048":false},"uagb_author_info":{"display_name":"jorge@quois.com","author_link":"https:\/\/riberasalud.com\/almendralejo\/author\/jorgequois-com\/"},"uagb_comment_info":0,"uagb_excerpt":"Unidad de atenci\u00f3n a domicilio En el Hospital Ribera Almendralejo cuidamos de lo que importa, por ello, con este servicio facilitamos los cuidados dom\u00e9sticos a aquellos que lo necesitan. Estos cuidados incluyen la atenci\u00f3n personal adem\u00e1s del apoyo psicol\u00f3gico y rehabilitador. \u201cMejorar la calidad de vida de los pacientes es nuestro objetivo\u201d El equipo de&hellip;","coauthors":[],"author_meta":{"author_link":"https:\/\/riberasalud.com\/almendralejo\/author\/jorgequois-com\/","display_name":"jorge@quois.com"},"relative_dates":{"created":"Publicado 4 a\u00f1os hace","modified":"Actualizado 4 a\u00f1os hace"},"absolute_dates":{"created":"Publicado el 11 de enero de 2022","modified":"Actualizado el 11 de enero de 2022"},"absolute_dates_time":{"created":"Publicado el 11 de enero de 2022 14:15","modified":"Actualizado el 11 de enero de 2022 14:36"},"featured_img_caption":"","featured_img":false,"series_order":"","_links":{"self":[{"href":"https:\/\/riberasalud.com\/almendralejo\/wp-json\/wp\/v2\/pages\/651","targetHints":{"allow":["GET"]}}],"collection":[{"href":"https:\/\/riberasalud.com\/almendralejo\/wp-json\/wp\/v2\/pages"}],"about":[{"href":"https:\/\/riberasalud.com\/almendralejo\/wp-json\/wp\/v2\/types\/page"}],"author":[{"embeddable":true,"href":"https:\/\/riberasalud.com\/almendralejo\/wp-json\/wp\/v2\/users\/1"}],"replies":[{"embeddable":true,"href":"https:\/\/riberasalud.com\/almendralejo\/wp-json\/wp\/v2\/comments?post=651"}],"version-history":[{"count":9,"href":"https:\/\/riberasalud.com\/almendralejo\/wp-json\/wp\/v2\/pages\/651\/revisions"}],"predecessor-version":[{"id":669,"href":"https:\/\/riberasalud.com\/almendralejo\/wp-json\/wp\/v2\/pages\/651\/revisions\/669"}],"wp:attachment":[{"href":"https:\/\/riberasalud.com\/almendralejo\/wp-json\/wp\/v2\/media?parent=651"}],"curies":[{"name":"wp","href":"https:\/\/api.w.org\/{rel}","templated":true}]}}