{"id":352,"date":"2021-04-08T10:30:44","date_gmt":"2021-04-08T10:30:44","guid":{"rendered":"https:\/\/riberasalud.com\/hospitalalmendralejo\/?page_id=352"},"modified":"2021-10-26T10:12:02","modified_gmt":"2021-10-26T10:12:02","slug":"paciente","status":"publish","type":"page","link":"https:\/\/riberasalud.com\/almendralejo\/paciente\/","title":{"rendered":"Paciente"},"content":{"rendered":"\n<div class=\"backgroundbanner wp-block-group\"><div class=\"wp-block-group__inner-container is-layout-flow wp-block-group-is-layout-flow\">\n<p class=\"has-text-align-center\" style=\"font-size:40px\"><span style=\"color: #4b4a4a;\" class=\"ugb-highlight\">Paciente<\/span><\/p>\n<\/div><\/div>\n\n\n\n<div class=\"wp-block-group\"><div class=\"wp-block-group__inner-container is-layout-flow wp-block-group-is-layout-flow\">\n<p style=\"font-size:13px\"><span style=\"color: #706f6f;\" class=\"ugb-highlight\">Ser paciente de Hospital Almendralejo es muy sencillo. Para ser atendido por nuestros profesionales en este centro s\u00f3lo hace falta que el especialista del Servicio Extreme\u00f1o de Salud le derive a Hospital Almendralejo, en el marco de los programas de colaboraci\u00f3n firmados con la administraci\u00f3n.<br>Adem\u00e1s, nuestro hospital atiende a los pacientes de las aseguradoras con las que se han firmado los correspondientes acuerdos. Y por supuesto, en Hospital Almendralejo atendemos las necesidades de cualquier particular que quiera&nbsp;<strong>SER VISITADO POR LOS MEJORES ESPECIALISTAS<\/strong>.<\/span><\/p>\n\n\n\n<div class=\"wp-block-columns is-layout-flex wp-container-core-columns-is-layout-9d6595d7 wp-block-columns-is-layout-flex\">\n<div class=\"wp-block-column is-layout-flow wp-block-column-is-layout-flow\">\n<div class=\"wp-block-uagb-info-box pacienteblock uagb-infobox__outer-wrap uagb-block-e3e7232a\"><div class=\"uagb-infobox__content-wrap uagb-infobox uagb-infobox-has-image uagb-infobox-icon-above-title uagb-infobox-image-valign-top uagb-infobox-enable-border-radius \"><div class=\"uagb-ifb-left-right-wrap\"><div class=\"uagb-ifb-content\"><div class=\"uagb-ifb-image-icon-content uagb-ifb-imgicon-wrap\"><div class=\"uagb-ifb-image\"><div class=\"uagb-ifb-image-content\"><img decoding=\"async\" class=\"uagb-ifb-img-src\" src=\"https:\/\/riberasalud.com\/almendralejo\/wp-content\/uploads\/2021\/02\/Captura.png\" alt=\"\"\/><\/div><\/div><\/div><div class=\"uagb-ifb-title-wrap\"><h3 class=\"uagb-ifb-title\">Derivados del sistema p\u00fablico<\/h3><\/div><div class=\"uagb-ifb-text-wrap\"><\/div><\/div><\/div><\/div><\/div>\n<\/div>\n\n\n\n<div class=\"wp-block-column is-layout-flow wp-block-column-is-layout-flow\">\n<div class=\"wp-block-uagb-info-box pacienteblock uagb-infobox__outer-wrap uagb-block-9c1577d1\"><a href=\"https:\/\/riberasalud.com\/almendralejo\/aseguradoras\/\" class=\"uagb-infobox-link-wrap uagb-infbox__link-to-all\" target=\"_self\" aria-label=\"Infobox Link\" rel=\"noopener noreferrer\"><\/a><div class=\"uagb-infobox__content-wrap  uagb-infobox_cta-type-all uagb-infobox uagb-infobox-has-image uagb-infobox-icon-above-title uagb-infobox-image-valign-top uagb-infobox-enable-border-radius \"><div class=\"uagb-ifb-left-right-wrap\"><div class=\"uagb-ifb-content\"><div class=\"uagb-ifb-image-icon-content uagb-ifb-imgicon-wrap\"><div class=\"uagb-ifb-image\"><div class=\"uagb-ifb-image-content\"><img decoding=\"async\" class=\"uagb-ifb-img-src\" src=\"https:\/\/riberasalud.com\/almendralejo\/wp-content\/uploads\/2021\/02\/Captura.png\" alt=\"\"\/><\/div><\/div><\/div><div class=\"uagb-ifb-title-wrap\"><h3 class=\"uagb-ifb-title\"><a href=\"https:\/\/riberasalud.com\/almendralejo\/aseguradoras\/\" data-type=\"page\" data-id=\"342\">Aseguradoras<\/a><\/h3><\/div><div class=\"uagb-ifb-text-wrap\"><div class=\"uagb-ifb-cta uagb-infobox-cta-link-style\"><\/div><\/div><\/div><\/div><\/div><\/div>\n<\/div>\n\n\n\n<div class=\"wp-block-column is-layout-flow wp-block-column-is-layout-flow\">\n<div class=\"wp-block-uagb-info-box pacienteblock uagb-infobox__outer-wrap uagb-block-9ef428e3\"><div class=\"uagb-infobox__content-wrap uagb-infobox uagb-infobox-has-image uagb-infobox-icon-above-title uagb-infobox-image-valign-top uagb-infobox-enable-border-radius \"><div class=\"uagb-ifb-left-right-wrap\"><div class=\"uagb-ifb-content\"><div class=\"uagb-ifb-image-icon-content uagb-ifb-imgicon-wrap\"><div class=\"uagb-ifb-image\"><div class=\"uagb-ifb-image-content\"><img decoding=\"async\" class=\"uagb-ifb-img-src\" src=\"https:\/\/riberasalud.com\/almendralejo\/wp-content\/uploads\/2021\/02\/Captura.png\" alt=\"\"\/><\/div><\/div><\/div><div class=\"uagb-ifb-title-wrap\"><h3 class=\"uagb-ifb-title\">Particulares<\/h3><\/div><div class=\"uagb-ifb-text-wrap\"><\/div><\/div><\/div><\/div><\/div>\n<\/div>\n<\/div>\n\n\n\n<p class=\"has-text-align-center\" style=\"font-size:17px\"><span style=\"color: #d71128;\" class=\"ugb-highlight\"><strong>Ll\u00e1manos      <i class=\"fas fa-phone-alt\"><\/i> 924 154 376<\/strong><\/span><\/p>\n<\/div><\/div>\n\n\n\n<div class=\"wp-block-group\"><div class=\"wp-block-group__inner-container is-layout-flow wp-block-group-is-layout-flow\">\n<p style=\"font-size:31px\"><span style=\"color: #d71128;\" class=\"ugb-highlight\"><strong>Compa\u00f1\u00edas de asistencia sanitaria<\/strong><\/span><\/p>\n\n\n\n<div class=\"wp-block-columns is-layout-flex wp-container-core-columns-is-layout-9d6595d7 wp-block-columns-is-layout-flex\">\n<div class=\"wp-block-column is-layout-flow wp-block-column-is-layout-flow\">\n<figure class=\"wp-block-image size-large\"><img decoding=\"async\" src=\"https:\/\/riberasalud.com\/povisa\/wp-content\/uploads\/2021\/03\/logos_aseguradoras-35.jpg\" alt=\"\" class=\"wp-image-3518\"\/><\/figure>\n<\/div>\n\n\n\n<div class=\"wp-block-column is-layout-flow wp-block-column-is-layout-flow\">\n<figure class=\"wp-block-image size-large\"><img decoding=\"async\" src=\"https:\/\/riberasalud.com\/povisa\/wp-content\/uploads\/2021\/03\/logos_aseguradoras-40.jpg\" alt=\"\" class=\"wp-image-3522\"\/><\/figure>\n<\/div>\n\n\n\n<div class=\"wp-block-column is-layout-flow wp-block-column-is-layout-flow\">\n<figure class=\"wp-block-image size-large\"><img decoding=\"async\" src=\"https:\/\/riberasalud.com\/povisa\/wp-content\/uploads\/2021\/03\/logos_aseguradoras-42.jpg\" alt=\"\" class=\"wp-image-3524\"\/><\/figure>\n<\/div>\n\n\n\n<div class=\"wp-block-column is-layout-flow wp-block-column-is-layout-flow\">\n<figure class=\"wp-block-image size-large\"><img decoding=\"async\" src=\"https:\/\/riberasalud.com\/povisa\/wp-content\/uploads\/2021\/03\/logos_aseguradoras-45.jpg\" alt=\"\" class=\"wp-image-3527\"\/><\/figure>\n<\/div>\n\n\n\n<div class=\"wp-block-column is-layout-flow wp-block-column-is-layout-flow\">\n<figure class=\"wp-block-image size-large\"><img decoding=\"async\" src=\"https:\/\/riberasalud.com\/povisa\/wp-content\/uploads\/2021\/03\/logos_aseguradoras-38.jpg\" alt=\"\" class=\"wp-image-3521\"\/><\/figure>\n<\/div>\n\n\n\n<div class=\"wp-block-column is-layout-flow wp-block-column-is-layout-flow\">\n<figure class=\"wp-block-image size-large\"><img decoding=\"async\" src=\"https:\/\/riberasalud.com\/povisa\/wp-content\/uploads\/2021\/03\/logos_aseguradoras-54.jpg\" alt=\"\" class=\"wp-image-3535\"\/><\/figure>\n<\/div>\n<\/div>\n\n\n\n<div class=\"wp-block-columns is-layout-flex wp-container-core-columns-is-layout-9d6595d7 wp-block-columns-is-layout-flex\">\n<div class=\"wp-block-column is-layout-flow wp-block-column-is-layout-flow\">\n<figure class=\"wp-block-image size-large\"><img decoding=\"async\" src=\"https:\/\/riberasalud.com\/povisa\/wp-content\/uploads\/2021\/03\/logos_aseguradoras-55.jpg\" alt=\"\" class=\"wp-image-3536\"\/><\/figure>\n<\/div>\n\n\n\n<div class=\"wp-block-column is-layout-flow wp-block-column-is-layout-flow\">\n<figure class=\"wp-block-image size-large\"><img decoding=\"async\" src=\"https:\/\/riberasalud.com\/povisa\/wp-content\/uploads\/2021\/03\/logos_aseguradoras-43.jpg\" alt=\"\" class=\"wp-image-3525\"\/><\/figure>\n<\/div>\n\n\n\n<div class=\"wp-block-column is-layout-flow wp-block-column-is-layout-flow\">\n<figure class=\"wp-block-image size-large\"><img decoding=\"async\" src=\"https:\/\/riberasalud.com\/povisa\/wp-content\/uploads\/2021\/03\/logos_aseguradoras-41.jpg\" alt=\"\" class=\"wp-image-3523\"\/><\/figure>\n<\/div>\n\n\n\n<div class=\"wp-block-column is-layout-flow wp-block-column-is-layout-flow\">\n<figure class=\"wp-block-image size-large\"><img decoding=\"async\" src=\"https:\/\/riberasalud.com\/povisa\/wp-content\/uploads\/2021\/03\/logos_aseguradoras_color-48.jpg\" alt=\"\" class=\"wp-image-3583\"\/><\/figure>\n<\/div>\n\n\n\n<div class=\"wp-block-column is-layout-flow wp-block-column-is-layout-flow\">\n<figure class=\"wp-block-image size-large is-resized\"><img loading=\"lazy\" decoding=\"async\" src=\"https:\/\/riberasalud.com\/povisa\/wp-content\/uploads\/2021\/03\/logos_aseguradoras-51.jpg\" alt=\"\" class=\"wp-image-3532\" width=\"250\" height=\"201\"\/><\/figure>\n<\/div>\n\n\n\n<div class=\"wp-block-column is-layout-flow wp-block-column-is-layout-flow\">\n<figure class=\"wp-block-image size-large\"><img decoding=\"async\" src=\"https:\/\/riberasalud.com\/povisa\/wp-content\/uploads\/2021\/03\/logos_aseguradoras-64.jpg\" alt=\"\" class=\"wp-image-3544\"\/><\/figure>\n<\/div>\n<\/div>\n\n\n\n<div class=\"wp-block-columns is-layout-flex wp-container-core-columns-is-layout-9d6595d7 wp-block-columns-is-layout-flex\">\n<div class=\"wp-block-column is-layout-flow wp-block-column-is-layout-flow\"><\/div>\n\n\n\n<div class=\"wp-block-column is-layout-flow wp-block-column-is-layout-flow\"><\/div>\n\n\n\n<div class=\"wp-block-column is-layout-flow wp-block-column-is-layout-flow\"><\/div>\n\n\n\n<div class=\"wp-block-column is-layout-flow wp-block-column-is-layout-flow\"><\/div>\n\n\n\n<div class=\"wp-block-column is-layout-flow wp-block-column-is-layout-flow\"><\/div>\n\n\n\n<div class=\"wp-block-column is-layout-flow wp-block-column-is-layout-flow\"><\/div>\n<\/div>\n<\/div><\/div>\n","protected":false},"excerpt":{"rendered":"<p>Paciente Ser paciente de Hospital Almendralejo es muy sencillo. Para ser atendido por nuestros profesionales en este centro s\u00f3lo hace falta que el especialista del Servicio Extreme\u00f1o de Salud le derive a Hospital Almendralejo, en el marco de los programas de colaboraci\u00f3n firmados con la administraci\u00f3n.Adem\u00e1s, nuestro hospital atiende a los pacientes de las aseguradoras &#8230; <a title=\"Paciente\" class=\"read-more\" href=\"https:\/\/riberasalud.com\/almendralejo\/paciente\/\" aria-label=\"Leer m\u00e1s sobre Paciente\">Leer m\u00e1s<\/a><\/p>\n","protected":false},"author":1,"featured_media":0,"parent":0,"menu_order":0,"comment_status":"closed","ping_status":"closed","template":"","meta":{"_coblocks_attr":"","_coblocks_dimensions":"","_coblocks_responsive_height":"","_coblocks_accordion_ie_support":"","_uag_custom_page_level_css":"","advgb_blocks_editor_width":"","advgb_blocks_columns_visual_guide":"","footnotes":""},"class_list":["post-352","page","type-page","status-publish"],"featured_image_urls_v2":{"full":"","thumbnail":"","medium":"","medium_large":"","large":"","xl":"","xxl":"","xxxl":"","xxxxl":"","xxxxxl":"","1536x1536":"","2048x2048":""},"post_excerpt_stackable_v2":"<p>Paciente Ser paciente de Hospital Almendralejo es muy sencillo. Para ser atendido por nuestros profesionales en este centro s\u00f3lo hace falta que el especialista del Servicio Extreme\u00f1o de Salud le derive a Hospital Almendralejo, en el marco de los programas de colaboraci\u00f3n firmados con la administraci\u00f3n.Adem\u00e1s, nuestro hospital atiende a los pacientes de las aseguradoras con las que se han firmado los correspondientes acuerdos. Y por supuesto, en Hospital Almendralejo atendemos las necesidades de cualquier particular que quiera&nbsp;SER VISITADO POR LOS MEJORES ESPECIALISTAS. Derivados del sistema p\u00fablico Aseguradoras Particulares Ll\u00e1manos 924 154 376 Compa\u00f1\u00edas de asistencia sanitaria<\/p>\n","category_list_v2":"","author_info_v2":{"name":"jorge@quois.com","url":"https:\/\/riberasalud.com\/almendralejo\/author\/jorgequois-com\/"},"comments_num_v2":"0 comentarios","yoast_head":"<!-- This site is optimized with the Yoast SEO plugin v26.6 - https:\/\/yoast.com\/wordpress\/plugins\/seo\/ -->\n<title>\u25b7 Paciente | Hospital Ribera Almendralejo<\/title>\n<meta name=\"description\" content=\"lll\u1405 Paciente Ser paciente de Hospital Almendralejo es muy sencillo. Para ser atendido por nuestros profesionales en este centro s\u00f3lo hace falta que el \u2705\" \/>\n<meta name=\"robots\" content=\"index, follow, max-snippet:-1, max-image-preview:large, max-video-preview:-1\" \/>\n<link rel=\"canonical\" href=\"https:\/\/riberasalud.com\/almendralejo\/paciente\/\" \/>\n<meta property=\"og:locale\" content=\"es_ES\" \/>\n<meta property=\"og:type\" content=\"article\" \/>\n<meta property=\"og:title\" content=\"\u25b7 Paciente | Hospital Ribera Almendralejo\" \/>\n<meta property=\"og:description\" content=\"lll\u1405 Paciente Ser paciente de Hospital Almendralejo es muy sencillo. Para ser atendido por nuestros profesionales en este centro s\u00f3lo hace falta que el \u2705\" \/>\n<meta property=\"og:url\" content=\"https:\/\/riberasalud.com\/almendralejo\/paciente\/\" \/>\n<meta property=\"og:site_name\" content=\"Hospital Ribera Almendralejo\" \/>\n<meta property=\"article:modified_time\" content=\"2021-10-26T10:12:02+00:00\" \/>\n<meta property=\"og:image\" content=\"https:\/\/riberasalud.com\/almendralejo\/wp-content\/uploads\/2021\/02\/Captura.png\" \/>\n<meta name=\"twitter:card\" content=\"summary_large_image\" \/>\n<meta name=\"twitter:label1\" content=\"Tiempo de lectura\" \/>\n\t<meta name=\"twitter:data1\" content=\"4 minutos\" \/>\n<script type=\"application\/ld+json\" class=\"yoast-schema-graph\">{\"@context\":\"https:\/\/schema.org\",\"@graph\":[{\"@type\":\"WebPage\",\"@id\":\"https:\/\/riberasalud.com\/almendralejo\/paciente\/\",\"url\":\"https:\/\/riberasalud.com\/almendralejo\/paciente\/\",\"name\":\"\u25b7 Paciente | Hospital Ribera Almendralejo\",\"isPartOf\":{\"@id\":\"https:\/\/riberasalud.com\/almendralejo\/#website\"},\"primaryImageOfPage\":{\"@id\":\"https:\/\/riberasalud.com\/almendralejo\/paciente\/#primaryimage\"},\"image\":{\"@id\":\"https:\/\/riberasalud.com\/almendralejo\/paciente\/#primaryimage\"},\"thumbnailUrl\":\"https:\/\/riberasalud.com\/almendralejo\/wp-content\/uploads\/2021\/02\/Captura.png\",\"datePublished\":\"2021-04-08T10:30:44+00:00\",\"dateModified\":\"2021-10-26T10:12:02+00:00\",\"description\":\"lll\u1405 Paciente Ser paciente de Hospital Almendralejo es muy sencillo. Para ser atendido por nuestros profesionales en este centro s\u00f3lo hace falta que el \u2705\",\"breadcrumb\":{\"@id\":\"https:\/\/riberasalud.com\/almendralejo\/paciente\/#breadcrumb\"},\"inLanguage\":\"es\",\"potentialAction\":[{\"@type\":\"ReadAction\",\"target\":[\"https:\/\/riberasalud.com\/almendralejo\/paciente\/\"]}]},{\"@type\":\"ImageObject\",\"inLanguage\":\"es\",\"@id\":\"https:\/\/riberasalud.com\/almendralejo\/paciente\/#primaryimage\",\"url\":\"https:\/\/riberasalud.com\/almendralejo\/wp-content\/uploads\/2021\/02\/Captura.png\",\"contentUrl\":\"https:\/\/riberasalud.com\/almendralejo\/wp-content\/uploads\/2021\/02\/Captura.png\",\"width\":105,\"height\":74},{\"@type\":\"BreadcrumbList\",\"@id\":\"https:\/\/riberasalud.com\/almendralejo\/paciente\/#breadcrumb\",\"itemListElement\":[{\"@type\":\"ListItem\",\"position\":1,\"name\":\"Portada\",\"item\":\"https:\/\/riberasalud.com\/almendralejo\/\"},{\"@type\":\"ListItem\",\"position\":2,\"name\":\"Paciente\"}]},{\"@type\":\"WebSite\",\"@id\":\"https:\/\/riberasalud.com\/almendralejo\/#website\",\"url\":\"https:\/\/riberasalud.com\/almendralejo\/\",\"name\":\"Hospital Ribera Almendralejo\",\"description\":\"\",\"publisher\":{\"@id\":\"https:\/\/riberasalud.com\/almendralejo\/#organization\"},\"potentialAction\":[{\"@type\":\"SearchAction\",\"target\":{\"@type\":\"EntryPoint\",\"urlTemplate\":\"https:\/\/riberasalud.com\/almendralejo\/?s={search_term_string}\"},\"query-input\":{\"@type\":\"PropertyValueSpecification\",\"valueRequired\":true,\"valueName\":\"search_term_string\"}}],\"inLanguage\":\"es\"},{\"@type\":\"Organization\",\"@id\":\"https:\/\/riberasalud.com\/almendralejo\/#organization\",\"name\":\"Hospital Ribera Almendralejo\",\"url\":\"https:\/\/riberasalud.com\/almendralejo\/\",\"logo\":{\"@type\":\"ImageObject\",\"inLanguage\":\"es\",\"@id\":\"https:\/\/riberasalud.com\/almendralejo\/#\/schema\/logo\/image\/\",\"url\":\"https:\/\/riberasalud.com\/almendralejo\/wp-content\/uploads\/2021\/04\/cropped-Logo-Red-Almendralejo.png\",\"contentUrl\":\"https:\/\/riberasalud.com\/almendralejo\/wp-content\/uploads\/2021\/04\/cropped-Logo-Red-Almendralejo.png\",\"width\":2243,\"height\":499,\"caption\":\"Hospital Ribera Almendralejo\"},\"image\":{\"@id\":\"https:\/\/riberasalud.com\/almendralejo\/#\/schema\/logo\/image\/\"}}]}<\/script>\n<!-- \/ Yoast SEO plugin. -->","yoast_head_json":{"title":"\u25b7 Paciente | Hospital Ribera Almendralejo","description":"lll\u1405 Paciente Ser paciente de Hospital Almendralejo es muy sencillo. Para ser atendido por nuestros profesionales en este centro s\u00f3lo hace falta que el \u2705","robots":{"index":"index","follow":"follow","max-snippet":"max-snippet:-1","max-image-preview":"max-image-preview:large","max-video-preview":"max-video-preview:-1"},"canonical":"https:\/\/riberasalud.com\/almendralejo\/paciente\/","og_locale":"es_ES","og_type":"article","og_title":"\u25b7 Paciente | Hospital Ribera Almendralejo","og_description":"lll\u1405 Paciente Ser paciente de Hospital Almendralejo es muy sencillo. Para ser atendido por nuestros profesionales en este centro s\u00f3lo hace falta que el \u2705","og_url":"https:\/\/riberasalud.com\/almendralejo\/paciente\/","og_site_name":"Hospital Ribera Almendralejo","article_modified_time":"2021-10-26T10:12:02+00:00","og_image":[{"url":"https:\/\/riberasalud.com\/almendralejo\/wp-content\/uploads\/2021\/02\/Captura.png","type":"","width":"","height":""}],"twitter_card":"summary_large_image","twitter_misc":{"Tiempo de lectura":"4 minutos"},"schema":{"@context":"https:\/\/schema.org","@graph":[{"@type":"WebPage","@id":"https:\/\/riberasalud.com\/almendralejo\/paciente\/","url":"https:\/\/riberasalud.com\/almendralejo\/paciente\/","name":"\u25b7 Paciente | Hospital Ribera Almendralejo","isPartOf":{"@id":"https:\/\/riberasalud.com\/almendralejo\/#website"},"primaryImageOfPage":{"@id":"https:\/\/riberasalud.com\/almendralejo\/paciente\/#primaryimage"},"image":{"@id":"https:\/\/riberasalud.com\/almendralejo\/paciente\/#primaryimage"},"thumbnailUrl":"https:\/\/riberasalud.com\/almendralejo\/wp-content\/uploads\/2021\/02\/Captura.png","datePublished":"2021-04-08T10:30:44+00:00","dateModified":"2021-10-26T10:12:02+00:00","description":"lll\u1405 Paciente Ser paciente de Hospital Almendralejo es muy sencillo. Para ser atendido por nuestros profesionales en este centro s\u00f3lo hace falta que el \u2705","breadcrumb":{"@id":"https:\/\/riberasalud.com\/almendralejo\/paciente\/#breadcrumb"},"inLanguage":"es","potentialAction":[{"@type":"ReadAction","target":["https:\/\/riberasalud.com\/almendralejo\/paciente\/"]}]},{"@type":"ImageObject","inLanguage":"es","@id":"https:\/\/riberasalud.com\/almendralejo\/paciente\/#primaryimage","url":"https:\/\/riberasalud.com\/almendralejo\/wp-content\/uploads\/2021\/02\/Captura.png","contentUrl":"https:\/\/riberasalud.com\/almendralejo\/wp-content\/uploads\/2021\/02\/Captura.png","width":105,"height":74},{"@type":"BreadcrumbList","@id":"https:\/\/riberasalud.com\/almendralejo\/paciente\/#breadcrumb","itemListElement":[{"@type":"ListItem","position":1,"name":"Portada","item":"https:\/\/riberasalud.com\/almendralejo\/"},{"@type":"ListItem","position":2,"name":"Paciente"}]},{"@type":"WebSite","@id":"https:\/\/riberasalud.com\/almendralejo\/#website","url":"https:\/\/riberasalud.com\/almendralejo\/","name":"Hospital Ribera Almendralejo","description":"","publisher":{"@id":"https:\/\/riberasalud.com\/almendralejo\/#organization"},"potentialAction":[{"@type":"SearchAction","target":{"@type":"EntryPoint","urlTemplate":"https:\/\/riberasalud.com\/almendralejo\/?s={search_term_string}"},"query-input":{"@type":"PropertyValueSpecification","valueRequired":true,"valueName":"search_term_string"}}],"inLanguage":"es"},{"@type":"Organization","@id":"https:\/\/riberasalud.com\/almendralejo\/#organization","name":"Hospital Ribera Almendralejo","url":"https:\/\/riberasalud.com\/almendralejo\/","logo":{"@type":"ImageObject","inLanguage":"es","@id":"https:\/\/riberasalud.com\/almendralejo\/#\/schema\/logo\/image\/","url":"https:\/\/riberasalud.com\/almendralejo\/wp-content\/uploads\/2021\/04\/cropped-Logo-Red-Almendralejo.png","contentUrl":"https:\/\/riberasalud.com\/almendralejo\/wp-content\/uploads\/2021\/04\/cropped-Logo-Red-Almendralejo.png","width":2243,"height":499,"caption":"Hospital Ribera Almendralejo"},"image":{"@id":"https:\/\/riberasalud.com\/almendralejo\/#\/schema\/logo\/image\/"}}]}},"pbg_featured_image_src":{"full":false,"thumbnail":false,"medium":false,"medium_large":false,"large":false,"xl":false,"xxl":false,"xxxl":false,"xxxxl":false,"xxxxxl":false,"1536x1536":false,"2048x2048":false},"pbg_author_info":{"display_name":"jorge@quois.com","author_link":"https:\/\/riberasalud.com\/almendralejo\/author\/jorgequois-com\/","author_img":"<img alt='jorge@quois.com' src='https:\/\/secure.gravatar.com\/avatar\/bca8cccf11ce6757dcdec6ce293d120c16d33c83aeb423357cce3f49f3abae94?s=128&#038;d=mm&#038;r=g' srcset='https:\/\/secure.gravatar.com\/avatar\/bca8cccf11ce6757dcdec6ce293d120c16d33c83aeb423357cce3f49f3abae94?s=256&#038;d=mm&#038;r=g 2x' class='avatar avatar-128 photo' height='128' width='128' loading='lazy' decoding='async'\/>"},"pbg_comment_info":" No Comments","pbg_excerpt":"Paciente Ser paciente de Hospital Almendralejo es muy sencillo. Para ser atendido por nuestros profesionales en este centro s\u00f3lo hace falta que el especialista del Servicio Extreme\u00f1o de Salud le derive a Hospital Almendralejo, en el marco de los programas de colaboraci\u00f3n firmados con la administraci\u00f3n.Adem\u00e1s, nuestro hospital atiende a los pacientes de las aseguradoras&hellip;","uagb_featured_image_src":{"full":false,"thumbnail":false,"medium":false,"medium_large":false,"large":false,"xl":false,"xxl":false,"xxxl":false,"xxxxl":false,"xxxxxl":false,"1536x1536":false,"2048x2048":false},"uagb_author_info":{"display_name":"jorge@quois.com","author_link":"https:\/\/riberasalud.com\/almendralejo\/author\/jorgequois-com\/"},"uagb_comment_info":0,"uagb_excerpt":"Paciente Ser paciente de Hospital Almendralejo es muy sencillo. Para ser atendido por nuestros profesionales en este centro s\u00f3lo hace falta que el especialista del Servicio Extreme\u00f1o de Salud le derive a Hospital Almendralejo, en el marco de los programas de colaboraci\u00f3n firmados con la administraci\u00f3n.Adem\u00e1s, nuestro hospital atiende a los pacientes de las aseguradoras&hellip;","coauthors":[],"author_meta":{"author_link":"https:\/\/riberasalud.com\/almendralejo\/author\/jorgequois-com\/","display_name":"jorge@quois.com"},"relative_dates":{"created":"Publicado 5 a\u00f1os hace","modified":"Actualizado 4 a\u00f1os hace"},"absolute_dates":{"created":"Publicado el 8 de abril de 2021","modified":"Actualizado el 26 de octubre de 2021"},"absolute_dates_time":{"created":"Publicado el 8 de abril de 2021 10:30","modified":"Actualizado el 26 de octubre de 2021 10:12"},"featured_img_caption":"","featured_img":false,"series_order":"","_links":{"self":[{"href":"https:\/\/riberasalud.com\/almendralejo\/wp-json\/wp\/v2\/pages\/352","targetHints":{"allow":["GET"]}}],"collection":[{"href":"https:\/\/riberasalud.com\/almendralejo\/wp-json\/wp\/v2\/pages"}],"about":[{"href":"https:\/\/riberasalud.com\/almendralejo\/wp-json\/wp\/v2\/types\/page"}],"author":[{"embeddable":true,"href":"https:\/\/riberasalud.com\/almendralejo\/wp-json\/wp\/v2\/users\/1"}],"replies":[{"embeddable":true,"href":"https:\/\/riberasalud.com\/almendralejo\/wp-json\/wp\/v2\/comments?post=352"}],"version-history":[{"count":7,"href":"https:\/\/riberasalud.com\/almendralejo\/wp-json\/wp\/v2\/pages\/352\/revisions"}],"predecessor-version":[{"id":626,"href":"https:\/\/riberasalud.com\/almendralejo\/wp-json\/wp\/v2\/pages\/352\/revisions\/626"}],"wp:attachment":[{"href":"https:\/\/riberasalud.com\/almendralejo\/wp-json\/wp\/v2\/media?parent=352"}],"curies":[{"name":"wp","href":"https:\/\/api.w.org\/{rel}","templated":true}]}}