{"id":327,"date":"2021-04-08T09:30:21","date_gmt":"2021-04-08T09:30:21","guid":{"rendered":"https:\/\/riberasalud.com\/hospitalalmendralejo\/?page_id=327"},"modified":"2022-01-20T10:30:47","modified_gmt":"2022-01-20T10:30:47","slug":"servicios","status":"publish","type":"page","link":"https:\/\/riberasalud.com\/almendralejo\/servicios\/","title":{"rendered":"Servicios"},"content":{"rendered":"\n<div class=\"backgroundbanner wp-block-group\"><div class=\"wp-block-group__inner-container is-layout-flow wp-block-group-is-layout-flow\">\n<p class=\"has-text-align-center\" style=\"font-size:40px\"><span style=\"color: #4b4a4a;\" class=\"ugb-highlight\">Servicios<\/span><\/p>\n<\/div><\/div>\n\n\n\n<div class=\"wp-block-group\"><div class=\"wp-block-group__inner-container is-layout-flow wp-block-group-is-layout-flow\">\n<p style=\"font-size:18px\"><strong><span style=\"color: #d11728;\" class=\"ugb-highlight\">Hospital de media y larga estancia<\/span><\/strong><\/p>\n\n\n\n<p style=\"font-size:13px\">El Hospital Ribera Almendralejo cuenta con 40 camas para pacientes que requieren atenci\u00f3n sanitaria personalizada, durante un periodo de tiempo m\u00e1s largo del que suele ser habitual. En Ribera Almendralejo facilitamos que cada paciente consiga la m\u00e1xima recuperaci\u00f3n funcional y cognitiva, en funci\u00f3n de su patolog\u00eda y\/o estado de salud.&nbsp;El objetivo del grupo Ribera es desarrollar un modelo de atenci\u00f3n sanitaria integral, tanto f\u00edsica como psicol\u00f3gica, y personalizada, en funci\u00f3n de las necesidades, intereses y expectativas de cada paciente. Nuestros profesionales realizar\u00e1n al ingreso una valoraci\u00f3n integral de cada paciente, con la garant\u00eda del seguimiento de la situaci\u00f3n cl\u00ednica en el medio y largo plazo, una atenci\u00f3n psicol\u00f3gica y social, la realizaci\u00f3n de una planificaci\u00f3n estructurada de las intervenciones y la rehabilitaci\u00f3n, y un modelo de toma de decisiones compartidas, con informaci\u00f3n actualizada para las familias.<\/p>\n\n\n\n<p style=\"font-size:18px\"><strong><span style=\"color: #d11728;\" class=\"ugb-highlight\">Consultas externas<\/span><\/strong><\/p>\n\n\n\n<p style=\"font-size:13px\">El Hospital Ribera Almendralejo ampliar\u00e1 progresivamente la oferta asistencial para los ciudadanos de Almendralejo y su entorno. En la actualidad, el centro ha puesto en marcha las consultas de:<br><strong>Cirug\u00eda general y aparato digestivo<\/strong>. &nbsp;Dr. Fernando Boto<br><strong>Cardiolog\u00eda<\/strong>. Dr. Pablo Garc\u00eda<br><strong>Medicina de familia. <\/strong>Dra. Gracia Ayago<\/p>\n\n\n\n<p style=\"font-size:18px\"><strong><span style=\"color: #d11728;\" class=\"ugb-highlight\">Atenci\u00f3n comunitaria<\/span><\/strong><\/p>\n\n\n\n<p style=\"font-size:13px\"><strong>Atenci\u00f3n domiciliaria<\/strong>:\u00a0El hospital Ribera Almendralejo ofrece atenci\u00f3n domiciliaria (acompa\u00f1amiento e higiene personal y servicio de limpieza de hogar) a personas mayores y con diversidad funcional.<a href=\"https:\/\/riberasalud.com\/almendralejo\/unidad-de-atencion-a-domicilio\"> Conoce nuestro servicio<\/a><br><strong>Educaci\u00f3n para la salud:\u00a0<\/strong>Ponemos en marcha diferentes programas de educaci\u00f3n para la salud, orientados a los diferentes colectivos del municipio, asociaciones, entidades culturales y sociales, colegios y empresas.<\/p>\n<\/div><\/div>\n","protected":false},"excerpt":{"rendered":"<p>Servicios Hospital de media y larga estancia El Hospital Ribera Almendralejo cuenta con 40 camas para pacientes que requieren atenci\u00f3n sanitaria personalizada, durante un periodo de tiempo m\u00e1s largo del que suele ser habitual. En Ribera Almendralejo facilitamos que cada paciente consiga la m\u00e1xima recuperaci\u00f3n funcional y cognitiva, en funci\u00f3n de su patolog\u00eda y\/o estado &#8230; <a title=\"Servicios\" class=\"read-more\" href=\"https:\/\/riberasalud.com\/almendralejo\/servicios\/\" aria-label=\"Leer m\u00e1s sobre Servicios\">Leer m\u00e1s<\/a><\/p>\n","protected":false},"author":1,"featured_media":0,"parent":0,"menu_order":0,"comment_status":"closed","ping_status":"closed","template":"","meta":{"_coblocks_attr":"","_coblocks_dimensions":"","_coblocks_responsive_height":"","_coblocks_accordion_ie_support":"","_uag_custom_page_level_css":"","advgb_blocks_editor_width":"","advgb_blocks_columns_visual_guide":"","footnotes":""},"class_list":["post-327","page","type-page","status-publish"],"featured_image_urls_v2":{"full":"","thumbnail":"","medium":"","medium_large":"","large":"","xl":"","xxl":"","xxxl":"","xxxxl":"","xxxxxl":"","1536x1536":"","2048x2048":""},"post_excerpt_stackable_v2":"<p>Servicios Hospital de media y larga estancia El Hospital Ribera Almendralejo cuenta con 40 camas para pacientes que requieren atenci\u00f3n sanitaria personalizada, durante un periodo de tiempo m\u00e1s largo del que suele ser habitual. En Ribera Almendralejo facilitamos que cada paciente consiga la m\u00e1xima recuperaci\u00f3n funcional y cognitiva, en funci\u00f3n de su patolog\u00eda y\/o estado de salud.&nbsp;El objetivo del grupo Ribera es desarrollar un modelo de atenci\u00f3n sanitaria integral, tanto f\u00edsica como psicol\u00f3gica, y personalizada, en funci\u00f3n de las necesidades, intereses y expectativas de cada paciente. Nuestros profesionales realizar\u00e1n al ingreso una valoraci\u00f3n integral de cada paciente, con la garant\u00eda&hellip;<\/p>\n","category_list_v2":"","author_info_v2":{"name":"jorge@quois.com","url":"https:\/\/riberasalud.com\/almendralejo\/author\/jorgequois-com\/"},"comments_num_v2":"0 comentarios","yoast_head":"<!-- This site is optimized with the Yoast SEO plugin v26.6 - https:\/\/yoast.com\/wordpress\/plugins\/seo\/ -->\n<title>\u25b7 Servicios | Hospital Ribera Almendralejo<\/title>\n<meta name=\"description\" content=\"lll\u1405 Servicios Hospital de media y larga estancia El Hospital Ribera Almendralejo cuenta con 40 camas para pacientes que requieren atenci\u00f3n sanitaria \u2705\" \/>\n<meta name=\"robots\" content=\"index, follow, max-snippet:-1, max-image-preview:large, max-video-preview:-1\" \/>\n<link rel=\"canonical\" href=\"https:\/\/riberasalud.com\/almendralejo\/servicios\/\" \/>\n<meta property=\"og:locale\" content=\"es_ES\" \/>\n<meta property=\"og:type\" content=\"article\" \/>\n<meta property=\"og:title\" content=\"\u25b7 Servicios | Hospital Ribera Almendralejo\" \/>\n<meta property=\"og:description\" content=\"lll\u1405 Servicios Hospital de media y larga estancia El Hospital Ribera Almendralejo cuenta con 40 camas para pacientes que requieren atenci\u00f3n sanitaria \u2705\" \/>\n<meta property=\"og:url\" content=\"https:\/\/riberasalud.com\/almendralejo\/servicios\/\" \/>\n<meta property=\"og:site_name\" content=\"Hospital Ribera Almendralejo\" \/>\n<meta property=\"article:modified_time\" content=\"2022-01-20T10:30:47+00:00\" \/>\n<meta name=\"twitter:card\" content=\"summary_large_image\" \/>\n<meta name=\"twitter:label1\" content=\"Tiempo de lectura\" \/>\n\t<meta name=\"twitter:data1\" content=\"2 minutos\" \/>\n<script type=\"application\/ld+json\" class=\"yoast-schema-graph\">{\"@context\":\"https:\/\/schema.org\",\"@graph\":[{\"@type\":\"WebPage\",\"@id\":\"https:\/\/riberasalud.com\/almendralejo\/servicios\/\",\"url\":\"https:\/\/riberasalud.com\/almendralejo\/servicios\/\",\"name\":\"\u25b7 Servicios | Hospital Ribera Almendralejo\",\"isPartOf\":{\"@id\":\"https:\/\/riberasalud.com\/almendralejo\/#website\"},\"datePublished\":\"2021-04-08T09:30:21+00:00\",\"dateModified\":\"2022-01-20T10:30:47+00:00\",\"description\":\"lll\u1405 Servicios Hospital de media y larga estancia El Hospital Ribera Almendralejo cuenta con 40 camas para pacientes que requieren atenci\u00f3n sanitaria \u2705\",\"breadcrumb\":{\"@id\":\"https:\/\/riberasalud.com\/almendralejo\/servicios\/#breadcrumb\"},\"inLanguage\":\"es\",\"potentialAction\":[{\"@type\":\"ReadAction\",\"target\":[\"https:\/\/riberasalud.com\/almendralejo\/servicios\/\"]}]},{\"@type\":\"BreadcrumbList\",\"@id\":\"https:\/\/riberasalud.com\/almendralejo\/servicios\/#breadcrumb\",\"itemListElement\":[{\"@type\":\"ListItem\",\"position\":1,\"name\":\"Portada\",\"item\":\"https:\/\/riberasalud.com\/almendralejo\/\"},{\"@type\":\"ListItem\",\"position\":2,\"name\":\"Servicios\"}]},{\"@type\":\"WebSite\",\"@id\":\"https:\/\/riberasalud.com\/almendralejo\/#website\",\"url\":\"https:\/\/riberasalud.com\/almendralejo\/\",\"name\":\"Hospital Ribera Almendralejo\",\"description\":\"\",\"publisher\":{\"@id\":\"https:\/\/riberasalud.com\/almendralejo\/#organization\"},\"potentialAction\":[{\"@type\":\"SearchAction\",\"target\":{\"@type\":\"EntryPoint\",\"urlTemplate\":\"https:\/\/riberasalud.com\/almendralejo\/?s={search_term_string}\"},\"query-input\":{\"@type\":\"PropertyValueSpecification\",\"valueRequired\":true,\"valueName\":\"search_term_string\"}}],\"inLanguage\":\"es\"},{\"@type\":\"Organization\",\"@id\":\"https:\/\/riberasalud.com\/almendralejo\/#organization\",\"name\":\"Hospital Ribera Almendralejo\",\"url\":\"https:\/\/riberasalud.com\/almendralejo\/\",\"logo\":{\"@type\":\"ImageObject\",\"inLanguage\":\"es\",\"@id\":\"https:\/\/riberasalud.com\/almendralejo\/#\/schema\/logo\/image\/\",\"url\":\"https:\/\/riberasalud.com\/almendralejo\/wp-content\/uploads\/2021\/04\/cropped-Logo-Red-Almendralejo.png\",\"contentUrl\":\"https:\/\/riberasalud.com\/almendralejo\/wp-content\/uploads\/2021\/04\/cropped-Logo-Red-Almendralejo.png\",\"width\":2243,\"height\":499,\"caption\":\"Hospital Ribera Almendralejo\"},\"image\":{\"@id\":\"https:\/\/riberasalud.com\/almendralejo\/#\/schema\/logo\/image\/\"}}]}<\/script>\n<!-- \/ Yoast SEO plugin. -->","yoast_head_json":{"title":"\u25b7 Servicios | Hospital Ribera Almendralejo","description":"lll\u1405 Servicios Hospital de media y larga estancia El Hospital Ribera Almendralejo cuenta con 40 camas para pacientes que requieren atenci\u00f3n sanitaria \u2705","robots":{"index":"index","follow":"follow","max-snippet":"max-snippet:-1","max-image-preview":"max-image-preview:large","max-video-preview":"max-video-preview:-1"},"canonical":"https:\/\/riberasalud.com\/almendralejo\/servicios\/","og_locale":"es_ES","og_type":"article","og_title":"\u25b7 Servicios | Hospital Ribera Almendralejo","og_description":"lll\u1405 Servicios Hospital de media y larga estancia El Hospital Ribera Almendralejo cuenta con 40 camas para pacientes que requieren atenci\u00f3n sanitaria \u2705","og_url":"https:\/\/riberasalud.com\/almendralejo\/servicios\/","og_site_name":"Hospital Ribera Almendralejo","article_modified_time":"2022-01-20T10:30:47+00:00","twitter_card":"summary_large_image","twitter_misc":{"Tiempo de lectura":"2 minutos"},"schema":{"@context":"https:\/\/schema.org","@graph":[{"@type":"WebPage","@id":"https:\/\/riberasalud.com\/almendralejo\/servicios\/","url":"https:\/\/riberasalud.com\/almendralejo\/servicios\/","name":"\u25b7 Servicios | Hospital Ribera Almendralejo","isPartOf":{"@id":"https:\/\/riberasalud.com\/almendralejo\/#website"},"datePublished":"2021-04-08T09:30:21+00:00","dateModified":"2022-01-20T10:30:47+00:00","description":"lll\u1405 Servicios Hospital de media y larga estancia El Hospital Ribera Almendralejo cuenta con 40 camas para pacientes que requieren atenci\u00f3n sanitaria \u2705","breadcrumb":{"@id":"https:\/\/riberasalud.com\/almendralejo\/servicios\/#breadcrumb"},"inLanguage":"es","potentialAction":[{"@type":"ReadAction","target":["https:\/\/riberasalud.com\/almendralejo\/servicios\/"]}]},{"@type":"BreadcrumbList","@id":"https:\/\/riberasalud.com\/almendralejo\/servicios\/#breadcrumb","itemListElement":[{"@type":"ListItem","position":1,"name":"Portada","item":"https:\/\/riberasalud.com\/almendralejo\/"},{"@type":"ListItem","position":2,"name":"Servicios"}]},{"@type":"WebSite","@id":"https:\/\/riberasalud.com\/almendralejo\/#website","url":"https:\/\/riberasalud.com\/almendralejo\/","name":"Hospital Ribera Almendralejo","description":"","publisher":{"@id":"https:\/\/riberasalud.com\/almendralejo\/#organization"},"potentialAction":[{"@type":"SearchAction","target":{"@type":"EntryPoint","urlTemplate":"https:\/\/riberasalud.com\/almendralejo\/?s={search_term_string}"},"query-input":{"@type":"PropertyValueSpecification","valueRequired":true,"valueName":"search_term_string"}}],"inLanguage":"es"},{"@type":"Organization","@id":"https:\/\/riberasalud.com\/almendralejo\/#organization","name":"Hospital Ribera Almendralejo","url":"https:\/\/riberasalud.com\/almendralejo\/","logo":{"@type":"ImageObject","inLanguage":"es","@id":"https:\/\/riberasalud.com\/almendralejo\/#\/schema\/logo\/image\/","url":"https:\/\/riberasalud.com\/almendralejo\/wp-content\/uploads\/2021\/04\/cropped-Logo-Red-Almendralejo.png","contentUrl":"https:\/\/riberasalud.com\/almendralejo\/wp-content\/uploads\/2021\/04\/cropped-Logo-Red-Almendralejo.png","width":2243,"height":499,"caption":"Hospital Ribera Almendralejo"},"image":{"@id":"https:\/\/riberasalud.com\/almendralejo\/#\/schema\/logo\/image\/"}}]}},"pbg_featured_image_src":{"full":false,"thumbnail":false,"medium":false,"medium_large":false,"large":false,"xl":false,"xxl":false,"xxxl":false,"xxxxl":false,"xxxxxl":false,"1536x1536":false,"2048x2048":false},"pbg_author_info":{"display_name":"jorge@quois.com","author_link":"https:\/\/riberasalud.com\/almendralejo\/author\/jorgequois-com\/","author_img":"<img alt='jorge@quois.com' src='https:\/\/secure.gravatar.com\/avatar\/bca8cccf11ce6757dcdec6ce293d120c16d33c83aeb423357cce3f49f3abae94?s=128&#038;d=mm&#038;r=g' srcset='https:\/\/secure.gravatar.com\/avatar\/bca8cccf11ce6757dcdec6ce293d120c16d33c83aeb423357cce3f49f3abae94?s=256&#038;d=mm&#038;r=g 2x' class='avatar avatar-128 photo' height='128' width='128' loading='lazy' decoding='async'\/>"},"pbg_comment_info":" No Comments","pbg_excerpt":"Servicios Hospital de media y larga estancia El Hospital Ribera Almendralejo cuenta con 40 camas para pacientes que requieren atenci\u00f3n sanitaria personalizada, durante un periodo de tiempo m\u00e1s largo del que suele ser habitual. En Ribera Almendralejo facilitamos que cada paciente consiga la m\u00e1xima recuperaci\u00f3n funcional y cognitiva, en funci\u00f3n de su patolog\u00eda y\/o estado&hellip;","uagb_featured_image_src":{"full":false,"thumbnail":false,"medium":false,"medium_large":false,"large":false,"xl":false,"xxl":false,"xxxl":false,"xxxxl":false,"xxxxxl":false,"1536x1536":false,"2048x2048":false},"uagb_author_info":{"display_name":"jorge@quois.com","author_link":"https:\/\/riberasalud.com\/almendralejo\/author\/jorgequois-com\/"},"uagb_comment_info":0,"uagb_excerpt":"Servicios Hospital de media y larga estancia El Hospital Ribera Almendralejo cuenta con 40 camas para pacientes que requieren atenci\u00f3n sanitaria personalizada, durante un periodo de tiempo m\u00e1s largo del que suele ser habitual. En Ribera Almendralejo facilitamos que cada paciente consiga la m\u00e1xima recuperaci\u00f3n funcional y cognitiva, en funci\u00f3n de su patolog\u00eda y\/o estado&hellip;","coauthors":[],"author_meta":{"author_link":"https:\/\/riberasalud.com\/almendralejo\/author\/jorgequois-com\/","display_name":"jorge@quois.com"},"relative_dates":{"created":"Publicado 5 a\u00f1os hace","modified":"Actualizado 4 a\u00f1os hace"},"absolute_dates":{"created":"Publicado el 8 de abril de 2021","modified":"Actualizado el 20 de enero de 2022"},"absolute_dates_time":{"created":"Publicado el 8 de abril de 2021 09:30","modified":"Actualizado el 20 de enero de 2022 10:30"},"featured_img_caption":"","featured_img":false,"series_order":"","_links":{"self":[{"href":"https:\/\/riberasalud.com\/almendralejo\/wp-json\/wp\/v2\/pages\/327","targetHints":{"allow":["GET"]}}],"collection":[{"href":"https:\/\/riberasalud.com\/almendralejo\/wp-json\/wp\/v2\/pages"}],"about":[{"href":"https:\/\/riberasalud.com\/almendralejo\/wp-json\/wp\/v2\/types\/page"}],"author":[{"embeddable":true,"href":"https:\/\/riberasalud.com\/almendralejo\/wp-json\/wp\/v2\/users\/1"}],"replies":[{"embeddable":true,"href":"https:\/\/riberasalud.com\/almendralejo\/wp-json\/wp\/v2\/comments?post=327"}],"version-history":[{"count":12,"href":"https:\/\/riberasalud.com\/almendralejo\/wp-json\/wp\/v2\/pages\/327\/revisions"}],"predecessor-version":[{"id":673,"href":"https:\/\/riberasalud.com\/almendralejo\/wp-json\/wp\/v2\/pages\/327\/revisions\/673"}],"wp:attachment":[{"href":"https:\/\/riberasalud.com\/almendralejo\/wp-json\/wp\/v2\/media?parent=327"}],"curies":[{"name":"wp","href":"https:\/\/api.w.org\/{rel}","templated":true}]}}